{"id":454,"date":"2022-06-03T12:20:17","date_gmt":"2022-06-03T10:20:17","guid":{"rendered":"http:\/\/planb.bbk-cloud.de\/?page_id=454"},"modified":"2023-10-20T15:30:16","modified_gmt":"2023-10-20T13:30:16","slug":"impressum","status":"publish","type":"page","link":"https:\/\/bsm-schweisserausbildung.de\/uk\/impressum\/","title":{"rendered":"\u0412\u0456\u0434\u0431\u0438\u0442\u043e\u043a"},"content":{"rendered":"<div data-elementor-type=\"wp-page\" data-elementor-id=\"454\" class=\"elementor elementor-454\" data-elementor-post-type=\"page\">\n\t\t\t\t\t\t<section class=\"elementor-section elementor-top-section elementor-element elementor-element-631f064f elementor-section-height-min-height elementor-section-full_width elementor-section-items-stretch elementor-section-content-middle elementor-section-height-default\" data-id=\"631f064f\" data-element_type=\"section\" data-e-type=\"section\" data-settings=\"{&quot;background_background&quot;:&quot;classic&quot;}\">\n\t\t\t\t\t\t<div class=\"elementor-container elementor-column-gap-default\">\n\t\t\t\t\t<div class=\"elementor-column elementor-col-50 elementor-top-column elementor-element elementor-element-13f48545\" data-id=\"13f48545\" data-element_type=\"column\" data-e-type=\"column\" data-settings=\"{&quot;background_background&quot;:&quot;classic&quot;}\">\n\t\t\t<div class=\"elementor-widget-wrap elementor-element-populated\">\n\t\t\t\t\t\t<div class=\"elementor-element elementor-element-5431d260 elementor-widget elementor-widget-heading\" data-id=\"5431d260\" data-element_type=\"widget\" data-e-type=\"widget\" data-widget_type=\"heading.default\">\n\t\t\t\t<div class=\"elementor-widget-container\">\n\t\t\t\t\t<h1 class=\"elementor-heading-title elementor-size-default\">\u0412\u0456\u0434\u0431\u0438\u0442\u043e\u043a<\/h1>\t\t\t\t<\/div>\n\t\t\t\t<\/div>\n\t\t\t\t\t<\/div>\n\t\t<\/div>\n\t\t\t\t<div class=\"elementor-column elementor-col-50 elementor-top-column elementor-element elementor-element-4beb7087\" data-id=\"4beb7087\" data-element_type=\"column\" data-e-type=\"column\" data-settings=\"{&quot;background_background&quot;:&quot;classic&quot;}\">\n\t\t\t<div class=\"elementor-widget-wrap\">\n\t\t\t\t\t\t\t<\/div>\n\t\t<\/div>\n\t\t\t\t\t<\/div>\n\t\t<\/section>\n\t\t\t\t<section class=\"elementor-section elementor-top-section elementor-element elementor-element-b9e9cb8 elementor-section-boxed elementor-section-height-default elementor-section-height-default\" data-id=\"b9e9cb8\" data-element_type=\"section\" data-e-type=\"section\">\n\t\t\t\t\t\t<div class=\"elementor-container elementor-column-gap-default\">\n\t\t\t\t\t<div class=\"elementor-column elementor-col-100 elementor-top-column elementor-element elementor-element-fc1bc43\" data-id=\"fc1bc43\" data-element_type=\"column\" data-e-type=\"column\">\n\t\t\t<div class=\"elementor-widget-wrap elementor-element-populated\">\n\t\t\t\t\t\t<section class=\"elementor-section elementor-inner-section elementor-element elementor-element-2d9a23e elementor-section-boxed elementor-section-height-default elementor-section-height-default\" data-id=\"2d9a23e\" data-element_type=\"section\" data-e-type=\"section\">\n\t\t\t\t\t\t<div class=\"elementor-container elementor-column-gap-default\">\n\t\t\t\t\t<div class=\"elementor-column elementor-col-100 elementor-inner-column elementor-element elementor-element-6f65ecc\" data-id=\"6f65ecc\" data-element_type=\"column\" data-e-type=\"column\">\n\t\t\t<div class=\"elementor-widget-wrap elementor-element-populated\">\n\t\t\t\t\t\t<div class=\"elementor-element elementor-element-ca6824f elementor-widget elementor-widget-text-editor\" data-id=\"ca6824f\" data-element_type=\"widget\" data-e-type=\"widget\" data-widget_type=\"text-editor.default\">\n\t\t\t\t<div class=\"elementor-widget-container\">\n\t\t\t\t\t\t\t\t\t<p><strong>\u0406\u043d\u0444\u043e\u0440\u043c\u0430\u0446\u0456\u044f \u0432\u0456\u0434\u043f\u043e\u0432\u0456\u0434\u043d\u043e \u0434\u043e \u00a7 5 TMG:<\/strong><\/p>\n<p>BSM - \u041d\u0430\u0432\u0447\u0430\u043b\u044c\u043d\u0438\u0439 \u0446\u0435\u043d\u0442\u0440 \u0437\u0432\u0430\u0440\u044e\u0432\u0430\u043d\u043d\u044f \u0442\u0430 \u043c\u0435\u0442\u0430\u043b\u043e\u0442\u0435\u0445\u043d\u043e\u043b\u043e\u0433\u0456\u0439<br>\u0411\u043e\u043d\u043d\u0448\u0442\u0440\u0430\u0441\u0441\u0435 489<\/p>\n<p>50354 \u0425\u044e\u0440\u0442<\/p>\n<p><strong>\u0413\u043e\u043b\u043e\u0432\u043d\u0438\u0439 \u043f\u0440\u0435\u0434\u0441\u0442\u0430\u0432\u043d\u0438\u043a:<\/strong><br>\u041a\u043b\u0430\u0443\u0441 \u041a\u0443\u0446\u043d\u0435\u0440<\/p>\n<p><strong style=\"color: var( --e-global-color-text ); font-family: var( --e-global-typography-text-font-family ), Sans-serif; font-size: var( --e-global-typography-text-font-size ); font-style: var( --e-global-typography-text-font-style ); letter-spacing: var( --e-global-typography-text-letter-spacing ); text-decoration-line: ; text-transform: var( --e-global-typography-text-text-transform ); background-color: var( --e-global-color-873bb0e );\">\u041a\u043e\u043d\u0442\u0430\u043a\u0442:<\/strong><br><\/p><p>\u0422\u0435\u043b\u0435\u0444\u043e\u043d: 0223 343501<br>\u0415\u043b\u0435\u043a\u0442\u0440\u043e\u043d\u043d\u0430 \u043f\u043e\u0448\u0442\u0430: info@bsm-schweisserausbildung.de<\/p>\n<p><strong>\u041f\u043e\u0441\u0438\u043b\u0430\u043d\u043d\u044f \u043d\u0430 \u0432\u0438\u0440\u0456\u0448\u0435\u043d\u043d\u044f \u0441\u043f\u043e\u0440\u0456\u0432 \u0432 \u0404\u0421<\/strong><br>\u0404\u0432\u0440\u043e\u043f\u0435\u0439\u0441\u044c\u043a\u0430 \u041a\u043e\u043c\u0456\u0441\u0456\u044f \u043d\u0430\u0434\u0430\u0454 \u043f\u043b\u0430\u0442\u0444\u043e\u0440\u043c\u0443 \u0434\u043b\u044f \u0432\u0438\u0440\u0456\u0448\u0435\u043d\u043d\u044f \u0441\u043f\u043e\u0440\u0456\u0432 \u0432 \u0440\u0435\u0436\u0438\u043c\u0456 \u043e\u043d\u043b\u0430\u0439\u043d: http:\/\/ec.europa.eu\/consumers\/odr<br>\u0412\u0438 \u043c\u043e\u0436\u0435\u0442\u0435 \u0437\u043d\u0430\u0439\u0442\u0438 \u043d\u0430\u0448\u0443 \u0435\u043b\u0435\u043a\u0442\u0440\u043e\u043d\u043d\u0443 \u0430\u0434\u0440\u0435\u0441\u0443 \u0443 \u0432\u0456\u0434\u0431\u0438\u0442\u043a\u0443 \u0432\u0438\u0449\u0435.<\/p>\n<p>\u041a\u043e\u043c\u043f\u0430\u043d\u0456\u044f BSM - Bildungsst\u00e4tte f\u00fcr Schwei\u00df- und Metalltechnik \u0433\u043e\u0442\u043e\u0432\u0430 \u0432\u0437\u044f\u0442\u0438 \u0443\u0447\u0430\u0441\u0442\u044c \u0443 \u043f\u0440\u043e\u0446\u0435\u0434\u0443\u0440\u0456 \u0432\u0438\u0440\u0456\u0448\u0435\u043d\u043d\u044f \u0441\u043f\u043e\u0440\u0456\u0432 \u0443 \u0441\u043f\u043e\u0436\u0438\u0432\u0447\u043e\u043c\u0443 \u0430\u0440\u0431\u0456\u0442\u0440\u0430\u0436\u0456. \u0404\u0432\u0440\u043e\u043f\u0435\u0439\u0441\u044c\u043a\u0430 \u041a\u043e\u043c\u0456\u0441\u0456\u044f \u043d\u0430\u0434\u0430\u0454 \u043f\u043b\u0430\u0442\u0444\u043e\u0440\u043c\u0443 \u0434\u043b\u044f \u0432\u0438\u0440\u0456\u0448\u0435\u043d\u043d\u044f \u0441\u043f\u043e\u0440\u0456\u0432 \u0432 \u0440\u0435\u0436\u0438\u043c\u0456 \u043e\u043d\u043b\u0430\u0439\u043d (\u041e\u0421), \u044f\u043a\u0443 \u043c\u043e\u0436\u043d\u0430 \u0437\u043d\u0430\u0439\u0442\u0438 \u0437\u0430 \u043f\u043e\u0441\u0438\u043b\u0430\u043d\u043d\u044f\u043c http:\/\/ec.europa.eu\/consumers\/odr\/. \u0421\u043f\u043e\u0436\u0438\u0432\u0430\u0447\u0456 \u043c\u043e\u0436\u0443\u0442\u044c \u0432\u0438\u043a\u043e\u0440\u0438\u0441\u0442\u043e\u0432\u0443\u0432\u0430\u0442\u0438 \u0446\u044e \u043f\u043b\u0430\u0442\u0444\u043e\u0440\u043c\u0443 \u0434\u043b\u044f \u0432\u0440\u0435\u0433\u0443\u043b\u044e\u0432\u0430\u043d\u043d\u044f \u0441\u0432\u043e\u0457\u0445 \u0441\u0443\u043f\u0435\u0440\u0435\u0447\u043e\u043a.<\/p>\n<p>\u0414\u0436\u0435\u0440\u0435\u043b\u043e: eRecht24<\/p>\n<p><strong>\u0412\u0438\u043a\u043b\u044e\u0447\u0435\u043d\u043d\u044f \u0432\u0456\u0434\u043f\u043e\u0432\u0456\u0434\u0430\u043b\u044c\u043d\u043e\u0441\u0442\u0456 (\u0432\u0456\u0434\u043c\u043e\u0432\u0430 \u0432\u0456\u0434 \u0432\u0456\u0434\u043f\u043e\u0432\u0456\u0434\u0430\u043b\u044c\u043d\u043e\u0441\u0442\u0456)<br><\/strong><br><strong>\u0412\u0456\u0434\u043f\u043e\u0432\u0456\u0434\u0430\u043b\u044c\u043d\u0456\u0441\u0442\u044c \u0437\u0430 \u0437\u043c\u0456\u0441\u0442<\/strong><\/p>\n<p>\u042f\u043a \u043f\u043e\u0441\u0442\u0430\u0447\u0430\u043b\u044c\u043d\u0438\u043a \u043f\u043e\u0441\u043b\u0443\u0433, \u043c\u0438 \u043d\u0435\u0441\u0435\u043c\u043e \u0432\u0456\u0434\u043f\u043e\u0432\u0456\u0434\u0430\u043b\u044c\u043d\u0456\u0441\u0442\u044c \u0437\u0430 \u0432\u043b\u0430\u0441\u043d\u0438\u0439 \u043a\u043e\u043d\u0442\u0435\u043d\u0442 \u043d\u0430 \u0446\u0438\u0445 \u0441\u0442\u043e\u0440\u0456\u043d\u043a\u0430\u0445 \u0432\u0456\u0434\u043f\u043e\u0432\u0456\u0434\u043d\u043e \u0434\u043e \u00a7 7 (1) TMG (\u0417\u0430\u043a\u043e\u043d \u043f\u0440\u043e \u0442\u0435\u043b\u0435\u043c\u0435\u0434\u0456\u0430 \u041d\u0456\u043c\u0435\u0447\u0447\u0438\u043d\u0438) \u0442\u0430 \u0437\u0430\u0433\u0430\u043b\u044c\u043d\u043e\u0433\u043e \u0437\u0430\u043a\u043e\u043d\u043e\u0434\u0430\u0432\u0441\u0442\u0432\u0430. \u041e\u0434\u043d\u0430\u043a, \u0437\u0433\u0456\u0434\u043d\u043e \u0437 \u00a7\u00a7 8-10 TMG, \u043c\u0438 \u044f\u043a \u043f\u043e\u0441\u0442\u0430\u0447\u0430\u043b\u044c\u043d\u0438\u043a \u043f\u043e\u0441\u043b\u0443\u0433 \u043d\u0435 \u0437\u043e\u0431\u043e\u0432'\u044f\u0437\u0430\u043d\u0456 \u043a\u043e\u043d\u0442\u0440\u043e\u043b\u044e\u0432\u0430\u0442\u0438 \u043f\u0435\u0440\u0435\u0434\u0430\u043d\u0443 \u0430\u0431\u043e \u0437\u0431\u0435\u0440\u0435\u0436\u0435\u043d\u0443 \u0456\u043d\u0444\u043e\u0440\u043c\u0430\u0446\u0456\u044e \u0442\u0440\u0435\u0442\u0456\u0445 \u043e\u0441\u0456\u0431 \u0430\u0431\u043e \u0440\u043e\u0437\u0441\u043b\u0456\u0434\u0443\u0432\u0430\u0442\u0438 \u043e\u0431\u0441\u0442\u0430\u0432\u0438\u043d\u0438, \u0449\u043e \u0432\u043a\u0430\u0437\u0443\u044e\u0442\u044c \u043d\u0430 \u043f\u0440\u043e\u0442\u0438\u043f\u0440\u0430\u0432\u043d\u0443 \u0434\u0456\u044f\u043b\u044c\u043d\u0456\u0441\u0442\u044c. \u0426\u0435 \u043d\u0435 \u0432\u043f\u043b\u0438\u0432\u0430\u0454 \u043d\u0430 \u0437\u043e\u0431\u043e\u0432'\u044f\u0437\u0430\u043d\u043d\u044f \u0432\u0438\u0434\u0430\u043b\u044f\u0442\u0438 \u0430\u0431\u043e \u0431\u043b\u043e\u043a\u0443\u0432\u0430\u0442\u0438 \u0432\u0438\u043a\u043e\u0440\u0438\u0441\u0442\u0430\u043d\u043d\u044f \u0456\u043d\u0444\u043e\u0440\u043c\u0430\u0446\u0456\u0457 \u0432\u0456\u0434\u043f\u043e\u0432\u0456\u0434\u043d\u043e \u0434\u043e \u0437\u0430\u0433\u0430\u043b\u044c\u043d\u043e\u0433\u043e \u0437\u0430\u043a\u043e\u043d\u043e\u0434\u0430\u0432\u0441\u0442\u0432\u0430. \u041e\u0434\u043d\u0430\u043a \u0432\u0456\u0434\u043f\u043e\u0432\u0456\u0434\u0430\u043b\u044c\u043d\u0456\u0441\u0442\u044c \u0443 \u0446\u044c\u043e\u043c\u0443 \u0432\u0456\u0434\u043d\u043e\u0448\u0435\u043d\u043d\u0456 \u043c\u043e\u0436\u043b\u0438\u0432\u0430 \u043b\u0438\u0448\u0435 \u0437 \u043c\u043e\u043c\u0435\u043d\u0442\u0443, \u043a\u043e\u043b\u0438 \u043d\u0430\u043c \u0441\u0442\u0430\u043b\u043e \u0432\u0456\u0434\u043e\u043c\u043e \u043f\u0440\u043e \u043a\u043e\u043d\u043a\u0440\u0435\u0442\u043d\u0435 \u043f\u043e\u0440\u0443\u0448\u0435\u043d\u043d\u044f. \u042f\u043a \u0442\u0456\u043b\u044c\u043a\u0438 \u043d\u0430\u043c \u0441\u0442\u0430\u043d\u0435 \u0432\u0456\u0434\u043e\u043c\u043e \u043f\u0440\u043e \u0442\u0430\u043a\u0456 \u043f\u043e\u0440\u0443\u0448\u0435\u043d\u043d\u044f, \u043c\u0438 \u043d\u0435\u0433\u0430\u0439\u043d\u043e \u0432\u0438\u0434\u0430\u043b\u0438\u043c\u043e \u0446\u0435\u0439 \u043a\u043e\u043d\u0442\u0435\u043d\u0442.<\/p>\n<p><strong>\u0412\u0456\u0434\u043f\u043e\u0432\u0456\u0434\u0430\u043b\u044c\u043d\u0456\u0441\u0442\u044c \u0437\u0430 \u043f\u043e\u0441\u0438\u043b\u0430\u043d\u043d\u044f<\/strong><\/p>\n<p>\u041d\u0430\u0448 \u0441\u0430\u0439\u0442 \u043c\u0456\u0441\u0442\u0438\u0442\u044c \u043f\u043e\u0441\u0438\u043b\u0430\u043d\u043d\u044f \u043d\u0430 \u0437\u043e\u0432\u043d\u0456\u0448\u043d\u0456 \u0432\u0435\u0431-\u0441\u0430\u0439\u0442\u0438 \u0442\u0440\u0435\u0442\u0456\u0445 \u043e\u0441\u0456\u0431, \u043d\u0430 \u0437\u043c\u0456\u0441\u0442 \u044f\u043a\u0438\u0445 \u043c\u0438 \u043d\u0435 \u043c\u0430\u0454\u043c\u043e \u0436\u043e\u0434\u043d\u043e\u0433\u043e \u0432\u043f\u043b\u0438\u0432\u0443. \u0422\u043e\u043c\u0443 \u043c\u0438 \u043d\u0435 \u043d\u0435\u0441\u0435\u043c\u043e \u0436\u043e\u0434\u043d\u043e\u0457 \u0432\u0456\u0434\u043f\u043e\u0432\u0456\u0434\u0430\u043b\u044c\u043d\u043e\u0441\u0442\u0456 \u0437\u0430 \u0432\u043c\u0456\u0441\u0442 \u0446\u0438\u0445 \u0441\u0430\u0439\u0442\u0456\u0432 \u0442\u0440\u0435\u0442\u0456\u0445 \u043e\u0441\u0456\u0431. \u0412\u0456\u0434\u043f\u043e\u0432\u0456\u0434\u0430\u043b\u044c\u043d\u0456\u0441\u0442\u044c \u0437\u0430 \u0437\u043c\u0456\u0441\u0442 \u0441\u0442\u043e\u0440\u0456\u043d\u043e\u043a, \u043d\u0430 \u044f\u043a\u0456 \u0432\u0435\u0434\u0443\u0442\u044c \u043f\u043e\u0441\u0438\u043b\u0430\u043d\u043d\u044f, \u0437\u0430\u0432\u0436\u0434\u0438 \u043d\u0435\u0441\u0435 \u0432\u0456\u0434\u043f\u043e\u0432\u0456\u0434\u043d\u0438\u0439 \u043f\u0440\u043e\u0432\u0430\u0439\u0434\u0435\u0440 \u0430\u0431\u043e \u043e\u043f\u0435\u0440\u0430\u0442\u043e\u0440 \u0446\u0438\u0445 \u0441\u0442\u043e\u0440\u0456\u043d\u043e\u043a. \u0421\u0442\u043e\u0440\u0456\u043d\u043a\u0438, \u043d\u0430 \u044f\u043a\u0456 \u0432\u0435\u0434\u0443\u0442\u044c \u043f\u043e\u0441\u0438\u043b\u0430\u043d\u043d\u044f, \u0431\u0443\u043b\u0438 \u043f\u0435\u0440\u0435\u0432\u0456\u0440\u0435\u043d\u0456 \u043d\u0430 \u043d\u0430\u044f\u0432\u043d\u0456\u0441\u0442\u044c \u043c\u043e\u0436\u043b\u0438\u0432\u0438\u0445 \u043f\u0440\u0430\u0432\u043e\u0432\u0438\u0445 \u043f\u043e\u0440\u0443\u0448\u0435\u043d\u044c \u043d\u0430 \u043c\u043e\u043c\u0435\u043d\u0442 \u0440\u043e\u0437\u043c\u0456\u0449\u0435\u043d\u043d\u044f \u043f\u043e\u0441\u0438\u043b\u0430\u043d\u044c. \u041d\u0435\u0437\u0430\u043a\u043e\u043d\u043d\u0438\u0439 \u0432\u043c\u0456\u0441\u0442 \u043d\u0435 \u0431\u0443\u0432 \u0432\u0438\u044f\u0432\u043b\u0435\u043d\u0438\u0439 \u043d\u0430 \u043c\u043e\u043c\u0435\u043d\u0442 \u0440\u043e\u0437\u043c\u0456\u0449\u0435\u043d\u043d\u044f \u043f\u043e\u0441\u0438\u043b\u0430\u043d\u044c. \u041e\u0434\u043d\u0430\u043a \u043f\u043e\u0441\u0442\u0456\u0439\u043d\u0438\u0439 \u043c\u043e\u043d\u0456\u0442\u043e\u0440\u0438\u043d\u0433 \u0437\u043c\u0456\u0441\u0442\u0443 \u0441\u0442\u043e\u0440\u0456\u043d\u043e\u043a, \u043d\u0430 \u044f\u043a\u0456 \u0432\u0435\u0434\u0443\u0442\u044c \u043f\u043e\u0441\u0438\u043b\u0430\u043d\u043d\u044f, \u0454 \u043d\u0435\u0434\u043e\u0446\u0456\u043b\u044c\u043d\u0438\u043c \u0431\u0435\u0437 \u043a\u043e\u043d\u043a\u0440\u0435\u0442\u043d\u0438\u0445 \u0434\u043e\u043a\u0430\u0437\u0456\u0432 \u043f\u043e\u0440\u0443\u0448\u0435\u043d\u043d\u044f. \u042f\u043a\u0449\u043e \u043d\u0430\u043c \u0441\u0442\u0430\u043d\u0435 \u0432\u0456\u0434\u043e\u043c\u043e \u043f\u0440\u043e \u0431\u0443\u0434\u044c-\u044f\u043a\u0456 \u044e\u0440\u0438\u0434\u0438\u0447\u043d\u0456 \u043f\u043e\u0440\u0443\u0448\u0435\u043d\u043d\u044f, \u043c\u0438 \u043d\u0435\u0433\u0430\u0439\u043d\u043e \u0432\u0438\u0434\u0430\u043b\u0438\u043c\u043e \u0442\u0430\u043a\u0456 \u043f\u043e\u0441\u0438\u043b\u0430\u043d\u043d\u044f.<\/p>\n<p><strong>\u0410\u0432\u0442\u043e\u0440\u0441\u044c\u043a\u0435 \u043f\u0440\u0430\u0432\u043e<\/strong><\/p>\n<p>\u0412\u043c\u0456\u0441\u0442 \u0456 \u0442\u0432\u043e\u0440\u0438, \u0441\u0442\u0432\u043e\u0440\u0435\u043d\u0456 \u043e\u043f\u0435\u0440\u0430\u0442\u043e\u0440\u0430\u043c\u0438 \u0441\u0430\u0439\u0442\u0443 \u043d\u0430 \u0446\u0438\u0445 \u0441\u0442\u043e\u0440\u0456\u043d\u043a\u0430\u0445, \u043f\u0456\u0434\u043f\u0430\u0434\u0430\u044e\u0442\u044c \u043f\u0456\u0434 \u0434\u0456\u044e \u043d\u0456\u043c\u0435\u0446\u044c\u043a\u043e\u0433\u043e \u0437\u0430\u043a\u043e\u043d\u043e\u0434\u0430\u0432\u0441\u0442\u0432\u0430 \u043f\u0440\u043e \u0430\u0432\u0442\u043e\u0440\u0441\u044c\u043a\u0435 \u043f\u0440\u0430\u0432\u043e. \u041a\u043e\u043f\u0456\u044e\u0432\u0430\u043d\u043d\u044f, \u043e\u0431\u0440\u043e\u0431\u043a\u0430, \u0440\u043e\u0437\u043f\u043e\u0432\u0441\u044e\u0434\u0436\u0435\u043d\u043d\u044f \u0442\u0430 \u0431\u0443\u0434\u044c-\u044f\u043a\u0435 \u0456\u043d\u0448\u0435 \u0432\u0438\u043a\u043e\u0440\u0438\u0441\u0442\u0430\u043d\u043d\u044f \u043f\u043e\u0437\u0430 \u043c\u0435\u0436\u0430\u043c\u0438 \u0437\u0430\u043a\u043e\u043d\u0443 \u043f\u0440\u043e \u0430\u0432\u0442\u043e\u0440\u0441\u044c\u043a\u0435 \u043f\u0440\u0430\u0432\u043e \u0432\u0438\u043c\u0430\u0433\u0430\u0454 \u043f\u0438\u0441\u044c\u043c\u043e\u0432\u043e\u0457 \u0437\u0433\u043e\u0434\u0438 \u0432\u0456\u0434\u043f\u043e\u0432\u0456\u0434\u043d\u043e\u0433\u043e \u0430\u0432\u0442\u043e\u0440\u0430 \u0430\u0431\u043e \u0442\u0432\u043e\u0440\u0446\u044f. \u0417\u0430\u0432\u0430\u043d\u0442\u0430\u0436\u0435\u043d\u043d\u044f \u0442\u0430 \u043a\u043e\u043f\u0456\u044e\u0432\u0430\u043d\u043d\u044f \u0446\u044c\u043e\u0433\u043e \u0441\u0430\u0439\u0442\u0443 \u0434\u043e\u0437\u0432\u043e\u043b\u044f\u0454\u0442\u044c\u0441\u044f \u043b\u0438\u0448\u0435 \u0434\u043b\u044f \u043f\u0440\u0438\u0432\u0430\u0442\u043d\u043e\u0433\u043e \u043d\u0435\u043a\u043e\u043c\u0435\u0440\u0446\u0456\u0439\u043d\u043e\u0433\u043e \u0432\u0438\u043a\u043e\u0440\u0438\u0441\u0442\u0430\u043d\u043d\u044f. \u041e\u0441\u043a\u0456\u043b\u044c\u043a\u0438 \u0432\u043c\u0456\u0441\u0442 \u0446\u044c\u043e\u0433\u043e \u0441\u0430\u0439\u0442\u0443 \u043d\u0435 \u0431\u0443\u0432 \u0441\u0442\u0432\u043e\u0440\u0435\u043d\u0438\u0439 \u043e\u043f\u0435\u0440\u0430\u0442\u043e\u0440\u043e\u043c, \u0430\u0432\u0442\u043e\u0440\u0441\u044c\u043a\u0456 \u043f\u0440\u0430\u0432\u0430 \u0442\u0440\u0435\u0442\u0456\u0445 \u043e\u0441\u0456\u0431 \u043f\u043e\u0432\u0430\u0436\u0430\u044e\u0442\u044c\u0441\u044f. \u0417\u043e\u043a\u0440\u0435\u043c\u0430, \u0432\u043c\u0456\u0441\u0442 \u0442\u0440\u0435\u0442\u0456\u0445 \u043e\u0441\u0456\u0431 \u043f\u043e\u0437\u043d\u0430\u0447\u0435\u043d\u0438\u0439 \u044f\u043a \u0442\u0430\u043a\u0438\u0439. \u042f\u043a\u0449\u043e \u0432\u0430\u043c \u0432\u0441\u0435 \u0436 \u0442\u0430\u043a\u0438 \u0441\u0442\u0430\u043d\u0435 \u0432\u0456\u0434\u043e\u043c\u043e \u043f\u0440\u043e \u043f\u043e\u0440\u0443\u0448\u0435\u043d\u043d\u044f \u0430\u0432\u0442\u043e\u0440\u0441\u044c\u043a\u0438\u0445 \u043f\u0440\u0430\u0432, \u0431\u0443\u0434\u044c \u043b\u0430\u0441\u043a\u0430, \u043f\u043e\u0432\u0456\u0434\u043e\u043c\u0442\u0435 \u043d\u0430\u0441 \u043f\u0440\u043e \u0446\u0435. \u042f\u043a\u0449\u043e \u043d\u0430\u043c \u0441\u0442\u0430\u043d\u0435 \u0432\u0456\u0434\u043e\u043c\u043e \u043f\u0440\u043e \u0431\u0443\u0434\u044c-\u044f\u043a\u0456 \u043f\u043e\u0440\u0443\u0448\u0435\u043d\u043d\u044f, \u043c\u0438 \u043d\u0435\u0433\u0430\u0439\u043d\u043e \u0432\u0438\u0434\u0430\u043b\u0438\u043c\u043e \u0442\u0430\u043a\u0438\u0439 \u043a\u043e\u043d\u0442\u0435\u043d\u0442.<\/p>\t\t\t\t\t\t\t\t<\/div>\n\t\t\t\t<\/div>\n\t\t\t\t\t<\/div>\n\t\t<\/div>\n\t\t\t\t\t<\/div>\n\t\t<\/section>\n\t\t\t\t\t<\/div>\n\t\t<\/div>\n\t\t\t\t\t<\/div>\n\t\t<\/section>\n\t\t\t\t<\/div>","protected":false},"excerpt":{"rendered":"<p>Impressum Angaben gem\u00e4\u00df \u00a7 5 TMG: BSM \u2013 Bildungsst\u00e4tte f\u00fcr Schwei\u00df- und MetalltechnikBonnstra\u00dfe 489 50354 H\u00fcrth Generalbevollm\u00e4chtigter:Klaus Kutzner Kontakt: Telefon: 0223 343501E-Mail: info@bsm-schweisserausbildung.de Hinweis auf EU-StreitschlichtungDie Europ\u00e4ische Kommission stellt eine Plattform zur Online-Streitbeilegung (OS) bereit: http:\/\/ec.europa.eu\/consumers\/odrUnsere E-Mail-Adresse finden sie oben im Impressum. Das Unternehmen BSM \u2013 Bildungsst\u00e4tte f\u00fcr Schwei\u00df- und Metalltechnik&nbsp;ist bereit, an Streitbeilegungsverfahren bei [&hellip;]<\/p>\n","protected":false},"author":2,"featured_media":0,"parent":0,"menu_order":0,"comment_status":"closed","ping_status":"closed","template":"","meta":{"footnotes":""},"class_list":["post-454","page","type-page","status-publish","hentry"],"_links":{"self":[{"href":"https:\/\/bsm-schweisserausbildung.de\/uk\/wp-json\/wp\/v2\/pages\/454","targetHints":{"allow":["GET"]}}],"collection":[{"href":"https:\/\/bsm-schweisserausbildung.de\/uk\/wp-json\/wp\/v2\/pages"}],"about":[{"href":"https:\/\/bsm-schweisserausbildung.de\/uk\/wp-json\/wp\/v2\/types\/page"}],"author":[{"embeddable":true,"href":"https:\/\/bsm-schweisserausbildung.de\/uk\/wp-json\/wp\/v2\/users\/2"}],"replies":[{"embeddable":true,"href":"https:\/\/bsm-schweisserausbildung.de\/uk\/wp-json\/wp\/v2\/comments?post=454"}],"version-history":[{"count":10,"href":"https:\/\/bsm-schweisserausbildung.de\/uk\/wp-json\/wp\/v2\/pages\/454\/revisions"}],"predecessor-version":[{"id":1820,"href":"https:\/\/bsm-schweisserausbildung.de\/uk\/wp-json\/wp\/v2\/pages\/454\/revisions\/1820"}],"wp:attachment":[{"href":"https:\/\/bsm-schweisserausbildung.de\/uk\/wp-json\/wp\/v2\/media?parent=454"}],"curies":[{"name":"wp","href":"https:\/\/api.w.org\/{rel}","templated":true}]}}