{"id":2777,"date":"2026-01-07T09:06:10","date_gmt":"2026-01-07T08:06:10","guid":{"rendered":"https:\/\/bsm-schweisserausbildung.de\/?page_id=2777"},"modified":"2026-02-19T12:56:24","modified_gmt":"2026-02-19T11:56:24","slug":"ueberblick","status":"publish","type":"page","link":"https:\/\/bsm-schweisserausbildung.de\/uk\/ueberblick\/","title":{"rendered":"\u041e\u0433\u043b\u044f\u0434"},"content":{"rendered":"<div data-elementor-type=\"wp-page\" data-elementor-id=\"2777\" class=\"elementor elementor-2777\" data-elementor-post-type=\"page\">\n\t\t\t\t\t\t<section class=\"elementor-section elementor-top-section elementor-element elementor-element-483a579f elementor-section-content-middle elementor-section-boxed elementor-section-height-default elementor-section-height-default\" data-id=\"483a579f\" data-element_type=\"section\" data-e-type=\"section\" data-settings=\"{&quot;background_background&quot;:&quot;classic&quot;}\">\n\t\t\t\t\t\t<div class=\"elementor-container elementor-column-gap-no\">\n\t\t\t\t\t<div class=\"elementor-column elementor-col-100 elementor-top-column elementor-element elementor-element-355b3e9f\" data-id=\"355b3e9f\" data-element_type=\"column\" data-e-type=\"column\">\n\t\t\t<div class=\"elementor-widget-wrap elementor-element-populated\">\n\t\t\t\t\t\t<section class=\"elementor-section elementor-inner-section elementor-element elementor-element-78319fb0 elementor-section-boxed elementor-section-height-default elementor-section-height-default\" data-id=\"78319fb0\" data-element_type=\"section\" data-e-type=\"section\">\n\t\t\t\t\t\t<div class=\"elementor-container elementor-column-gap-default\">\n\t\t\t\t\t<div class=\"elementor-column elementor-col-100 elementor-inner-column elementor-element elementor-element-749a0c34\" data-id=\"749a0c34\" data-element_type=\"column\" data-e-type=\"column\">\n\t\t\t<div class=\"elementor-widget-wrap elementor-element-populated\">\n\t\t\t\t\t\t<div class=\"elementor-element elementor-element-721d987a elementor-widget elementor-widget-heading\" data-id=\"721d987a\" data-element_type=\"widget\" data-e-type=\"widget\" data-widget_type=\"heading.default\">\n\t\t\t\t<div class=\"elementor-widget-container\">\n\t\t\t\t\t<h2 class=\"elementor-heading-title elementor-size-default\">\u041d\u0430\u0448\u0456 \u043a\u0443\u0440\u0441\u0438: \u0441\u0435\u0440\u0442\u0438\u0444\u0456\u043a\u043e\u0432\u0430\u043d\u0456 T\u00dcV \u0442\u0430 \u0432\u0438\u0437\u043d\u0430\u043d\u0456 \u0443 \u0432\u0441\u044c\u043e\u043c\u0443 \u0441\u0432\u0456\u0442\u0456! <\/h2>\t\t\t\t<\/div>\n\t\t\t\t<\/div>\n\t\t\t\t\t<\/div>\n\t\t<\/div>\n\t\t\t\t\t<\/div>\n\t\t<\/section>\n\t\t\t\t\t<\/div>\n\t\t<\/div>\n\t\t\t\t\t<\/div>\n\t\t<\/section>\n\t\t\t\t<section class=\"elementor-section elementor-top-section elementor-element elementor-element-1aaae713 elementor-section-boxed elementor-section-height-default elementor-section-height-default\" data-id=\"1aaae713\" data-element_type=\"section\" data-e-type=\"section\">\n\t\t\t\t\t\t<div class=\"elementor-container elementor-column-gap-default\">\n\t\t\t\t\t<div class=\"elementor-column elementor-col-100 elementor-top-column elementor-element elementor-element-62f3d4b2\" data-id=\"62f3d4b2\" data-element_type=\"column\" data-e-type=\"column\">\n\t\t\t<div class=\"elementor-widget-wrap elementor-element-populated\">\n\t\t\t\t\t\t<div class=\"elementor-element elementor-element-b67d107 elementor-widget elementor-widget-heading\" data-id=\"b67d107\" data-element_type=\"widget\" data-e-type=\"widget\" data-widget_type=\"heading.default\">\n\t\t\t\t<div class=\"elementor-widget-container\">\n\t\t\t\t\t<h2 class=\"elementor-heading-title elementor-size-default\">\u041d\u0435\u0437\u0430\u043b\u0435\u0436\u043d\u043e \u0432\u0456\u0434 \u0442\u043e\u0433\u043e, \u0447\u0438 \u043f\u043e\u0447\u0438\u043d\u0430\u0454\u0442\u0435 \u0432\u0438 \u0437 \u043d\u0443\u043b\u044f, \u0447\u0438 \u0445\u043e\u0447\u0435\u0442\u0435 \u043f\u043e\u043d\u043e\u0432\u0438\u0442\u0438 \u0441\u0432\u0456\u0439 \u0441\u0435\u0440\u0442\u0438\u0444\u0456\u043a\u0430\u0442 - \u0446\u044f \u0456\u043d\u0444\u043e\u0440\u043c\u0430\u0446\u0456\u044f \u0434\u043e\u043f\u043e\u043c\u043e\u0436\u0435 \u0432\u0430\u043c \u0432\u0456\u0434\u0441\u0442\u0435\u0436\u0443\u0432\u0430\u0442\u0438 \u0432\u0441\u0435!\n\n<\/h2>\t\t\t\t<\/div>\n\t\t\t\t<\/div>\n\t\t\t\t<section class=\"elementor-section elementor-inner-section elementor-element elementor-element-e60b4a elementor-section-boxed elementor-section-height-default elementor-section-height-default\" data-id=\"e60b4a\" data-element_type=\"section\" data-e-type=\"section\">\n\t\t\t\t\t\t<div class=\"elementor-container elementor-column-gap-default\">\n\t\t\t\t\t<div class=\"elementor-column elementor-col-100 elementor-inner-column elementor-element elementor-element-48ab4047\" data-id=\"48ab4047\" data-element_type=\"column\" data-e-type=\"column\">\n\t\t\t<div class=\"elementor-widget-wrap elementor-element-populated\">\n\t\t\t\t\t\t<div class=\"elementor-element elementor-element-41810a48 elementor-widget elementor-widget-text-editor\" data-id=\"41810a48\" data-element_type=\"widget\" data-e-type=\"widget\" data-widget_type=\"text-editor.default\">\n\t\t\t\t<div class=\"elementor-widget-container\">\n\t\t\t\t\t\t\t\t\t<p style=\"font-weight: 400;\"><strong>\u041f\u0435\u0440\u0456\u043e\u0434\u0438 \u043d\u0430\u0432\u0447\u0430\u043d\u043d\u044f<\/strong>\u0417 \u043f\u043e\u043d\u0435\u0434\u0456\u043b\u043a\u0430 \u043f\u043e \u043f'\u044f\u0442\u043d\u0438\u0446\u044e \u0437 07:30 \u0434\u043e 15:30.<\/p><p style=\"font-weight: 400;\"><strong>\u0422\u0440\u0438\u0432\u0430\u043b\u0456\u0441\u0442\u044c \u043d\u0430\u0432\u0447\u0430\u043b\u044c\u043d\u0438\u0445 \u043a\u0443\u0440\u0441\u0456\u0432:<\/strong> \u0456\u043d\u0434\u0438\u0432\u0456\u0434\u0443\u0430\u043b\u044c\u043d\u043e, \u0437\u0430\u043b\u0435\u0436\u043d\u043e \u0432\u0456\u0434 \u043d\u0435\u043e\u0431\u0445\u0456\u0434\u043d\u0438\u0445 \u0441\u0435\u0440\u0442\u0438\u0444\u0456\u043a\u0430\u0442\u0456\u0432 \u0442\u0430 \u201e\u0442\u0435\u0441\u0442\u0443 \u0440\u0443\u0447\u043d\u0438\u0445 \u043d\u0430\u0432\u0438\u0447\u043e\u043a\u201c (\u043f\u0440\u0430\u043a\u0442\u0438\u0447\u043d\u0438\u0439 \u0456\u0441\u043f\u0438\u0442, \u044f\u043a\u0438\u0439 \u043f\u0435\u0440\u0435\u0432\u0456\u0440\u044f\u0454 \u043d\u0430\u0432\u0438\u0447\u043a\u0438 \u043f\u043e\u0432\u043e\u0434\u0436\u0435\u043d\u043d\u044f \u0437 \u0456\u043d\u0441\u0442\u0440\u0443\u043c\u0435\u043d\u0442\u0430\u043c\u0438 \u0442\u0430 \u043c\u0430\u0442\u0435\u0440\u0456\u0430\u043b\u0430\u043c\u0438), \u044f\u043a\u0438\u0439 \u043f\u0440\u043e\u0432\u043e\u0434\u0438\u0442\u044c\u0441\u044f \u0437\u0430\u0437\u0434\u0430\u043b\u0435\u0433\u0456\u0434\u044c.<\/p><p style=\"font-weight: 400;\"><strong>\u0417 \u043d\u0430\u043c\u0438 \u0432\u0438 \u043c\u043e\u0436\u0435\u0442\u0435 \u043e\u0442\u0440\u0438\u043c\u0430\u0442\u0438 \u043a\u0432\u0430\u043b\u0456\u0444\u0456\u043a\u0430\u0446\u0456\u044e \u0437\u0432\u0430\u0440\u044e\u0432\u0430\u043b\u044c\u043d\u0438\u043a\u0430, \u0441\u0435\u0440\u0442\u0438\u0444\u0456\u043a\u043e\u0432\u0430\u043d\u043e\u0433\u043e T\u00dcV, \u0443 \u0442\u0430\u043a\u0438\u0445 \u0437\u0432\u0430\u0440\u044e\u0432\u0430\u043b\u044c\u043d\u0438\u0445 \u043f\u0440\u043e\u0446\u0435\u0441\u0430\u0445<\/strong>:<\/p><ul><li style=\"font-weight: 400;\">\u0420\u0443\u0447\u043d\u0435 \u0435\u043b\u0435\u043a\u0442\u0440\u043e\u0434\u0443\u0433\u043e\u0432\u0435 \u0437\u0432\u0430\u0440\u044e\u0432\u0430\u043d\u043d\u044f,<\/li><li style=\"font-weight: 400;\">MAG, WIG \u043d\u0430 \u043d\u0435\u043b\u0435\u0433\u043e\u0432\u0430\u043d\u0456\u0439 \u043a\u043e\u043d\u0441\u0442\u0440\u0443\u043a\u0446\u0456\u0439\u043d\u0456\u0439 \u0441\u0442\u0430\u043b\u0456<\/li><li style=\"font-weight: 400;\">TIG \u043d\u0430 \u0445\u0440\u043e\u043c\u043e\u043d\u0456\u043a\u0435\u043b\u0435\u0432\u0456\u0439 \u0441\u0442\u0430\u043b\u0456,<\/li><li style=\"font-weight: 400;\">\u0422\u0430\u043a\u043e\u0436 \u043c\u043e\u0436\u043b\u0438\u0432\u0430 \u043a\u043e\u043c\u0431\u0456\u043d\u0430\u0446\u0456\u044f \u0440\u0456\u0437\u043d\u0438\u0445 \u0437\u0432\u0430\u0440\u044e\u0432\u0430\u043b\u044c\u043d\u0438\u0445 \u043f\u0440\u043e\u0446\u0435\u0441\u0456\u0432!<\/li><li style=\"font-weight: 400;\">\u041a\u043e\u0436\u0435\u043d \u0437\u0432\u0430\u0440\u044e\u0432\u0430\u043b\u044c\u043d\u0438\u0439 \u043f\u0440\u043e\u0446\u0435\u0441 \u0441\u043a\u043b\u0430\u0434\u0430\u0454\u0442\u044c\u0441\u044f \u0437 6 \u043c\u043e\u0434\u0443\u043b\u0456\u0432, \u044f\u043a\u0456 \u0431\u0443\u0434\u0443\u044e\u0442\u044c\u0441\u044f \u043e\u0434\u0438\u043d \u043d\u0430 \u043e\u0434\u043d\u043e\u043c\u0443 \u0456 \u0433\u0430\u0440\u0430\u043d\u0442\u0443\u044e\u0442\u044c \u043a\u043e\u043c\u043f\u043b\u0435\u043a\u0441\u043d\u0443 \u043a\u0432\u0430\u043b\u0456\u0444\u0456\u043a\u0430\u0446\u0456\u044e.<\/li><\/ul><div>\u00a0<\/div><p style=\"font-weight: 400;\"><strong>\u0421\u0435\u0440\u0442\u0438\u0444\u0456\u043a\u0430\u0442\u0438 \u043d\u0430 \u0437\u0432\u0430\u0440\u044e\u0432\u0430\u043d\u043d\u044f<\/strong><\/p><ul style=\"font-weight: 400;\"><li>\u0421\u0442\u0430\u043d\u0434\u0430\u0440\u0442\u0438 \u0432 DIN EN ISO 9606-1\/2<\/li><li>\u041f\u0440\u0430\u043a\u0442\u0438\u043a\u0443\u044e\u0447\u0456 \u0444\u0430\u0445\u0456\u0432\u0446\u0456 (\u0437\u0432\u0430\u0440\u044e\u0432\u0430\u043b\u044c\u043d\u0438\u043a\u0438) \u043c\u043e\u0436\u0443\u0442\u044c \u0441\u043a\u043b\u0430\u0434\u0430\u0442\u0438 \u0446\u0456 \u0442\u0435\u0441\u0442\u0438<\/li><li>\u041f\u0456\u0441\u043b\u044f \u0441\u043a\u043b\u0430\u0434\u0430\u043d\u043d\u044f \u0456\u0441\u043f\u0438\u0442\u0443: \u0421\u0435\u0440\u0442\u0438\u0444\u0456\u043a\u0430\u0442<\/li><li>\u0421\u0435\u0440\u0442\u0438\u0444\u0456\u043a\u0430\u0442 \u0434\u0430\u0454 \u043f\u0440\u0430\u0432\u043e \u043d\u0430 \u0432\u0438\u043a\u043e\u0440\u0438\u0441\u0442\u0430\u043d\u043d\u044f \u0437\u0432\u0430\u0440\u044e\u0432\u0430\u043b\u044c\u043d\u0438\u0445 \u043d\u0430\u0432\u0438\u0447\u043e\u043a \u043d\u0430 \u0440\u043e\u0431\u043e\u0447\u043e\u043c\u0443 \u043c\u0456\u0441\u0446\u0456 \u043f\u0440\u043e\u0442\u044f\u0433\u043e\u043c 3 \u0440\u043e\u043a\u0456\u0432<\/li><\/ul><div>\u00a0<\/div><p style=\"font-weight: 400;\"><strong>\u041c\u043e\u0434\u0443\u043b\u044c\u043d\u0456 \u043d\u0430\u0432\u0447\u0430\u043b\u044c\u043d\u0456 \u043a\u0443\u0440\u0441\u0438 \u0437\u0456 \u0437\u0432\u0430\u0440\u044e\u0432\u0430\u043b\u044c\u043d\u0438\u0445 \u0442\u0435\u0445\u043d\u043e\u043b\u043e\u0433\u0456\u0439<\/strong><\/p><ul style=\"font-weight: 400;\"><li>\u0421\u043a\u043b\u0430\u0434\u0430\u0454\u0442\u044c\u0441\u044f \u0437 \u0440\u0456\u0437\u043d\u0438\u0445 \u043c\u043e\u0434\u0443\u043b\u0456\u0432, \u043a\u043b\u0430\u0441\u0438\u0444\u0456\u043a\u043e\u0432\u0430\u043d\u0438\u0445 \u0432\u0456\u0434\u043f\u043e\u0432\u0456\u0434\u043d\u043e \u0434\u043e \u0440\u0456\u0432\u043d\u044f \u0441\u043a\u043b\u0430\u0434\u043d\u043e\u0441\u0442\u0456<\/li><li>\u0413\u043d\u0443\u0447\u043a\u0430 \u0441\u0438\u0441\u0442\u0435\u043c\u0430, \u0430\u0434\u0430\u043f\u0442\u043e\u0432\u0430\u043d\u0430 \u0434\u043e \u0456\u043d\u0434\u0438\u0432\u0456\u0434\u0443\u0430\u043b\u044c\u043d\u0438\u0445 \u043f\u043e\u0442\u0440\u0435\u0431<\/li><li>\u0420\u043e\u0437\u0448\u0438\u0440\u044e\u0439\u0442\u0435 \u043f\u0440\u0430\u043a\u0442\u0438\u0447\u043d\u0456 \u043d\u0430\u0432\u0438\u0447\u043a\u0438 \u0442\u0430 \u0442\u0435\u043e\u0440\u0435\u0442\u0438\u0447\u043d\u0456 \u0437\u043d\u0430\u043d\u043d\u044f \u0432\u0456\u0434\u043f\u043e\u0432\u0456\u0434\u043d\u043e \u0434\u043e \u0432\u043b\u0430\u0441\u043d\u0438\u0445 \u0446\u0456\u043b\u0435\u0439<\/li><li>\u041a\u043e\u0436\u0435\u043d \u043c\u043e\u0434\u0443\u043b\u044c \u0441\u0435\u0440\u0442\u0438\u0444\u0456\u043a\u043e\u0432\u0430\u043d\u0438\u0439 \u0432\u0456\u0434\u043f\u043e\u0432\u0456\u0434\u043d\u043e \u0434\u043e AZAV<\/li><\/ul><div>\u00a0<\/div><p style=\"font-weight: 400;\"><strong>\u0426\u0456\u043b\u044c\u043e\u0432\u0430 \u0433\u0440\u0443\u043f\u0430 \u043c\u043e\u0434\u0443\u043b\u044c\u043d\u0438\u0445 \u043a\u0443\u0440\u0441\u0456\u0432<\/strong><\/p><ul style=\"font-weight: 400;\"><li>\u0414\u043e\u0440\u043e\u0441\u043b\u0456 \u0437 \u0434\u043e\u0441\u0432\u0456\u0434\u043e\u043c \u0440\u043e\u0431\u043e\u0442\u0438 \u0437 \u043c\u0430\u043d\u0443\u0430\u043b\u044c\u043d\u043e\u044e \u0442\u0435\u0445\u043d\u0456\u043a\u043e\u044e<\/li><li>\u041e\u0441\u043e\u0431\u043b\u0438\u0432\u043e \u0437\u0432\u0435\u0440\u0442\u0430\u044e\u0442\u044c\u0441\u044f \u041b\u044e\u0434\u0438 \u0437 \u0432\u0430\u0443\u0447\u0435\u0440\u0430\u043c\u0438 \u043d\u0430 \u043d\u0430\u0432\u0447\u0430\u043d\u043d\u044f, \u043f\u043e\u0441\u0442\u0430\u0447\u0430\u043b\u044c\u043d\u0438\u043a\u0438 \u043f\u043e\u0441\u043b\u0443\u0433 \u043f\u0435\u043d\u0441\u0456\u0439\u043d\u043e\u0433\u043e \u0441\u0442\u0440\u0430\u0445\u0443\u0432\u0430\u043d\u043d\u044f, \u0437\u0432\u0430\u0440\u044e\u0432\u0430\u043b\u044c\u043d\u0438\u043a\u0438, \u044f\u043a\u0438\u043c \u043f\u043e\u0442\u0440\u0456\u0431\u043d\u043e \u043f\u043e\u043d\u043e\u0432\u0438\u0442\u0438 \u0430\u0431\u043e \u043f\u0440\u043e\u0434\u043e\u0432\u0436\u0438\u0442\u0438 \u0441\u0432\u0456\u0439 \u0441\u0435\u0440\u0442\u0438\u0444\u0456\u043a\u0430\u0442<\/li><\/ul><div>\u00a0<\/div><p style=\"font-weight: 400;\"><strong>\u00a0\u0423 \u0432\u0430\u0441 \u0437\u0430\u043b\u0438\u0448\u0438\u043b\u0438\u0441\u044f \u043f\u0438\u0442\u0430\u043d\u043d\u044f? \u0422\u043e\u0434\u0456 \u0437\u0432'\u044f\u0436\u0456\u0442\u044c\u0441\u044f \u0437 \u043d\u0430\u043c\u0438 - \u043c\u0438 \u0437 \u043d\u0435\u0442\u0435\u0440\u043f\u0456\u043d\u043d\u044f\u043c \u0447\u0435\u043a\u0430\u0454\u043c\u043e \u043d\u0430 \u0432\u0430\u0441!<\/strong><\/p><p style=\"font-weight: 400;\">\u0417\u0432\u0435\u0440\u043d\u0456\u0442\u044c\u0441\u044f \u0431\u0435\u0437\u043f\u043e\u0441\u0435\u0440\u0435\u0434\u043d\u044c\u043e \u0434\u043e \u043d\u0430\u0448\u043e\u0433\u043e \u0442\u0440\u0435\u043d\u0456\u043d\u0433-\u043c\u0435\u043d\u0435\u0434\u0436\u0435\u0440\u0430 \u043f\u0430\u043d\u0430 \u0414\u043e\u0433\u0430\u043d\u0430 \u0421\u0435\u043d\u0435\u0440\u0430! \u0422\u0435\u043b:\u00a0<a href=\"tel:0172\/7358016\">0172\/7358016<\/a>\u00a0\u0430\u0431\u043e\u00a0<a href=\"tel:0223343501\">02233 43501<\/a><\/p>\t\t\t\t\t\t\t\t<\/div>\n\t\t\t\t<\/div>\n\t\t\t\t\t<\/div>\n\t\t<\/div>\n\t\t\t\t\t<\/div>\n\t\t<\/section>\n\t\t\t\t\t<\/div>\n\t\t<\/div>\n\t\t\t\t\t<\/div>\n\t\t<\/section>\n\t\t\t\t<\/div>","protected":false},"excerpt":{"rendered":"<p>Unsere Kurse: T\u00dcV-gepr\u00fcft und weltweit anerkannt! Ob du neu startest oder dein Zertifikat erneuern m\u00f6chtest \u2013 diese Infos helfen dir, den \u00dcberblick zu behalten! Ausbildungszeiten: Montags bis Freitags von 07:30 Uhr bis 15:30 Uhr. Ausbildungsdauer der Lehrg\u00e4nge: individuell, abh\u00e4ngig von den ben\u00f6tigten Zertifikaten und von der im Vorfeld durchgef\u00fchrten \u201eHandfertigkeitsprobe\u201c (praktische Pr\u00fcfung, die F\u00e4higkeiten im [&hellip;]<\/p>\n","protected":false},"author":1,"featured_media":0,"parent":0,"menu_order":0,"comment_status":"closed","ping_status":"closed","template":"","meta":{"footnotes":""},"class_list":["post-2777","page","type-page","status-publish","hentry"],"_links":{"self":[{"href":"https:\/\/bsm-schweisserausbildung.de\/uk\/wp-json\/wp\/v2\/pages\/2777","targetHints":{"allow":["GET"]}}],"collection":[{"href":"https:\/\/bsm-schweisserausbildung.de\/uk\/wp-json\/wp\/v2\/pages"}],"about":[{"href":"https:\/\/bsm-schweisserausbildung.de\/uk\/wp-json\/wp\/v2\/types\/page"}],"author":[{"embeddable":true,"href":"https:\/\/bsm-schweisserausbildung.de\/uk\/wp-json\/wp\/v2\/users\/1"}],"replies":[{"embeddable":true,"href":"https:\/\/bsm-schweisserausbildung.de\/uk\/wp-json\/wp\/v2\/comments?post=2777"}],"version-history":[{"count":10,"href":"https:\/\/bsm-schweisserausbildung.de\/uk\/wp-json\/wp\/v2\/pages\/2777\/revisions"}],"predecessor-version":[{"id":3017,"href":"https:\/\/bsm-schweisserausbildung.de\/uk\/wp-json\/wp\/v2\/pages\/2777\/revisions\/3017"}],"wp:attachment":[{"href":"https:\/\/bsm-schweisserausbildung.de\/uk\/wp-json\/wp\/v2\/media?parent=2777"}],"curies":[{"name":"wp","href":"https:\/\/api.w.org\/{rel}","templated":true}]}}