{"id":2678,"date":"2025-12-22T10:32:49","date_gmt":"2025-12-22T09:32:49","guid":{"rendered":"https:\/\/bsm-schweisserausbildung.de\/?page_id=2678"},"modified":"2026-01-14T10:39:38","modified_gmt":"2026-01-14T09:39:38","slug":"deutsch-fuer-den-beruf","status":"publish","type":"page","link":"https:\/\/bsm-schweisserausbildung.de\/uk\/deutsch-fuer-den-beruf\/","title":{"rendered":"\u041d\u0456\u043c\u0435\u0446\u044c\u043a\u0430 \u043c\u043e\u0432\u0430 \u0434\u043b\u044f \u0440\u043e\u0431\u043e\u0442\u0438"},"content":{"rendered":"<div data-elementor-type=\"wp-page\" data-elementor-id=\"2678\" class=\"elementor elementor-2678\" data-elementor-post-type=\"page\">\n\t\t\t\t\t\t<section class=\"elementor-section elementor-top-section elementor-element elementor-element-2c38f67d elementor-section-height-min-height elementor-section-full_width elementor-section-items-stretch elementor-section-content-middle elementor-section-height-default\" data-id=\"2c38f67d\" data-element_type=\"section\" data-e-type=\"section\" data-settings=\"{&quot;background_background&quot;:&quot;classic&quot;}\">\n\t\t\t\t\t\t<div class=\"elementor-container elementor-column-gap-default\">\n\t\t\t\t\t<div class=\"elementor-column elementor-col-50 elementor-top-column elementor-element elementor-element-1a8dae1d\" data-id=\"1a8dae1d\" data-element_type=\"column\" data-e-type=\"column\" data-settings=\"{&quot;background_background&quot;:&quot;classic&quot;}\">\n\t\t\t<div class=\"elementor-widget-wrap elementor-element-populated\">\n\t\t\t\t\t\t<div class=\"elementor-element elementor-element-26886104 elementor-widget elementor-widget-heading\" data-id=\"26886104\" data-element_type=\"widget\" data-e-type=\"widget\" data-widget_type=\"heading.default\">\n\t\t\t\t<div class=\"elementor-widget-container\">\n\t\t\t\t\t<h1 class=\"elementor-heading-title elementor-size-default\">\u041d\u0456\u043c\u0435\u0446\u044c\u043a\u0430 \u043c\u043e\u0432\u0430 \u0434\u043b\u044f \u0440\u043e\u0431\u043e\u0442\u0438<\/h1>\t\t\t\t<\/div>\n\t\t\t\t<\/div>\n\t\t\t\t<div class=\"elementor-element elementor-element-3046166 elementor-widget elementor-widget-heading\" data-id=\"3046166\" data-element_type=\"widget\" data-e-type=\"widget\" data-widget_type=\"heading.default\">\n\t\t\t\t<div class=\"elementor-widget-container\">\n\t\t\t\t\t<h2 class=\"elementor-heading-title elementor-size-default\">\u043d\u0430\u0448\u0430 \u043f\u0440\u043e\u043f\u043e\u0437\u0438\u0446\u0456\u044f \u0434\u043b\u044f \u043c\u0456\u0433\u0440\u0430\u043d\u0442\u0456\u0432, <br>\u0411\u0456\u0436\u0435\u043d\u0446\u0456 \u0442\u0430 \u0443\u0447\u0430\u0441\u043d\u0438\u043a\u0438, \u0434\u043b\u044f \u044f\u043a\u0438\u0445 \u043d\u0456\u043c\u0435\u0446\u044c\u043a\u0430 \u043c\u043e\u0432\u0430 \u043d\u0435 \u0454 \u0440\u0456\u0434\u043d\u043e\u044e<\/h2>\t\t\t\t<\/div>\n\t\t\t\t<\/div>\n\t\t\t\t\t<\/div>\n\t\t<\/div>\n\t\t\t\t<div class=\"elementor-column elementor-col-50 elementor-top-column elementor-element elementor-element-65850b9a\" data-id=\"65850b9a\" data-element_type=\"column\" data-e-type=\"column\" data-settings=\"{&quot;background_background&quot;:&quot;classic&quot;}\">\n\t\t\t<div class=\"elementor-widget-wrap\">\n\t\t\t\t\t\t\t<\/div>\n\t\t<\/div>\n\t\t\t\t\t<\/div>\n\t\t<\/section>\n\t\t\t\t<section class=\"elementor-section elementor-top-section elementor-element elementor-element-7e501676 elementor-section-boxed elementor-section-height-default elementor-section-height-default\" data-id=\"7e501676\" data-element_type=\"section\" data-e-type=\"section\">\n\t\t\t\t\t\t<div class=\"elementor-container elementor-column-gap-default\">\n\t\t\t\t\t<div class=\"elementor-column elementor-col-100 elementor-top-column elementor-element elementor-element-49c9d018\" data-id=\"49c9d018\" data-element_type=\"column\" data-e-type=\"column\">\n\t\t\t<div class=\"elementor-widget-wrap elementor-element-populated\">\n\t\t\t\t\t\t<section class=\"elementor-section elementor-inner-section elementor-element elementor-element-782df3f6 elementor-section-boxed elementor-section-height-default elementor-section-height-default\" data-id=\"782df3f6\" data-element_type=\"section\" data-e-type=\"section\">\n\t\t\t\t\t\t<div class=\"elementor-container elementor-column-gap-default\">\n\t\t\t\t\t<div class=\"elementor-column elementor-col-100 elementor-inner-column elementor-element elementor-element-3eea53c4\" data-id=\"3eea53c4\" data-element_type=\"column\" data-e-type=\"column\">\n\t\t\t<div class=\"elementor-widget-wrap elementor-element-populated\">\n\t\t\t\t\t\t<div class=\"elementor-element elementor-element-7f9cf5ee elementor-widget elementor-widget-text-editor\" data-id=\"7f9cf5ee\" data-element_type=\"widget\" data-e-type=\"widget\" data-widget_type=\"text-editor.default\">\n\t\t\t\t<div class=\"elementor-widget-container\">\n\t\t\t\t\t\t\t\t\t<p style=\"font-weight: 400; font-size: 26px;\"><strong>\u0425\u043e\u0447\u0435\u0442\u0435 \u0441\u0442\u0430\u0442\u0438 \u0437\u0432\u0430\u0440\u044e\u0432\u0430\u043b\u044c\u043d\u0438\u043a\u043e\u043c, \u0430\u043b\u0435 \u0432\u0430\u0448\u0456 \u0437\u043d\u0430\u043d\u043d\u044f \u043d\u0456\u043c\u0435\u0446\u044c\u043a\u043e\u0457 \u043c\u043e\u0432\u0438 \u0449\u0435 \u043d\u0435 \u043d\u0430\u0441\u0442\u0456\u043b\u044c\u043a\u0438 \u0445\u043e\u0440\u043e\u0448\u0456? \u041d\u0456\u0447\u043e\u0433\u043e \u0441\u0442\u0440\u0430\u0448\u043d\u043e\u0433\u043e!<\/strong> <strong>\u041c\u0438 \u043c\u043e\u0436\u0435\u043c\u043e \u0432\u0430\u043c \u0434\u043e\u043f\u043e\u043c\u043e\u0433\u0442\u0438!<\/strong><\/p>\n<p style=\"font-weight: 400;\">\u041d\u0430\u0448\u0456 \u043a\u0443\u0440\u0441\u0438 \u043d\u0456\u043c\u0435\u0446\u044c\u043a\u043e\u0457 \u043c\u043e\u0432\u0438 \u043e\u0440\u0456\u0454\u043d\u0442\u043e\u0432\u0430\u043d\u0456, \u0437\u043e\u043a\u0440\u0435\u043c\u0430, \u043d\u0430 \u043b\u044e\u0434\u0435\u0439, \u044f\u043a\u0456 \u0448\u0443\u043a\u0430\u044e\u0442\u044c \u0431\u0435\u0437\u043f\u0435\u0447\u043d\u0443 \u0442\u0430 \u0432\u0438\u0441\u043e\u043a\u043e\u043e\u043f\u043b\u0430\u0447\u0443\u0432\u0430\u043d\u0443 \u0440\u043e\u0431\u043e\u0442\u0443 - \u043d\u0430\u0432\u0456\u0442\u044c \u044f\u043a\u0449\u043e \u0432\u043e\u043d\u0438 \u0449\u0435 \u043d\u0435 \u0432\u043e\u043b\u043e\u0434\u0456\u044e\u0442\u044c \u0434\u043e\u0441\u043a\u043e\u043d\u0430\u043b\u043e \u043d\u0456\u043c\u0435\u0446\u044c\u043a\u043e\u044e \u043c\u043e\u0432\u043e\u044e.<\/p>\n<p style=\"font-weight: 400;\"><strong>\u0422\u043e\u043c\u0443 \u0449\u043e \u043c\u0438 \u0437\u043d\u0430\u0454\u043c\u043e: <\/strong>\u0411\u0430\u0433\u0430\u0442\u043e \u0431\u0456\u0436\u0435\u043d\u0446\u0456\u0432 \u0442\u0430 \u043c\u0456\u0433\u0440\u0430\u043d\u0442\u0456\u0432 \u043f\u043e\u0442\u0440\u0435\u0431\u0443\u044e\u0442\u044c \u0448\u0432\u0438\u0434\u043a\u043e\u0433\u043e \u0441\u0442\u0430\u0440\u0442\u0443 \u043a\u0430\u0440'\u0454\u0440\u0438 \u0442\u0430 \u0432\u0456\u0434\u0447\u0443\u0442\u0442\u044f \u0441\u0435\u0431\u0435 \u044f\u043a \u0432\u0434\u043e\u043c\u0430, <strong>\u0431\u0430\u0436\u0430\u043d\u0456 \u0442\u0430 \u0456\u043d\u0442\u0435\u0433\u0440\u043e\u0432\u0430\u043d\u0456<\/strong> \u0431\u0443\u0442\u0438. \u0421\u0430\u043c\u0435 \u0442\u0443\u0442 \u043c\u0438 \u0445\u043e\u0447\u0435\u043c\u043e \u0434\u043e\u043f\u043e\u043c\u043e\u0433\u0442\u0438.<\/p>\n<p style=\"font-weight: 400;\"><strong>\u041f\u0440\u043e\u0444\u0435\u0441\u0456\u0439\u043d\u0430 \u043d\u0456\u043c\u0435\u0446\u044c\u043a\u0430, \u044f\u043a\u0430 \u0432\u0438\u0432\u0435\u0434\u0435 \u0432\u0430\u0441 \u0432\u043f\u0435\u0440\u0435\u0434 - \u043e\u0434\u0440\u0430\u0437\u0443 \u043d\u0430 \u0440\u043e\u0431\u043e\u0442\u0443.<\/strong><\/p>\n<p style=\"font-weight: 400;\">\u041c\u0438 \u043f\u0456\u0434\u0442\u0440\u0438\u043c\u0443\u0454\u043c\u043e \u0432\u0430\u0441 \u043d\u0430\u0448\u0438\u043c\u0438 \u0441\u043f\u0435\u0446\u0456\u0430\u043b\u044c\u043d\u0438\u043c\u0438 \u043c\u043e\u0432\u043d\u0438\u043c\u0438 \u043a\u0443\u0440\u0441\u0430\u043c\u0438, \u0442\u0430\u043a \u0437\u0432\u0430\u043d\u0438\u043c\u0438 <strong>\u043f\u0456\u0434\u0442\u0440\u0438\u043c\u043a\u0430 \u043d\u0456\u043c\u0435\u0446\u044c\u043a\u043e\u0457 \u043c\u043e\u0432\u0438, \u043f\u043e\u0432'\u044f\u0437\u0430\u043d\u0430 \u0437 \u0440\u043e\u0431\u043e\u0442\u043e\u044e.<\/strong> \u041d\u0430 \u043d\u0430\u0448\u043e\u043c\u0443 \u043a\u0443\u0440\u0441\u0456 \u043d\u0456\u043c\u0435\u0446\u044c\u043a\u043e\u0457 \u043c\u043e\u0432\u0438 \u0432\u0438 \u0432\u0438\u0432\u0447\u0438\u0442\u0435 \u043d\u0430\u0439\u0432\u0430\u0436\u043b\u0438\u0432\u0456\u0448\u0456 \u0442\u0435\u0440\u043c\u0456\u043d\u0438 \u0442\u0430 \u0432\u0438\u0440\u0430\u0437\u0438, \u044f\u043a\u0456 \u0437\u0433\u043e\u0434\u043e\u043c \u0437\u043d\u0430\u0434\u043e\u0431\u043b\u044f\u0442\u044c\u0441\u044f \u0432\u0430\u043c \u0443 \u043f\u0440\u043e\u0444\u0435\u0441\u0456\u0457 \u0437\u0432\u0430\u0440\u044e\u0432\u0430\u043b\u044c\u043d\u0438\u043a\u0430 - \u043d\u0430 \u043f\u0440\u0430\u043a\u0442\u0438\u0446\u0456 \u0442\u0430 \u0443 \u0437\u0440\u043e\u0437\u0443\u043c\u0456\u043b\u0456\u0439 \u0444\u043e\u0440\u043c\u0456.<\/p>\n<p style=\"font-weight: 400;\"><strong>\u0427\u043e\u0433\u043e \u043c\u043e\u0436\u043d\u0430 \u043e\u0447\u0456\u043a\u0443\u0432\u0430\u0442\u0438: <\/strong><\/p>\n\n<ul style=\"font-weight: 400;\">\n \t<li><strong>270 \u0433\u043e\u0434\u0438\u043d \u0437\u0430\u043d\u044f\u0442\u044c<\/strong><\/li>\n \t<li><strong>\u041c\u043e\u0432\u043d\u0430 \u043f\u0456\u0434\u0433\u043e\u0442\u043e\u0432\u043a\u0430, \u0431\u0435\u0437\u043f\u043e\u0441\u0435\u0440\u0435\u0434\u043d\u044c\u043e \u043f\u043e\u0432'\u044f\u0437\u0430\u043d\u0430 \u0437\u0456 \u0437\u0432\u0430\u0440\u044e\u0432\u0430\u043b\u044c\u043d\u043e\u044e \u043f\u0440\u043e\u0444\u0435\u0441\u0456\u0454\u044e<\/strong><\/li>\n \t<li><strong>\u0406\u043d\u0434\u0438\u0432\u0456\u0434\u0443\u0430\u043b\u044c\u043d\u0430 \u043f\u0456\u0434\u0442\u0440\u0438\u043c\u043a\u0430\n<\/strong><\/li>\n<\/ul>\n<p style=\"font-weight: 400;\"><strong>\n\u041f\u0440\u0438\u0454\u043c\u043d\u043e \u0447\u0443\u0442\u0438.<\/strong><\/p>\n<p style=\"font-weight: 400;\">\u0421\u0435\u0440\u0435\u0434 \u043a\u0443\u0440\u0441\u0456\u0432 \u0454 <strong>\u0431\u0435\u0437\u043a\u043e\u0448\u0442\u043e\u0432\u043d\u043e<\/strong>, \u044f\u043a\u0449\u043e \u0443 \u0432\u0430\u0441 \u0454 <strong>\u0412\u0430\u0443\u0447\u0435\u0440 \u043d\u0430 \u043d\u0430\u0432\u0447\u0430\u043d\u043d\u044f \u0432\u0456\u0434 \u043e\u0444\u0456\u0441\u0443<\/strong> \u043e\u0442\u0440\u0438\u043c\u0430\u0442\u0438. \u0412\u0438 \u043c\u043e\u0436\u0435\u0442\u0435 \u043f\u043e\u0434\u0430\u0442\u0438 \u0437\u0430\u044f\u0432\u043a\u0443 \u043d\u0430 \u043e\u0442\u0440\u0438\u043c\u0430\u043d\u043d\u044f \u0432\u0430\u0443\u0447\u0435\u0440\u0430 \u043d\u0430 \u043d\u0430\u0432\u0447\u0430\u043d\u043d\u044f \u0432 \u0446\u0435\u043d\u0442\u0440\u0456 \u0437\u0430\u0439\u043d\u044f\u0442\u043e\u0441\u0442\u0456 \u0430\u0431\u043e \u0432 \u0441\u043b\u0443\u0436\u0431\u0456 \u0437\u0430\u0439\u043d\u044f\u0442\u043e\u0441\u0442\u0456. <strong>\u041c\u0438 \u043f\u0456\u0434\u0442\u0440\u0438\u043c\u0430\u0454\u043c\u043e \u0432\u0430\u0441! <\/strong><\/p>\n<p style=\"font-weight: 400;\">\u0422\u043e\u0436 \u0432\u0438 \u043c\u043e\u0436\u0435\u0442\u0435 \u043f\u043e\u0432\u043d\u0456\u0441\u0442\u044e \u0441\u043a\u043e\u043d\u0446\u0435\u043d\u0442\u0440\u0443\u0432\u0430\u0442\u0438\u0441\u044f \u043d\u0430 \u0441\u0432\u043e\u0454\u043c\u0443 \u043c\u0430\u0439\u0431\u0443\u0442\u043d\u044c\u043e\u043c\u0443 - \u0431\u0435\u0437 \u0436\u043e\u0434\u043d\u0438\u0445 \u0444\u0456\u043d\u0430\u043d\u0441\u043e\u0432\u0438\u0445 \u0442\u0443\u0440\u0431\u043e\u0442!<\/p>\n<p style=\"font-weight: 400;\"><strong>\u0423 \u0432\u0430\u0441 \u0437\u0430\u043b\u0438\u0448\u0438\u043b\u0438\u0441\u044f \u043f\u0438\u0442\u0430\u043d\u043d\u044f? \u041c\u0438 \u0442\u0443\u0442 \u0434\u043b\u044f \u0432\u0430\u0441!<\/strong><\/p>\n<p style=\"font-weight: 400;\">\u042f\u043a\u0449\u043e \u0432\u0438 \u0445\u043e\u0447\u0435\u0442\u0435 \u0434\u0456\u0437\u043d\u0430\u0442\u0438\u0441\u044f \u0431\u0456\u043b\u044c\u0448\u0435 \u043f\u0440\u043e \u043d\u0430\u0448\u0456 \u043a\u0443\u0440\u0441\u0438 \u0430\u0431\u043e \u0432\u0430\u043c \u043f\u043e\u0442\u0440\u0456\u0431\u043d\u0430 \u0434\u043e\u043f\u043e\u043c\u043e\u0433\u0430 \u0437 \u0440\u0435\u0454\u0441\u0442\u0440\u0430\u0446\u0456\u0454\u044e - \u043c\u0438 \u0431\u0443\u0434\u0435\u043c\u043e \u0440\u0430\u0434\u0456 \u0434\u043e\u043f\u043e\u043c\u043e\u0433\u0442\u0438 \u0432\u0430\u043c!<\/p>\n<p style=\"font-weight: 400;\"><strong>\u00a0\u0423 \u0432\u0430\u0441 \u0437\u0430\u043b\u0438\u0448\u0438\u043b\u0438\u0441\u044f \u043f\u0438\u0442\u0430\u043d\u043d\u044f? \u0422\u043e\u0434\u0456 \u0437\u0432'\u044f\u0436\u0456\u0442\u044c\u0441\u044f \u0437 \u043d\u0430\u043c\u0438 - \u043c\u0438 \u0437 \u043d\u0435\u0442\u0435\u0440\u043f\u0456\u043d\u043d\u044f\u043c \u0447\u0435\u043a\u0430\u0454\u043c\u043e \u043d\u0430 \u0432\u0430\u0441!<\/strong><\/p>\n<p style=\"font-weight: 400;\">\u0417\u0432\u0435\u0440\u043d\u0456\u0442\u044c\u0441\u044f \u0431\u0435\u0437\u043f\u043e\u0441\u0435\u0440\u0435\u0434\u043d\u044c\u043e \u0434\u043e \u043d\u0430\u0448\u043e\u0433\u043e \u0442\u0440\u0435\u043d\u0456\u043d\u0433-\u043c\u0435\u043d\u0435\u0434\u0436\u0435\u0440\u0430 \u043f\u0430\u043d\u0430 \u0414\u043e\u0433\u0430\u043d\u0430 \u0421\u0435\u043d\u0435\u0440\u0430! \u0422\u0435\u043b:\u00a0<a href=\"tel:0172\/7358016\">0172\/7358016<\/a>\u00a0\u0430\u0431\u043e\u00a0<a href=\"tel:0223343501\">02233 43501<\/a><\/p>\n<p style=\"font-weight: 400;\"><\/p>\t\t\t\t\t\t\t\t<\/div>\n\t\t\t\t<\/div>\n\t\t\t\t\t<\/div>\n\t\t<\/div>\n\t\t\t\t\t<\/div>\n\t\t<\/section>\n\t\t\t\t\t<\/div>\n\t\t<\/div>\n\t\t\t\t\t<\/div>\n\t\t<\/section>\n\t\t\t\t<\/div>","protected":false},"excerpt":{"rendered":"<p>Deutsch f\u00fcr den Beruf unser Angebot f\u00fcr Migrantinnen und Migranten, Gefl\u00fcchtete und Teilnehmende mit Deutsch als Nicht-Muttersprache Du m\u00f6chtest Schwei\u00dfer werden, aber deine Deutschkenntnisse sind noch nicht so gut? Kein Problem! Wir helfen dir! Unsere Deutschkurse richten sich besonders an Menschen, die einen sicheren und gut bezahlten Job suchen \u2013 auch wenn sie noch nicht [&hellip;]<\/p>\n","protected":false},"author":1,"featured_media":0,"parent":0,"menu_order":0,"comment_status":"closed","ping_status":"closed","template":"","meta":{"footnotes":""},"class_list":["post-2678","page","type-page","status-publish","hentry"],"_links":{"self":[{"href":"https:\/\/bsm-schweisserausbildung.de\/uk\/wp-json\/wp\/v2\/pages\/2678","targetHints":{"allow":["GET"]}}],"collection":[{"href":"https:\/\/bsm-schweisserausbildung.de\/uk\/wp-json\/wp\/v2\/pages"}],"about":[{"href":"https:\/\/bsm-schweisserausbildung.de\/uk\/wp-json\/wp\/v2\/types\/page"}],"author":[{"embeddable":true,"href":"https:\/\/bsm-schweisserausbildung.de\/uk\/wp-json\/wp\/v2\/users\/1"}],"replies":[{"embeddable":true,"href":"https:\/\/bsm-schweisserausbildung.de\/uk\/wp-json\/wp\/v2\/comments?post=2678"}],"version-history":[{"count":10,"href":"https:\/\/bsm-schweisserausbildung.de\/uk\/wp-json\/wp\/v2\/pages\/2678\/revisions"}],"predecessor-version":[{"id":2836,"href":"https:\/\/bsm-schweisserausbildung.de\/uk\/wp-json\/wp\/v2\/pages\/2678\/revisions\/2836"}],"wp:attachment":[{"href":"https:\/\/bsm-schweisserausbildung.de\/uk\/wp-json\/wp\/v2\/media?parent=2678"}],"curies":[{"name":"wp","href":"https:\/\/api.w.org\/{rel}","templated":true}]}}