{"id":454,"date":"2022-06-03T12:20:17","date_gmt":"2022-06-03T10:20:17","guid":{"rendered":"http:\/\/planb.bbk-cloud.de\/?page_id=454"},"modified":"2023-10-20T15:30:16","modified_gmt":"2023-10-20T13:30:16","slug":"impressum","status":"publish","type":"page","link":"https:\/\/bsm-schweisserausbildung.de\/tr\/impressum\/","title":{"rendered":"K\u00fcnye"},"content":{"rendered":"<div data-elementor-type=\"wp-page\" data-elementor-id=\"454\" class=\"elementor elementor-454\" data-elementor-post-type=\"page\">\n\t\t\t\t\t\t<section class=\"elementor-section elementor-top-section elementor-element elementor-element-631f064f elementor-section-height-min-height elementor-section-full_width elementor-section-items-stretch elementor-section-content-middle elementor-section-height-default\" data-id=\"631f064f\" data-element_type=\"section\" data-e-type=\"section\" data-settings=\"{&quot;background_background&quot;:&quot;classic&quot;}\">\n\t\t\t\t\t\t<div class=\"elementor-container elementor-column-gap-default\">\n\t\t\t\t\t<div class=\"elementor-column elementor-col-50 elementor-top-column elementor-element elementor-element-13f48545\" data-id=\"13f48545\" data-element_type=\"column\" data-e-type=\"column\" data-settings=\"{&quot;background_background&quot;:&quot;classic&quot;}\">\n\t\t\t<div class=\"elementor-widget-wrap elementor-element-populated\">\n\t\t\t\t\t\t<div class=\"elementor-element elementor-element-5431d260 elementor-widget elementor-widget-heading\" data-id=\"5431d260\" data-element_type=\"widget\" data-e-type=\"widget\" data-widget_type=\"heading.default\">\n\t\t\t\t<div class=\"elementor-widget-container\">\n\t\t\t\t\t<h1 class=\"elementor-heading-title elementor-size-default\">K\u00fcnye<\/h1>\t\t\t\t<\/div>\n\t\t\t\t<\/div>\n\t\t\t\t\t<\/div>\n\t\t<\/div>\n\t\t\t\t<div class=\"elementor-column elementor-col-50 elementor-top-column elementor-element elementor-element-4beb7087\" data-id=\"4beb7087\" data-element_type=\"column\" data-e-type=\"column\" data-settings=\"{&quot;background_background&quot;:&quot;classic&quot;}\">\n\t\t\t<div class=\"elementor-widget-wrap\">\n\t\t\t\t\t\t\t<\/div>\n\t\t<\/div>\n\t\t\t\t\t<\/div>\n\t\t<\/section>\n\t\t\t\t<section class=\"elementor-section elementor-top-section elementor-element elementor-element-b9e9cb8 elementor-section-boxed elementor-section-height-default elementor-section-height-default\" data-id=\"b9e9cb8\" data-element_type=\"section\" data-e-type=\"section\">\n\t\t\t\t\t\t<div class=\"elementor-container elementor-column-gap-default\">\n\t\t\t\t\t<div class=\"elementor-column elementor-col-100 elementor-top-column elementor-element elementor-element-fc1bc43\" data-id=\"fc1bc43\" data-element_type=\"column\" data-e-type=\"column\">\n\t\t\t<div class=\"elementor-widget-wrap elementor-element-populated\">\n\t\t\t\t\t\t<section class=\"elementor-section elementor-inner-section elementor-element elementor-element-2d9a23e elementor-section-boxed elementor-section-height-default elementor-section-height-default\" data-id=\"2d9a23e\" data-element_type=\"section\" data-e-type=\"section\">\n\t\t\t\t\t\t<div class=\"elementor-container elementor-column-gap-default\">\n\t\t\t\t\t<div class=\"elementor-column elementor-col-100 elementor-inner-column elementor-element elementor-element-6f65ecc\" data-id=\"6f65ecc\" data-element_type=\"column\" data-e-type=\"column\">\n\t\t\t<div class=\"elementor-widget-wrap elementor-element-populated\">\n\t\t\t\t\t\t<div class=\"elementor-element elementor-element-ca6824f elementor-widget elementor-widget-text-editor\" data-id=\"ca6824f\" data-element_type=\"widget\" data-e-type=\"widget\" data-widget_type=\"text-editor.default\">\n\t\t\t\t<div class=\"elementor-widget-container\">\n\t\t\t\t\t\t\t\t\t<p><strong>TMG \u00a7 5 uyar\u0131nca bilgiler:<\/strong><\/p>\n<p>BSM - Kaynak ve metal teknolojisi e\u011fitim merkezi<br>Bonnstra\u00dfe 489<\/p>\n<p>50354 H\u00fcrth<\/p>\n<p><strong>Ba\u015f Temsilci:<\/strong><br>Klaus Kutzner<\/p>\n<p><strong style=\"color: var( --e-global-color-text ); font-family: var( --e-global-typography-text-font-family ), Sans-serif; font-size: var( --e-global-typography-text-font-size ); font-style: var( --e-global-typography-text-font-style ); letter-spacing: var( --e-global-typography-text-letter-spacing ); text-decoration-line: ; text-transform: var( --e-global-typography-text-text-transform ); background-color: var( --e-global-color-873bb0e );\">\u0130leti\u015fim:<\/strong><br><\/p><p>Telefon: 0223 343501<br>E-posta: info@bsm-schweisserausbildung.de<\/p>\n<p><strong>AB uyu\u015fmazl\u0131k \u00e7\u00f6z\u00fcm\u00fcne at\u0131f<\/strong><br>Avrupa Komisyonu \u00e7evrimi\u00e7i uyu\u015fmazl\u0131k \u00e7\u00f6z\u00fcm\u00fc i\u00e7in bir platform sa\u011flamaktad\u0131r (OS): http:\/\/ec.europa.eu\/consumers\/odr<br>E-posta adresimizi yukar\u0131daki k\u00fcnyede bulabilirsiniz.<\/p>\n<p>BSM - Bildungsst\u00e4tte f\u00fcr Schwei\u00df- und Metalltechnik \u015firketi, bir t\u00fcketici tahkim kurulunda uyu\u015fmazl\u0131k \u00e7\u00f6z\u00fcm\u00fc i\u015flemlerine kat\u0131lmaya haz\u0131rd\u0131r. Avrupa Komisyonu, http:\/\/ec.europa.eu\/consumers\/odr\/ adresinde bulabilece\u011finiz \u00e7evrimi\u00e7i uyu\u015fmazl\u0131k \u00e7\u00f6z\u00fcm\u00fc (OS) i\u00e7in bir platform sa\u011flar. T\u00fcketiciler anla\u015fmazl\u0131klar\u0131n\u0131 \u00e7\u00f6zmek i\u00e7in bu platformu kullanabilirler.<\/p>\n<p>Kaynak: eRecht24<\/p>\n<p><strong>Sorumluluk reddi (feragatname)<br><\/strong><br><strong>\u0130\u00e7erik i\u00e7in sorumluluk<\/strong><\/p>\n<p>Bir hizmet sa\u011flay\u0131c\u0131 olarak, TMG (Alman Telemedya Yasas\u0131) Madde 7 (1) ve genel mevzuat uyar\u0131nca bu sayfalardaki kendi i\u00e7eri\u011fimizden sorumluyuz. Bununla birlikte, TMG \u00a7\u00a7 8 ila 10'a g\u00f6re, bir hizmet sa\u011flay\u0131c\u0131 olarak iletilen veya saklanan \u00fc\u00e7\u00fcnc\u00fc taraf bilgilerini izlemek veya yasa d\u0131\u015f\u0131 faaliyetlere i\u015faret eden durumlar\u0131 ara\u015ft\u0131rmak zorunda de\u011filiz. Genel mevzuat uyar\u0131nca bilgilerin kullan\u0131m\u0131n\u0131 kald\u0131rma veya engelleme y\u00fck\u00fcml\u00fcl\u00fckleri bundan etkilenmez. Ancak, bu konudaki sorumluluk yaln\u0131zca belirli bir ihlalin \u00f6\u011frenildi\u011fi andan itibaren m\u00fcmk\u00fcnd\u00fcr. Bu t\u00fcr ihlallerin fark\u0131na var\u0131r varmaz, bu i\u00e7eri\u011fi derhal kald\u0131raca\u011f\u0131z.<\/p>\n<p><strong>Ba\u011flant\u0131lar i\u00e7in sorumluluk<\/strong><\/p>\n<p>Web sitemiz, i\u00e7eri\u011fi \u00fczerinde hi\u00e7bir etkimiz olmayan harici \u00fc\u00e7\u00fcnc\u00fc taraf web sitelerine ba\u011flant\u0131lar i\u00e7ermektedir. Bu nedenle, bu \u00fc\u00e7\u00fcnc\u00fc taraf i\u00e7eri\u011fi i\u00e7in herhangi bir sorumluluk kabul edemeyiz. Ba\u011flant\u0131l\u0131 sayfalar\u0131n i\u00e7eri\u011finden her zaman sayfalar\u0131n ilgili sa\u011flay\u0131c\u0131s\u0131 veya operat\u00f6r\u00fc sorumludur. Ba\u011flant\u0131 verilen sayfalar, ba\u011flant\u0131 verildi\u011fi s\u0131rada olas\u0131 yasal ihlallere kar\u015f\u0131 kontrol edilmi\u015ftir. Ba\u011flant\u0131 verildi\u011fi s\u0131rada yasa d\u0131\u015f\u0131 i\u00e7erikler tespit edilememi\u015ftir. Ancak, ba\u011flant\u0131l\u0131 sayfalar\u0131n i\u00e7eri\u011finin s\u00fcrekli olarak izlenmesi, bir ihlalin somut kan\u0131t\u0131 olmadan makul de\u011fildir. Herhangi bir yasal ihlalden haberdar olursak, bu t\u00fcr ba\u011flant\u0131lar\u0131 derhal kald\u0131raca\u011f\u0131z.<\/p>\n<p><strong>Telif Hakk\u0131<\/strong><\/p>\n<p>Bu sayfalarda site operat\u00f6rleri taraf\u0131ndan olu\u015fturulan i\u00e7erik ve eserler Alman telif hakk\u0131 yasas\u0131na tabidir. \u00c7o\u011faltma, i\u015fleme, da\u011f\u0131t\u0131m ve telif hakk\u0131 yasas\u0131n\u0131n s\u0131n\u0131rlar\u0131 d\u0131\u015f\u0131ndaki her t\u00fcrl\u00fc kullan\u0131m, ilgili yazar\u0131n veya yarat\u0131c\u0131n\u0131n yaz\u0131l\u0131 onay\u0131n\u0131 gerektirir. Bu sitenin indirilmesine ve kopyalanmas\u0131na yaln\u0131zca \u00f6zel, ticari olmayan kullan\u0131m i\u00e7in izin verilir. Bu sitedeki i\u00e7erik operat\u00f6r taraf\u0131ndan olu\u015fturulmad\u0131\u011f\u0131 s\u00fcrece, \u00fc\u00e7\u00fcnc\u00fc taraflar\u0131n telif haklar\u0131na sayg\u0131 g\u00f6sterilir. \u00d6zellikle, \u00fc\u00e7\u00fcnc\u00fc taraf i\u00e7eri\u011fi bu \u015fekilde etiketlenir. Yine de bir telif hakk\u0131 ihlalinden haberdar olursan\u0131z, l\u00fctfen bizi uygun \u015fekilde bilgilendirin. Herhangi bir ihlalden haberdar olursak, bu t\u00fcr i\u00e7eri\u011fi derhal kald\u0131raca\u011f\u0131z.<\/p>\t\t\t\t\t\t\t\t<\/div>\n\t\t\t\t<\/div>\n\t\t\t\t\t<\/div>\n\t\t<\/div>\n\t\t\t\t\t<\/div>\n\t\t<\/section>\n\t\t\t\t\t<\/div>\n\t\t<\/div>\n\t\t\t\t\t<\/div>\n\t\t<\/section>\n\t\t\t\t<\/div>","protected":false},"excerpt":{"rendered":"<p>Impressum Angaben gem\u00e4\u00df \u00a7 5 TMG: BSM \u2013 Bildungsst\u00e4tte f\u00fcr Schwei\u00df- und MetalltechnikBonnstra\u00dfe 489 50354 H\u00fcrth Generalbevollm\u00e4chtigter:Klaus Kutzner Kontakt: Telefon: 0223 343501E-Mail: info@bsm-schweisserausbildung.de Hinweis auf EU-StreitschlichtungDie Europ\u00e4ische Kommission stellt eine Plattform zur Online-Streitbeilegung (OS) bereit: http:\/\/ec.europa.eu\/consumers\/odrUnsere E-Mail-Adresse finden sie oben im Impressum. Das Unternehmen BSM \u2013 Bildungsst\u00e4tte f\u00fcr Schwei\u00df- und Metalltechnik&nbsp;ist bereit, an Streitbeilegungsverfahren bei [&hellip;]<\/p>\n","protected":false},"author":2,"featured_media":0,"parent":0,"menu_order":0,"comment_status":"closed","ping_status":"closed","template":"","meta":{"footnotes":""},"class_list":["post-454","page","type-page","status-publish","hentry"],"_links":{"self":[{"href":"https:\/\/bsm-schweisserausbildung.de\/tr\/wp-json\/wp\/v2\/pages\/454","targetHints":{"allow":["GET"]}}],"collection":[{"href":"https:\/\/bsm-schweisserausbildung.de\/tr\/wp-json\/wp\/v2\/pages"}],"about":[{"href":"https:\/\/bsm-schweisserausbildung.de\/tr\/wp-json\/wp\/v2\/types\/page"}],"author":[{"embeddable":true,"href":"https:\/\/bsm-schweisserausbildung.de\/tr\/wp-json\/wp\/v2\/users\/2"}],"replies":[{"embeddable":true,"href":"https:\/\/bsm-schweisserausbildung.de\/tr\/wp-json\/wp\/v2\/comments?post=454"}],"version-history":[{"count":10,"href":"https:\/\/bsm-schweisserausbildung.de\/tr\/wp-json\/wp\/v2\/pages\/454\/revisions"}],"predecessor-version":[{"id":1820,"href":"https:\/\/bsm-schweisserausbildung.de\/tr\/wp-json\/wp\/v2\/pages\/454\/revisions\/1820"}],"wp:attachment":[{"href":"https:\/\/bsm-schweisserausbildung.de\/tr\/wp-json\/wp\/v2\/media?parent=454"}],"curies":[{"name":"wp","href":"https:\/\/api.w.org\/{rel}","templated":true}]}}