{"id":329,"date":"2022-06-03T11:19:23","date_gmt":"2022-06-03T09:19:23","guid":{"rendered":"http:\/\/planb.bbk-cloud.de\/?page_id=329"},"modified":"2026-02-19T12:50:18","modified_gmt":"2026-02-19T11:50:18","slug":"ueber-uns","status":"publish","type":"page","link":"https:\/\/bsm-schweisserausbildung.de\/tr\/ueber-uns\/","title":{"rendered":"Hakk\u0131m\u0131zda"},"content":{"rendered":"<div data-elementor-type=\"wp-page\" data-elementor-id=\"329\" class=\"elementor elementor-329\" data-elementor-post-type=\"page\">\n\t\t\t\t\t\t<section class=\"elementor-section elementor-top-section elementor-element elementor-element-8235635 elementor-section-height-min-height elementor-section-full_width elementor-section-items-stretch elementor-section-content-middle elementor-section-height-default\" data-id=\"8235635\" data-element_type=\"section\" data-e-type=\"section\" data-settings=\"{&quot;background_background&quot;:&quot;classic&quot;}\">\n\t\t\t\t\t\t<div class=\"elementor-container elementor-column-gap-default\">\n\t\t\t\t\t<div class=\"elementor-column elementor-col-50 elementor-top-column elementor-element elementor-element-1ab12e2\" data-id=\"1ab12e2\" data-element_type=\"column\" data-e-type=\"column\" data-settings=\"{&quot;background_background&quot;:&quot;classic&quot;}\">\n\t\t\t<div class=\"elementor-widget-wrap elementor-element-populated\">\n\t\t\t\t\t\t<div class=\"elementor-element elementor-element-8f26c03 elementor-widget elementor-widget-heading\" data-id=\"8f26c03\" data-element_type=\"widget\" data-e-type=\"widget\" data-widget_type=\"heading.default\">\n\t\t\t\t<div class=\"elementor-widget-container\">\n\t\t\t\t\t<h1 class=\"elementor-heading-title elementor-size-default\">Hakk\u0131m\u0131zda<\/h1>\t\t\t\t<\/div>\n\t\t\t\t<\/div>\n\t\t\t\t\t<\/div>\n\t\t<\/div>\n\t\t\t\t<div class=\"elementor-column elementor-col-50 elementor-top-column elementor-element elementor-element-f2b21d2\" data-id=\"f2b21d2\" data-element_type=\"column\" data-e-type=\"column\" data-settings=\"{&quot;background_background&quot;:&quot;classic&quot;}\">\n\t\t\t<div class=\"elementor-widget-wrap\">\n\t\t\t\t\t\t\t<\/div>\n\t\t<\/div>\n\t\t\t\t\t<\/div>\n\t\t<\/section>\n\t\t\t\t<section class=\"elementor-section elementor-top-section elementor-element elementor-element-6ba955e5 elementor-section-boxed elementor-section-height-default elementor-section-height-default\" data-id=\"6ba955e5\" data-element_type=\"section\" data-e-type=\"section\">\n\t\t\t\t\t\t<div class=\"elementor-container elementor-column-gap-default\">\n\t\t\t\t\t<div class=\"elementor-column elementor-col-100 elementor-top-column elementor-element elementor-element-b8d060f\" data-id=\"b8d060f\" data-element_type=\"column\" data-e-type=\"column\">\n\t\t\t<div class=\"elementor-widget-wrap elementor-element-populated\">\n\t\t\t\t\t\t<section class=\"elementor-section elementor-inner-section elementor-element elementor-element-794bf495 elementor-section-content-middle elementor-section-boxed elementor-section-height-default elementor-section-height-default\" data-id=\"794bf495\" data-element_type=\"section\" data-e-type=\"section\">\n\t\t\t\t\t\t<div class=\"elementor-container elementor-column-gap-default\">\n\t\t\t\t\t<div class=\"elementor-column elementor-col-100 elementor-inner-column elementor-element elementor-element-48d04e78\" data-id=\"48d04e78\" data-element_type=\"column\" data-e-type=\"column\">\n\t\t\t<div class=\"elementor-widget-wrap elementor-element-populated\">\n\t\t\t\t\t\t<div class=\"elementor-element elementor-element-6916e2f5 elementor-widget elementor-widget-heading\" data-id=\"6916e2f5\" data-element_type=\"widget\" data-e-type=\"widget\" data-widget_type=\"heading.default\">\n\t\t\t\t<div class=\"elementor-widget-container\">\n\t\t\t\t\t<h2 class=\"elementor-heading-title elementor-size-default\">Ki\u015fisel destek - yaln\u0131z de\u011filsiniz!<\/h2>\t\t\t\t<\/div>\n\t\t\t\t<\/div>\n\t\t\t\t\t<\/div>\n\t\t<\/div>\n\t\t\t\t\t<\/div>\n\t\t<\/section>\n\t\t\t\t<section class=\"elementor-section elementor-inner-section elementor-element elementor-element-19685f7c elementor-section-boxed elementor-section-height-default elementor-section-height-default\" data-id=\"19685f7c\" data-element_type=\"section\" data-e-type=\"section\">\n\t\t\t\t\t\t<div class=\"elementor-container elementor-column-gap-default\">\n\t\t\t\t\t<div class=\"elementor-column elementor-col-100 elementor-inner-column elementor-element elementor-element-41519cc6\" data-id=\"41519cc6\" data-element_type=\"column\" data-e-type=\"column\">\n\t\t\t<div class=\"elementor-widget-wrap elementor-element-populated\">\n\t\t\t\t\t\t<div class=\"elementor-element elementor-element-a102c4c elementor-widget elementor-widget-text-editor\" data-id=\"a102c4c\" data-element_type=\"widget\" data-e-type=\"widget\" data-widget_type=\"text-editor.default\">\n\t\t\t\t<div class=\"elementor-widget-container\">\n\t\t\t\t\t\t\t\t\t<p style=\"font-weight: 400;\"><strong>Yeni bir kariyer ba\u015flang\u0131c\u0131 genellikle belirsizlikleri de beraberinde getirir. Bir\u00e7ok insan kariyerleri hakk\u0131nda endi\u015felenir:<\/strong><\/p><ul><li style=\"list-style-type: none;\"><ul><li style=\"font-weight: 400;\"><strong>Sa\u011fl\u0131k:<\/strong> Bir\u00e7ok insan kaynak duman\u0131ndan, tozdan veya yaralanmalardan korkar. Size nas\u0131l g\u00fcvenli \u00e7al\u0131\u015faca\u011f\u0131n\u0131z\u0131 ve korunaca\u011f\u0131n\u0131z\u0131 g\u00f6steriyoruz.<\/li><li style=\"font-weight: 400;\"><strong>Kendinden \u015f\u00fcphe etmek:<\/strong> \u00d6zellikle kariyer de\u011fi\u015ftirenler kendilerine \u015fu sorular\u0131 soruyor: \u201eUygun muyum?\u201c veya \u201eBuna de\u011fer mi?\u201c - size rehberlik ediyor ve ad\u0131m ad\u0131m size e\u015flik ediyoruz.<\/li><li style=\"font-weight: 400;\"><strong>Ge\u00e7mi\u015f deneyimler:<\/strong> E\u011fitimini yar\u0131da b\u0131rakm\u0131\u015f ya da k\u00f6t\u00fc bir deneyim ya\u015fam\u0131\u015f herkes genellikle \u015f\u00fcphecidir. Bizimle, net bir yap\u0131 ve ger\u00e7ek destek ile yeni bir ba\u015flang\u0131\u00e7 yapars\u0131n\u0131z.<\/li><\/ul><\/li><\/ul><div>\u00a0<\/div><p style=\"font-weight: 400;\"><strong>Bizimle sadece bir \u00e7\u0131rakl\u0131k e\u011fitimi de\u011fil, ayn\u0131 zamanda kendinizi g\u00fcvende ve de\u011ferli hissetti\u011finiz bir ortam bulacaks\u0131n\u0131z!<\/strong><\/p><p style=\"font-weight: 400;\"><strong>\u00c7\u00fcnk\u00fc biz inan\u0131yoruz ki<\/strong>: Profesyonel olarak varanlar hayatta da varabilirler. Bu y\u00fczden sizi sadece profesyonel olarak de\u011fil, ayn\u0131 zamanda hayatta da desteklemek i\u00e7in elimizden gelen her \u015feyi yap\u0131yoruz. <strong>ki\u015fisel olarak g\u00fc\u00e7lenmek i\u00e7in<\/strong>- k\u00f6keni veya dili ne olursa olsun.<\/p><p style=\"font-weight: 400;\">E\u011fitim m\u00fcd\u00fcr\u00fcm\u00fcz, <strong>Bay Do\u011fan \u015eener, <\/strong>Sab\u0131r, y\u00fcrek ve deneyimle size ki\u015fisel olarak e\u015flik eder ve destekler. E\u011fitim y\u00f6neticisi olarak uzun y\u0131llara dayanan tecr\u00fcbesiyle, neye ihtiyac\u0131n\u0131z oldu\u011funu ve size nas\u0131l yard\u0131mc\u0131 olabilece\u011fini bilir. Pratik al\u0131\u015ft\u0131rmalar, sorular veya sadece sizi dinleyecek birine ihtiya\u00e7 duydu\u011funuzda: yan\u0131n\u0131zday\u0131z!<\/p><p style=\"font-weight: 400;\"><strong>Kar\u015f\u0131l\u0131kl\u0131 sayg\u0131 - bizim i\u00e7in tabii bir mesele! <\/strong><\/p><p style=\"font-weight: 400;\">Bizimle birlikte \u00e7al\u0131\u015facaklar\u0131n\u0131z <strong>Sayg\u0131, a\u00e7\u0131kl\u0131k ve ger\u00e7ek takdir<\/strong> tedavi edildi. \u00dczerinde \u00e7al\u0131\u015f\u0131yoruz <strong>G\u00f6z hizas\u0131<\/strong>, Nereden geldi\u011finiz, hangi dili konu\u015ftu\u011funuz veya hangi deneyime sahip oldu\u011funuz \u00f6nemli de\u011fildir.<\/p><p style=\"font-weight: 400;\">Siz bizim i\u00e7in sadece bir kat\u0131l\u0131mc\u0131 de\u011fil, ayn\u0131 zamanda bir <strong>Becerileri ve potansiyeli olan ki\u015filer<\/strong>. \u0130\u015fte biz de tam olarak bunu destekliyoruz. <strong>Sab\u0131r, g\u00fcven ve ki\u015fisel destek<\/strong>.<\/p><p style=\"font-weight: 400;\"><strong>\u00a0<\/strong><\/p><p style=\"font-weight: 400;\"><strong>Gelece\u011finize bir kaynak\u00e7\u0131 olarak ba\u015flay\u0131n - g\u00fcvenli, iyi maa\u015fl\u0131 ve bizimle birlikte! <\/strong><\/p><p style=\"font-weight: 400;\"><strong>\u00a0<\/strong><\/p>\t\t\t\t\t\t\t\t<\/div>\n\t\t\t\t<\/div>\n\t\t\t\t\t<\/div>\n\t\t<\/div>\n\t\t\t\t\t<\/div>\n\t\t<\/section>\n\t\t\t\t\t<\/div>\n\t\t<\/div>\n\t\t\t\t\t<\/div>\n\t\t<\/section>\n\t\t\t\t<section class=\"elementor-section elementor-top-section elementor-element elementor-element-ef5816d elementor-section-content-middle elementor-section-boxed elementor-section-height-default elementor-section-height-default\" data-id=\"ef5816d\" data-element_type=\"section\" data-e-type=\"section\" data-settings=\"{&quot;background_background&quot;:&quot;classic&quot;}\">\n\t\t\t\t\t\t<div class=\"elementor-container elementor-column-gap-no\">\n\t\t\t\t\t<div class=\"elementor-column elementor-col-100 elementor-top-column elementor-element elementor-element-18e1394e\" data-id=\"18e1394e\" data-element_type=\"column\" data-e-type=\"column\">\n\t\t\t<div class=\"elementor-widget-wrap elementor-element-populated\">\n\t\t\t\t\t\t<section class=\"elementor-section elementor-inner-section elementor-element elementor-element-b3d4d7f elementor-section-boxed elementor-section-height-default elementor-section-height-default\" data-id=\"b3d4d7f\" data-element_type=\"section\" data-e-type=\"section\">\n\t\t\t\t\t\t<div class=\"elementor-container elementor-column-gap-default\">\n\t\t\t\t\t<div class=\"elementor-column elementor-col-50 elementor-inner-column elementor-element elementor-element-77ab76d\" data-id=\"77ab76d\" data-element_type=\"column\" data-e-type=\"column\">\n\t\t\t<div class=\"elementor-widget-wrap elementor-element-populated\">\n\t\t\t\t\t\t<div class=\"elementor-element elementor-element-3445675 elementor-widget elementor-widget-heading\" data-id=\"3445675\" data-element_type=\"widget\" data-e-type=\"widget\" data-widget_type=\"heading.default\">\n\t\t\t\t<div class=\"elementor-widget-container\">\n\t\t\t\t\t<h2 class=\"elementor-heading-title elementor-size-default\">Bize ula\u015f\u0131n<\/h2>\t\t\t\t<\/div>\n\t\t\t\t<\/div>\n\t\t\t\t\t<\/div>\n\t\t<\/div>\n\t\t\t\t<div class=\"elementor-column elementor-col-50 elementor-inner-column elementor-element elementor-element-aea75ed\" data-id=\"aea75ed\" data-element_type=\"column\" data-e-type=\"column\">\n\t\t\t<div class=\"elementor-widget-wrap\">\n\t\t\t\t\t\t\t<\/div>\n\t\t<\/div>\n\t\t\t\t\t<\/div>\n\t\t<\/section>\n\t\t\t\t<section class=\"elementor-section elementor-inner-section elementor-element elementor-element-be8fa3b elementor-section-boxed elementor-section-height-default elementor-section-height-default\" data-id=\"be8fa3b\" data-element_type=\"section\" data-e-type=\"section\">\n\t\t\t\t\t\t<div class=\"elementor-container elementor-column-gap-default\">\n\t\t\t\t\t<div class=\"elementor-column elementor-col-33 elementor-inner-column elementor-element elementor-element-d8ff5dc\" data-id=\"d8ff5dc\" data-element_type=\"column\" data-e-type=\"column\">\n\t\t\t<div class=\"elementor-widget-wrap elementor-element-populated\">\n\t\t\t\t\t\t<div class=\"elementor-element elementor-element-f61c4bd elementor-view-default elementor-widget elementor-widget-icon\" data-id=\"f61c4bd\" data-element_type=\"widget\" data-e-type=\"widget\" data-widget_type=\"icon.default\">\n\t\t\t\t<div class=\"elementor-widget-container\">\n\t\t\t\t\t\t\t<div class=\"elementor-icon-wrapper\">\n\t\t\t<div class=\"elementor-icon\">\n\t\t\t<svg aria-hidden=\"true\" class=\"e-font-icon-svg e-fas-map-marker-alt\" viewbox=\"0 0 384 512\" xmlns=\"http:\/\/www.w3.org\/2000\/svg\"><path d=\"M172.268 501.67C26.97 291.031 0 269.413 0 192 0 85.961 85.961 0 192 0s192 85.961 192 192c0 77.413-26.97 99.031-172.268 309.67-9.535 13.774-29.93 13.773-39.464 0zM192 272c44.183 0 80-35.817 80-80s-35.817-80-80-80-80 35.817-80 80 35.817 80 80 80z\"><\/path><\/svg>\t\t\t<\/div>\n\t\t<\/div>\n\t\t\t\t\t\t<\/div>\n\t\t\t\t<\/div>\n\t\t\t\t<div class=\"elementor-element elementor-element-5635a6a elementor-widget elementor-widget-text-editor\" data-id=\"5635a6a\" data-element_type=\"widget\" data-e-type=\"widget\" data-widget_type=\"text-editor.default\">\n\t\t\t\t<div class=\"elementor-widget-container\">\n\t\t\t\t\t\t\t\t\t<p>Bonnstrasse 489<br \/>50354 H\u00fcrth<\/p>\t\t\t\t\t\t\t\t<\/div>\n\t\t\t\t<\/div>\n\t\t\t\t\t<\/div>\n\t\t<\/div>\n\t\t\t\t<div class=\"elementor-column elementor-col-33 elementor-inner-column elementor-element elementor-element-5c883cc\" data-id=\"5c883cc\" data-element_type=\"column\" data-e-type=\"column\">\n\t\t\t<div class=\"elementor-widget-wrap elementor-element-populated\">\n\t\t\t\t\t\t<div class=\"elementor-element elementor-element-8a11ff0 elementor-view-default elementor-widget elementor-widget-icon\" data-id=\"8a11ff0\" data-element_type=\"widget\" data-e-type=\"widget\" data-widget_type=\"icon.default\">\n\t\t\t\t<div class=\"elementor-widget-container\">\n\t\t\t\t\t\t\t<div class=\"elementor-icon-wrapper\">\n\t\t\t<div class=\"elementor-icon\">\n\t\t\t<svg aria-hidden=\"true\" class=\"e-font-icon-svg e-fas-phone-alt\" viewbox=\"0 0 512 512\" xmlns=\"http:\/\/www.w3.org\/2000\/svg\"><path d=\"M497.39 361.8l-112-48a24 24 0 0 0-28 6.9l-49.6 60.6A370.66 370.66 0 0 1 130.6 204.11l60.6-49.6a23.94 23.94 0 0 0 6.9-28l-48-112A24.16 24.16 0 0 0 122.6.61l-104 24A24 24 0 0 0 0 48c0 256.5 207.9 464 464 464a24 24 0 0 0 23.4-18.6l24-104a24.29 24.29 0 0 0-14.01-27.6z\"><\/path><\/svg>\t\t\t<\/div>\n\t\t<\/div>\n\t\t\t\t\t\t<\/div>\n\t\t\t\t<\/div>\n\t\t\t\t<div class=\"elementor-element elementor-element-e29ab06 elementor-widget elementor-widget-text-editor\" data-id=\"e29ab06\" data-element_type=\"widget\" data-e-type=\"widget\" data-widget_type=\"text-editor.default\">\n\t\t\t\t<div class=\"elementor-widget-container\">\n\t\t\t\t\t\t\t\t\t<p>Tel.: 02233 43501<br \/>Mobil: 0172\/7358016<br \/>Faks: 02233 46953<\/p>\t\t\t\t\t\t\t\t<\/div>\n\t\t\t\t<\/div>\n\t\t\t\t\t<\/div>\n\t\t<\/div>\n\t\t\t\t<div class=\"elementor-column elementor-col-33 elementor-inner-column elementor-element elementor-element-a9b9966\" data-id=\"a9b9966\" data-element_type=\"column\" data-e-type=\"column\">\n\t\t\t<div class=\"elementor-widget-wrap elementor-element-populated\">\n\t\t\t\t\t\t<div class=\"elementor-element elementor-element-5458431 elementor-view-default elementor-widget elementor-widget-icon\" data-id=\"5458431\" data-element_type=\"widget\" data-e-type=\"widget\" data-widget_type=\"icon.default\">\n\t\t\t\t<div class=\"elementor-widget-container\">\n\t\t\t\t\t\t\t<div class=\"elementor-icon-wrapper\">\n\t\t\t<div class=\"elementor-icon\">\n\t\t\t<svg aria-hidden=\"true\" class=\"e-font-icon-svg e-far-envelope\" viewbox=\"0 0 512 512\" xmlns=\"http:\/\/www.w3.org\/2000\/svg\"><path d=\"M464 64H48C21.49 64 0 85.49 0 112v288c0 26.51 21.49 48 48 48h416c26.51 0 48-21.49 48-48V112c0-26.51-21.49-48-48-48zm0 48v40.805c-22.422 18.259-58.168 46.651-134.587 106.49-16.841 13.247-50.201 45.072-73.413 44.701-23.208.375-56.579-31.459-73.413-44.701C106.18 199.465 70.425 171.067 48 152.805V112h416zM48 400V214.398c22.914 18.251 55.409 43.862 104.938 82.646 21.857 17.205 60.134 55.186 103.062 54.955 42.717.231 80.509-37.199 103.053-54.947 49.528-38.783 82.032-64.401 104.947-82.653V400H48z\"><\/path><\/svg>\t\t\t<\/div>\n\t\t<\/div>\n\t\t\t\t\t\t<\/div>\n\t\t\t\t<\/div>\n\t\t\t\t<div class=\"elementor-element elementor-element-d6e0e25 elementor-widget elementor-widget-text-editor\" data-id=\"d6e0e25\" data-element_type=\"widget\" data-e-type=\"widget\" data-widget_type=\"text-editor.default\">\n\t\t\t\t<div class=\"elementor-widget-container\">\n\t\t\t\t\t\t\t\t\t<p>\u00a0info@bsm-schweisserausbildung.de<\/p>\t\t\t\t\t\t\t\t<\/div>\n\t\t\t\t<\/div>\n\t\t\t\t\t<\/div>\n\t\t<\/div>\n\t\t\t\t\t<\/div>\n\t\t<\/section>\n\t\t\t\t\t<\/div>\n\t\t<\/div>\n\t\t\t\t\t<\/div>\n\t\t<\/section>\n\t\t\t\t<\/div>","protected":false},"excerpt":{"rendered":"<p>\u00dcber Uns Pers\u00f6nliche Betreuung \u2013 du bist nicht allein! Ein beruflicher Neustart bringt oft Unsicherheiten mit sich. Viele machen sich Sorgen um ihre: Gesundheit: Viele haben Angst vor Schwei\u00dfrauch, Staub oder Verletzungen. Wir zeigen dir, wie du sicher arbeitest und gesch\u00fctzt bist. Selbstzweifel: Gerade Quereinsteiger fragen sich: \u201eBin ich geeignet?\u201c oder \u201eLohnt sich das?\u201c \u2013 [&hellip;]<\/p>\n","protected":false},"author":1,"featured_media":0,"parent":0,"menu_order":0,"comment_status":"closed","ping_status":"closed","template":"","meta":{"footnotes":""},"class_list":["post-329","page","type-page","status-publish","hentry"],"_links":{"self":[{"href":"https:\/\/bsm-schweisserausbildung.de\/tr\/wp-json\/wp\/v2\/pages\/329","targetHints":{"allow":["GET"]}}],"collection":[{"href":"https:\/\/bsm-schweisserausbildung.de\/tr\/wp-json\/wp\/v2\/pages"}],"about":[{"href":"https:\/\/bsm-schweisserausbildung.de\/tr\/wp-json\/wp\/v2\/types\/page"}],"author":[{"embeddable":true,"href":"https:\/\/bsm-schweisserausbildung.de\/tr\/wp-json\/wp\/v2\/users\/1"}],"replies":[{"embeddable":true,"href":"https:\/\/bsm-schweisserausbildung.de\/tr\/wp-json\/wp\/v2\/comments?post=329"}],"version-history":[{"count":10,"href":"https:\/\/bsm-schweisserausbildung.de\/tr\/wp-json\/wp\/v2\/pages\/329\/revisions"}],"predecessor-version":[{"id":2990,"href":"https:\/\/bsm-schweisserausbildung.de\/tr\/wp-json\/wp\/v2\/pages\/329\/revisions\/2990"}],"wp:attachment":[{"href":"https:\/\/bsm-schweisserausbildung.de\/tr\/wp-json\/wp\/v2\/media?parent=329"}],"curies":[{"name":"wp","href":"https:\/\/api.w.org\/{rel}","templated":true}]}}