{"id":2777,"date":"2026-01-07T09:06:10","date_gmt":"2026-01-07T08:06:10","guid":{"rendered":"https:\/\/bsm-schweisserausbildung.de\/?page_id=2777"},"modified":"2026-02-19T12:56:24","modified_gmt":"2026-02-19T11:56:24","slug":"ueberblick","status":"publish","type":"page","link":"https:\/\/bsm-schweisserausbildung.de\/tr\/ueberblick\/","title":{"rendered":"Genel Bak\u0131\u015f"},"content":{"rendered":"<div data-elementor-type=\"wp-page\" data-elementor-id=\"2777\" class=\"elementor elementor-2777\" data-elementor-post-type=\"page\">\n\t\t\t\t\t\t<section class=\"elementor-section elementor-top-section elementor-element elementor-element-483a579f elementor-section-content-middle elementor-section-boxed elementor-section-height-default elementor-section-height-default\" data-id=\"483a579f\" data-element_type=\"section\" data-e-type=\"section\" data-settings=\"{&quot;background_background&quot;:&quot;classic&quot;}\">\n\t\t\t\t\t\t<div class=\"elementor-container elementor-column-gap-no\">\n\t\t\t\t\t<div class=\"elementor-column elementor-col-100 elementor-top-column elementor-element elementor-element-355b3e9f\" data-id=\"355b3e9f\" data-element_type=\"column\" data-e-type=\"column\">\n\t\t\t<div class=\"elementor-widget-wrap elementor-element-populated\">\n\t\t\t\t\t\t<section class=\"elementor-section elementor-inner-section elementor-element elementor-element-78319fb0 elementor-section-boxed elementor-section-height-default elementor-section-height-default\" data-id=\"78319fb0\" data-element_type=\"section\" data-e-type=\"section\">\n\t\t\t\t\t\t<div class=\"elementor-container elementor-column-gap-default\">\n\t\t\t\t\t<div class=\"elementor-column elementor-col-100 elementor-inner-column elementor-element elementor-element-749a0c34\" data-id=\"749a0c34\" data-element_type=\"column\" data-e-type=\"column\">\n\t\t\t<div class=\"elementor-widget-wrap elementor-element-populated\">\n\t\t\t\t\t\t<div class=\"elementor-element elementor-element-721d987a elementor-widget elementor-widget-heading\" data-id=\"721d987a\" data-element_type=\"widget\" data-e-type=\"widget\" data-widget_type=\"heading.default\">\n\t\t\t\t<div class=\"elementor-widget-container\">\n\t\t\t\t\t<h2 class=\"elementor-heading-title elementor-size-default\">Kurslar\u0131m\u0131z: T\u00dcV sertifikal\u0131 ve d\u00fcnya \u00e7ap\u0131nda tan\u0131n\u0131yor! <\/h2>\t\t\t\t<\/div>\n\t\t\t\t<\/div>\n\t\t\t\t\t<\/div>\n\t\t<\/div>\n\t\t\t\t\t<\/div>\n\t\t<\/section>\n\t\t\t\t\t<\/div>\n\t\t<\/div>\n\t\t\t\t\t<\/div>\n\t\t<\/section>\n\t\t\t\t<section class=\"elementor-section elementor-top-section elementor-element elementor-element-1aaae713 elementor-section-boxed elementor-section-height-default elementor-section-height-default\" data-id=\"1aaae713\" data-element_type=\"section\" data-e-type=\"section\">\n\t\t\t\t\t\t<div class=\"elementor-container elementor-column-gap-default\">\n\t\t\t\t\t<div class=\"elementor-column elementor-col-100 elementor-top-column elementor-element elementor-element-62f3d4b2\" data-id=\"62f3d4b2\" data-element_type=\"column\" data-e-type=\"column\">\n\t\t\t<div class=\"elementor-widget-wrap elementor-element-populated\">\n\t\t\t\t\t\t<div class=\"elementor-element elementor-element-b67d107 elementor-widget elementor-widget-heading\" data-id=\"b67d107\" data-element_type=\"widget\" data-e-type=\"widget\" data-widget_type=\"heading.default\">\n\t\t\t\t<div class=\"elementor-widget-container\">\n\t\t\t\t\t<h2 class=\"elementor-heading-title elementor-size-default\">\u0130ster s\u0131f\u0131rdan ba\u015flay\u0131n ister sertifikan\u0131z\u0131 yenilemek isteyin - bu bilgiler her \u015feyi takip etmenize yard\u0131mc\u0131 olacakt\u0131r!\n\n<\/h2>\t\t\t\t<\/div>\n\t\t\t\t<\/div>\n\t\t\t\t<section class=\"elementor-section elementor-inner-section elementor-element elementor-element-e60b4a elementor-section-boxed elementor-section-height-default elementor-section-height-default\" data-id=\"e60b4a\" data-element_type=\"section\" data-e-type=\"section\">\n\t\t\t\t\t\t<div class=\"elementor-container elementor-column-gap-default\">\n\t\t\t\t\t<div class=\"elementor-column elementor-col-100 elementor-inner-column elementor-element elementor-element-48ab4047\" data-id=\"48ab4047\" data-element_type=\"column\" data-e-type=\"column\">\n\t\t\t<div class=\"elementor-widget-wrap elementor-element-populated\">\n\t\t\t\t\t\t<div class=\"elementor-element elementor-element-41810a48 elementor-widget elementor-widget-text-editor\" data-id=\"41810a48\" data-element_type=\"widget\" data-e-type=\"widget\" data-widget_type=\"text-editor.default\">\n\t\t\t\t<div class=\"elementor-widget-container\">\n\t\t\t\t\t\t\t\t\t<p style=\"font-weight: 400;\"><strong>E\u011fitim d\u00f6nemleri<\/strong>Pazartesiden cumaya 07:30-15:30 aras\u0131.<\/p><p style=\"font-weight: 400;\"><strong>E\u011fitim kurslar\u0131n\u0131n s\u00fcresi:<\/strong> Gerekli sertifikalara ve \u00f6nceden ger\u00e7ekle\u015ftirilen \u201eel becerileri testine\u201c (alet ve malzemeleri kullanma becerilerini test eden uygulamal\u0131 s\u0131nav) ba\u011fl\u0131 olarak bireysel olarak.<\/p><p style=\"font-weight: 400;\"><strong>Bizimle, a\u015fa\u011f\u0131daki kaynak i\u015flemlerinde T\u00dcV sertifikal\u0131 bir kaynak\u00e7\u0131 olarak kalifiye olabilirsiniz<\/strong>:<\/p><ul><li style=\"font-weight: 400;\">Manuel elektrik ark kayna\u011f\u0131,<\/li><li style=\"font-weight: 400;\">Ala\u015f\u0131ms\u0131z yap\u0131sal \u00e7elik \u00fczerinde MAG, WIG<\/li><li style=\"font-weight: 400;\">Krom-nikel \u00e7elik \u00fczerine TIG,<\/li><li style=\"font-weight: 400;\">Farkl\u0131 kaynak i\u015flemlerinin kombinasyonu da m\u00fcmk\u00fcnd\u00fcr!<\/li><li style=\"font-weight: 400;\">Her bir kaynak i\u015flemi, birbiri \u00fczerine in\u015fa edilen ve kapsaml\u0131 bir kalifikasyonu garanti eden 6 mod\u00fclden olu\u015fur.<\/li><\/ul><div>\u00a0<\/div><p style=\"font-weight: 400;\"><strong>Kaynak sertifikalar\u0131<\/strong><\/p><ul style=\"font-weight: 400;\"><li>DIN EN ISO 9606-1\/2'deki standartlar<\/li><li>Uygulay\u0131c\u0131lar (kaynak\u00e7\u0131lar) bu testlere girebilir<\/li><li>S\u0131nav\u0131 ge\u00e7tikten sonra: Sertifika<\/li><li>Sertifika, kaynak becerilerinin i\u015fyerinde 3 y\u0131l boyunca kullan\u0131lmas\u0131na izin verir<\/li><\/ul><div>\u00a0<\/div><p style=\"font-weight: 400;\"><strong>Kaynak teknolojisinde mod\u00fcler e\u011fitim kurslar\u0131<\/strong><\/p><ul style=\"font-weight: 400;\"><li>Zorluk seviyesine g\u00f6re derecelendirilmi\u015f farkl\u0131 mod\u00fcllerden olu\u015fur<\/li><li>Bireysel ihtiya\u00e7lara g\u00f6re uyarlanm\u0131\u015f esnek sistem<\/li><li>Pratik becerileri ve teorik bilgileri kendi hedeflerinize g\u00f6re geni\u015fletin<\/li><li>Her mod\u00fcl AZAV'a g\u00f6re sertifikaland\u0131r\u0131lm\u0131\u015ft\u0131r<\/li><\/ul><div>\u00a0<\/div><p style=\"font-weight: 400;\"><strong>Mod\u00fcler kurslar\u0131n hedef kitlesi<\/strong><\/p><ul style=\"font-weight: 400;\"><li>El tecr\u00fcbesi olan yeti\u015fkinler<\/li><li>\u00d6zellikle ele al\u0131nan konular: E\u011fitim kuponlar\u0131 olan ki\u015filer, emeklilik sigortas\u0131 sa\u011flay\u0131c\u0131lar\u0131, sertifikalar\u0131n\u0131 yenilemeleri veya uzatmalar\u0131 gereken kaynak\u00e7\u0131lar<\/li><\/ul><div>\u00a0<\/div><p style=\"font-weight: 400;\"><strong>\u00a0Herhangi bir sorunuz var m\u0131? O zaman bizimle ileti\u015fime ge\u00e7in - sizden haber bekliyoruz!<\/strong><\/p><p style=\"font-weight: 400;\">Do\u011frudan e\u011fitim m\u00fcd\u00fcr\u00fcm\u00fcz Say\u0131n Do\u011fan \u015eener ile g\u00f6r\u00fc\u015f\u00fcn! Tel:\u00a0<a href=\"tel:0172\/7358016\">0172\/7358016<\/a>\u00a0veya\u00a0<a href=\"tel:0223343501\">02233 43501<\/a><\/p>\t\t\t\t\t\t\t\t<\/div>\n\t\t\t\t<\/div>\n\t\t\t\t\t<\/div>\n\t\t<\/div>\n\t\t\t\t\t<\/div>\n\t\t<\/section>\n\t\t\t\t\t<\/div>\n\t\t<\/div>\n\t\t\t\t\t<\/div>\n\t\t<\/section>\n\t\t\t\t<\/div>","protected":false},"excerpt":{"rendered":"<p>Unsere Kurse: T\u00dcV-gepr\u00fcft und weltweit anerkannt! Ob du neu startest oder dein Zertifikat erneuern m\u00f6chtest \u2013 diese Infos helfen dir, den \u00dcberblick zu behalten! Ausbildungszeiten: Montags bis Freitags von 07:30 Uhr bis 15:30 Uhr. Ausbildungsdauer der Lehrg\u00e4nge: individuell, abh\u00e4ngig von den ben\u00f6tigten Zertifikaten und von der im Vorfeld durchgef\u00fchrten \u201eHandfertigkeitsprobe\u201c (praktische Pr\u00fcfung, die F\u00e4higkeiten im [&hellip;]<\/p>\n","protected":false},"author":1,"featured_media":0,"parent":0,"menu_order":0,"comment_status":"closed","ping_status":"closed","template":"","meta":{"footnotes":""},"class_list":["post-2777","page","type-page","status-publish","hentry"],"_links":{"self":[{"href":"https:\/\/bsm-schweisserausbildung.de\/tr\/wp-json\/wp\/v2\/pages\/2777","targetHints":{"allow":["GET"]}}],"collection":[{"href":"https:\/\/bsm-schweisserausbildung.de\/tr\/wp-json\/wp\/v2\/pages"}],"about":[{"href":"https:\/\/bsm-schweisserausbildung.de\/tr\/wp-json\/wp\/v2\/types\/page"}],"author":[{"embeddable":true,"href":"https:\/\/bsm-schweisserausbildung.de\/tr\/wp-json\/wp\/v2\/users\/1"}],"replies":[{"embeddable":true,"href":"https:\/\/bsm-schweisserausbildung.de\/tr\/wp-json\/wp\/v2\/comments?post=2777"}],"version-history":[{"count":10,"href":"https:\/\/bsm-schweisserausbildung.de\/tr\/wp-json\/wp\/v2\/pages\/2777\/revisions"}],"predecessor-version":[{"id":3017,"href":"https:\/\/bsm-schweisserausbildung.de\/tr\/wp-json\/wp\/v2\/pages\/2777\/revisions\/3017"}],"wp:attachment":[{"href":"https:\/\/bsm-schweisserausbildung.de\/tr\/wp-json\/wp\/v2\/media?parent=2777"}],"curies":[{"name":"wp","href":"https:\/\/api.w.org\/{rel}","templated":true}]}}