{"id":2718,"date":"2025-12-22T10:48:52","date_gmt":"2025-12-22T09:48:52","guid":{"rendered":"https:\/\/bsm-schweisserausbildung.de\/?page_id=2718"},"modified":"2026-02-19T12:50:58","modified_gmt":"2026-02-19T11:50:58","slug":"unsere-ausbilder","status":"publish","type":"page","link":"https:\/\/bsm-schweisserausbildung.de\/tr\/unsere-ausbilder\/","title":{"rendered":"E\u011fitmenlerimiz"},"content":{"rendered":"<div data-elementor-type=\"wp-page\" data-elementor-id=\"2718\" class=\"elementor elementor-2718\" data-elementor-post-type=\"page\">\n\t\t\t\t\t\t<section class=\"elementor-section elementor-top-section elementor-element elementor-element-40cfc24a elementor-section-height-min-height elementor-section-full_width elementor-section-items-stretch elementor-section-content-middle elementor-section-height-default\" data-id=\"40cfc24a\" data-element_type=\"section\" data-e-type=\"section\" data-settings=\"{&quot;background_background&quot;:&quot;classic&quot;}\">\n\t\t\t\t\t\t<div class=\"elementor-container elementor-column-gap-default\">\n\t\t\t\t\t<div class=\"elementor-column elementor-col-50 elementor-top-column elementor-element elementor-element-71ff7d22\" data-id=\"71ff7d22\" data-element_type=\"column\" data-e-type=\"column\" data-settings=\"{&quot;background_background&quot;:&quot;classic&quot;}\">\n\t\t\t<div class=\"elementor-widget-wrap elementor-element-populated\">\n\t\t\t\t\t\t<div class=\"elementor-element elementor-element-5b9e7b5b elementor-widget elementor-widget-heading\" data-id=\"5b9e7b5b\" data-element_type=\"widget\" data-e-type=\"widget\" data-widget_type=\"heading.default\">\n\t\t\t\t<div class=\"elementor-widget-container\">\n\t\t\t\t\t<h1 class=\"elementor-heading-title elementor-size-default\">E\u011fitmenlerimiz<\/h1>\t\t\t\t<\/div>\n\t\t\t\t<\/div>\n\t\t\t\t\t<\/div>\n\t\t<\/div>\n\t\t\t\t<div class=\"elementor-column elementor-col-50 elementor-top-column elementor-element elementor-element-8d65ca4\" data-id=\"8d65ca4\" data-element_type=\"column\" data-e-type=\"column\" data-settings=\"{&quot;background_background&quot;:&quot;classic&quot;}\">\n\t\t\t<div class=\"elementor-widget-wrap\">\n\t\t\t\t\t\t\t<\/div>\n\t\t<\/div>\n\t\t\t\t\t<\/div>\n\t\t<\/section>\n\t\t\t\t<section class=\"elementor-section elementor-top-section elementor-element elementor-element-7638eada elementor-section-boxed elementor-section-height-default elementor-section-height-default\" data-id=\"7638eada\" data-element_type=\"section\" data-e-type=\"section\">\n\t\t\t\t\t\t<div class=\"elementor-container elementor-column-gap-default\">\n\t\t\t\t\t<div class=\"elementor-column elementor-col-100 elementor-top-column elementor-element elementor-element-192afa7b\" data-id=\"192afa7b\" data-element_type=\"column\" data-e-type=\"column\">\n\t\t\t<div class=\"elementor-widget-wrap elementor-element-populated\">\n\t\t\t\t\t\t<section class=\"elementor-section elementor-inner-section elementor-element elementor-element-583cd97c elementor-section-content-middle elementor-section-boxed elementor-section-height-default elementor-section-height-default\" data-id=\"583cd97c\" data-element_type=\"section\" data-e-type=\"section\">\n\t\t\t\t\t\t<div class=\"elementor-container elementor-column-gap-default\">\n\t\t\t\t\t<div class=\"elementor-column elementor-col-100 elementor-inner-column elementor-element elementor-element-940657c\" data-id=\"940657c\" data-element_type=\"column\" data-e-type=\"column\">\n\t\t\t<div class=\"elementor-widget-wrap elementor-element-populated\">\n\t\t\t\t\t\t<div class=\"elementor-element elementor-element-7148e469 elementor-widget elementor-widget-heading\" data-id=\"7148e469\" data-element_type=\"widget\" data-e-type=\"widget\" data-widget_type=\"heading.default\">\n\t\t\t\t<div class=\"elementor-widget-container\">\n\t\t\t\t\t<h2 class=\"elementor-heading-title elementor-size-default\">BSM'ye ho\u015f geldiniz! <\/h2>\t\t\t\t<\/div>\n\t\t\t\t<\/div>\n\t\t\t\t\t<\/div>\n\t\t<\/div>\n\t\t\t\t\t<\/div>\n\t\t<\/section>\n\t\t\t\t<section class=\"elementor-section elementor-inner-section elementor-element elementor-element-1235994c elementor-section-boxed elementor-section-height-default elementor-section-height-default\" data-id=\"1235994c\" data-element_type=\"section\" data-e-type=\"section\">\n\t\t\t\t\t\t<div class=\"elementor-container elementor-column-gap-default\">\n\t\t\t\t\t<div class=\"elementor-column elementor-col-100 elementor-inner-column elementor-element elementor-element-49902d8d\" data-id=\"49902d8d\" data-element_type=\"column\" data-e-type=\"column\">\n\t\t\t<div class=\"elementor-widget-wrap elementor-element-populated\">\n\t\t\t\t\t\t<div class=\"elementor-element elementor-element-42b05640 elementor-widget elementor-widget-text-editor\" data-id=\"42b05640\" data-element_type=\"widget\" data-e-type=\"widget\" data-widget_type=\"text-editor.default\">\n\t\t\t\t<div class=\"elementor-widget-container\">\n\t\t\t\t\t\t\t\t\t<p style=\"font-weight: 400;\">Benim ad\u0131m <strong>Do\u011fan \u015eener<\/strong> ve 2022'den bu yana e\u011fitim m\u00fcd\u00fcr\u00fc olarak g\u00f6rev yap\u0131yorum. <strong>BSM kaynak teknolojisi H\u00fcrth'te<\/strong>!<\/p><p style=\"font-weight: 400;\">Yeti\u015fkin e\u011fitiminde 30 y\u0131ld\u0131r e\u011fitmen olarak \u00e7al\u0131\u015f\u0131yorum ve her zaman yeni kat\u0131l\u0131mc\u0131larla tan\u0131\u015fmay\u0131 ve kaynak\u00e7\u0131 olma yolunda onlara e\u015flik etmeyi d\u00f6rt g\u00f6zle bekliyorum. Ayr\u0131ca end\u00fcstriyel \u015firketlere dan\u0131\u015fmanl\u0131k yap\u0131yor ve g\u00fcvenli ve adil bir \u00f6\u011frenme ortam\u0131 sa\u011fl\u0131yorum.<\/p><p style=\"font-weight: 400;\">Benim i\u00e7in \u00f6nemli olan <strong>Ho\u015f geldiniz ve emin ellerdesiniz<\/strong> hissediyorum. Ben sadece e\u011fitmeniniz de\u011fil, ayn\u0131 zamanda i\u015fler zorla\u015ft\u0131\u011f\u0131nda sizi destekleyen, pratik ipu\u00e7lar\u0131 veren ve devam etmeniz i\u00e7in sizi cesaretlendiren biriyim.<\/p><p style=\"font-weight: 400;\"><strong>E\u011fitiminiz s\u0131ras\u0131nda \u015funlar\u0131 \u00f6\u011freneceksiniz <\/strong><strong>Ad\u0131m ad\u0131m:<\/strong><\/p><ul><li style=\"font-weight: 400;\">En \u00f6nemli kaynak teknikleri: <strong>MIG\/MAG, WIG ve E-el<\/strong><\/li><li style=\"font-weight: 400;\">Hangi metaller ne i\u00e7in uygundur ve onlarla nas\u0131l g\u00fcvenli bir \u015fekilde \u00e7al\u0131\u015f\u0131l\u0131r.<\/li><li style=\"font-weight: 400;\">Farkl\u0131 gazlar nas\u0131l kullan\u0131l\u0131r?<\/li><li style=\"font-weight: 400;\">Malzeme ve cihazlarla nas\u0131l g\u00fcvenli \u00e7al\u0131\u015f\u0131l\u0131r<\/li><\/ul><div>\u00a0<\/div><p style=\"font-weight: 400;\"><strong>E\u011fitiminizden sonra size uygun bir i\u015f bulman\u0131za yard\u0131mc\u0131 olaca\u011f\u0131m!<\/strong><\/p><p>Hala sorular\u0131n\u0131z var ve ki\u015fisel bir g\u00f6r\u00fc\u015fme mi istiyorsunuz?<br \/>O zaman bana bir WhatsApp yaz\u0131n veya beni Tel: <a href=\"tel:0172\/7358016\">0172\/7358016<\/a> veya alt\u0131nda <a href=\"tel:0223343501\">02233 - 43501<\/a>.<\/p><p style=\"font-weight: 400;\"><strong>Kaynak yapmay\u0131 \u00f6\u011frenmek istiyorsan\u0131z, o zaman sizin i\u00e7in do\u011fru ki\u015fi benim - ve sizi tan\u0131may\u0131 ve birlikte ilerlemeyi d\u00f6rt g\u00f6zle bekliyorum!<\/strong><\/p>\t\t\t\t\t\t\t\t<\/div>\n\t\t\t\t<\/div>\n\t\t\t\t\t<\/div>\n\t\t<\/div>\n\t\t\t\t\t<\/div>\n\t\t<\/section>\n\t\t\t\t\t<\/div>\n\t\t<\/div>\n\t\t\t\t\t<\/div>\n\t\t<\/section>\n\t\t\t\t<section class=\"elementor-section elementor-top-section elementor-element elementor-element-405121a9 elementor-section-boxed elementor-section-height-default elementor-section-height-default\" data-id=\"405121a9\" data-element_type=\"section\" data-e-type=\"section\">\n\t\t\t\t\t\t<div class=\"elementor-container elementor-column-gap-default\">\n\t\t\t\t\t<div class=\"elementor-column elementor-col-100 elementor-top-column elementor-element elementor-element-6fb7032a\" data-id=\"6fb7032a\" data-element_type=\"column\" data-e-type=\"column\">\n\t\t\t<div class=\"elementor-widget-wrap elementor-element-populated\">\n\t\t\t\t\t\t<section class=\"elementor-section elementor-inner-section elementor-element elementor-element-431c83b elementor-section-content-middle elementor-section-boxed elementor-section-height-default elementor-section-height-default\" data-id=\"431c83b\" data-element_type=\"section\" data-e-type=\"section\">\n\t\t\t\t\t\t<div class=\"elementor-container elementor-column-gap-default\">\n\t\t\t\t\t<div class=\"elementor-column elementor-col-50 elementor-inner-column elementor-element elementor-element-66fcd787\" data-id=\"66fcd787\" data-element_type=\"column\" data-e-type=\"column\">\n\t\t\t<div class=\"elementor-widget-wrap elementor-element-populated\">\n\t\t\t\t\t\t<div class=\"elementor-element elementor-element-255e6cab elementor-widget elementor-widget-heading\" data-id=\"255e6cab\" data-element_type=\"widget\" data-e-type=\"widget\" data-widget_type=\"heading.default\">\n\t\t\t\t<div class=\"elementor-widget-container\">\n\t\t\t\t\t<h2 class=\"elementor-heading-title elementor-size-default\">Bizim ekibimiz<\/h2>\t\t\t\t<\/div>\n\t\t\t\t<\/div>\n\t\t\t\t\t<\/div>\n\t\t<\/div>\n\t\t\t\t<div class=\"elementor-column elementor-col-50 elementor-inner-column elementor-element elementor-element-6dbc50c7\" data-id=\"6dbc50c7\" data-element_type=\"column\" data-e-type=\"column\">\n\t\t\t<div class=\"elementor-widget-wrap\">\n\t\t\t\t\t\t\t<\/div>\n\t\t<\/div>\n\t\t\t\t\t<\/div>\n\t\t<\/section>\n\t\t\t\t<section class=\"elementor-section elementor-inner-section elementor-element elementor-element-5568bb4b elementor-section-boxed elementor-section-height-default elementor-section-height-default\" data-id=\"5568bb4b\" data-element_type=\"section\" data-e-type=\"section\">\n\t\t\t\t\t\t<div class=\"elementor-container elementor-column-gap-default\">\n\t\t\t\t\t<div class=\"elementor-column elementor-col-100 elementor-inner-column elementor-element elementor-element-4cd81caf\" data-id=\"4cd81caf\" data-element_type=\"column\" data-e-type=\"column\">\n\t\t\t<div class=\"elementor-widget-wrap elementor-element-populated\">\n\t\t\t\t\t\t<div class=\"elementor-element elementor-element-59e5715f elementor-widget elementor-widget-image\" data-id=\"59e5715f\" data-element_type=\"widget\" data-e-type=\"widget\" data-widget_type=\"image.default\">\n\t\t\t\t<div class=\"elementor-widget-container\">\n\t\t\t\t\t\t\t\t\t\t\t\t\t\t\t<img fetchpriority=\"high\" decoding=\"async\" width=\"800\" height=\"563\" src=\"https:\/\/bsm-schweisserausbildung.de\/wp-content\/uploads\/2025\/12\/Bild-2-Ausbilder-1024x721.png\" class=\"attachment-large size-large wp-image-2732\" alt=\"\" srcset=\"https:\/\/bsm-schweisserausbildung.de\/wp-content\/uploads\/2025\/12\/Bild-2-Ausbilder-1024x721.png 1024w, https:\/\/bsm-schweisserausbildung.de\/wp-content\/uploads\/2025\/12\/Bild-2-Ausbilder-300x211.png 300w, https:\/\/bsm-schweisserausbildung.de\/wp-content\/uploads\/2025\/12\/Bild-2-Ausbilder-768x541.png 768w, https:\/\/bsm-schweisserausbildung.de\/wp-content\/uploads\/2025\/12\/Bild-2-Ausbilder-18x12.png 18w, https:\/\/bsm-schweisserausbildung.de\/wp-content\/uploads\/2025\/12\/Bild-2-Ausbilder.png 1330w\" sizes=\"(max-width: 800px) 100vw, 800px\" \/>\t\t\t\t\t\t\t\t\t\t\t\t\t\t\t<\/div>\n\t\t\t\t<\/div>\n\t\t\t\t\t<\/div>\n\t\t<\/div>\n\t\t\t\t\t<\/div>\n\t\t<\/section>\n\t\t\t\t\t<\/div>\n\t\t<\/div>\n\t\t\t\t\t<\/div>\n\t\t<\/section>\n\t\t\t\t<section class=\"elementor-section elementor-top-section elementor-element elementor-element-43ab15d5 elementor-section-boxed elementor-section-height-default elementor-section-height-default\" data-id=\"43ab15d5\" data-element_type=\"section\" data-e-type=\"section\" data-settings=\"{&quot;background_background&quot;:&quot;classic&quot;}\">\n\t\t\t\t\t\t<div class=\"elementor-container elementor-column-gap-default\">\n\t\t\t\t\t<div class=\"elementor-column elementor-col-100 elementor-top-column elementor-element elementor-element-28b3701c\" data-id=\"28b3701c\" data-element_type=\"column\" data-e-type=\"column\">\n\t\t\t<div class=\"elementor-widget-wrap elementor-element-populated\">\n\t\t\t\t\t\t<section class=\"elementor-section elementor-inner-section elementor-element elementor-element-5e37447b elementor-section-content-middle elementor-section-boxed elementor-section-height-default elementor-section-height-default\" data-id=\"5e37447b\" data-element_type=\"section\" data-e-type=\"section\">\n\t\t\t\t\t\t<div class=\"elementor-container elementor-column-gap-default\">\n\t\t\t\t\t<div class=\"elementor-column elementor-col-50 elementor-inner-column elementor-element elementor-element-1661097a\" data-id=\"1661097a\" data-element_type=\"column\" data-e-type=\"column\">\n\t\t\t<div class=\"elementor-widget-wrap elementor-element-populated\">\n\t\t\t\t\t\t<div class=\"elementor-element elementor-element-74880aae elementor-widget elementor-widget-heading\" data-id=\"74880aae\" data-element_type=\"widget\" data-e-type=\"widget\" data-widget_type=\"heading.default\">\n\t\t\t\t<div class=\"elementor-widget-container\">\n\t\t\t\t\t<h2 class=\"elementor-heading-title elementor-size-default\">Sertifikalar\u0131m\u0131z<\/h2>\t\t\t\t<\/div>\n\t\t\t\t<\/div>\n\t\t\t\t\t<\/div>\n\t\t<\/div>\n\t\t\t\t<div class=\"elementor-column elementor-col-50 elementor-inner-column elementor-element elementor-element-9097c76\" data-id=\"9097c76\" data-element_type=\"column\" data-e-type=\"column\">\n\t\t\t<div class=\"elementor-widget-wrap\">\n\t\t\t\t\t\t\t<\/div>\n\t\t<\/div>\n\t\t\t\t\t<\/div>\n\t\t<\/section>\n\t\t\t\t<section class=\"elementor-section elementor-inner-section elementor-element elementor-element-508d6f7 elementor-section-boxed elementor-section-height-default elementor-section-height-default\" data-id=\"508d6f7\" data-element_type=\"section\" data-e-type=\"section\">\n\t\t\t\t\t\t<div class=\"elementor-container elementor-column-gap-default\">\n\t\t\t\t\t<div class=\"elementor-column elementor-col-33 elementor-inner-column elementor-element elementor-element-51b2dac3\" data-id=\"51b2dac3\" data-element_type=\"column\" data-e-type=\"column\">\n\t\t\t<div class=\"elementor-widget-wrap elementor-element-populated\">\n\t\t\t\t\t\t<div class=\"elementor-element elementor-element-10c783b6 elementor-widget elementor-widget-image\" data-id=\"10c783b6\" data-element_type=\"widget\" data-e-type=\"widget\" data-widget_type=\"image.default\">\n\t\t\t\t<div class=\"elementor-widget-container\">\n\t\t\t\t\t\t\t\t\t\t\t\t\t\t\t<img decoding=\"async\" width=\"724\" height=\"1024\" src=\"https:\/\/bsm-schweisserausbildung.de\/wp-content\/uploads\/2024\/01\/1704721002658-0f44e7eb-b48a-4997-9c8c-8a4af674b720_1.png\" class=\"attachment-large size-large wp-image-1943\" alt=\"\" srcset=\"https:\/\/bsm-schweisserausbildung.de\/wp-content\/uploads\/2024\/01\/1704721002658-0f44e7eb-b48a-4997-9c8c-8a4af674b720_1.png 724w, https:\/\/bsm-schweisserausbildung.de\/wp-content\/uploads\/2024\/01\/1704721002658-0f44e7eb-b48a-4997-9c8c-8a4af674b720_1-212x300.png 212w\" sizes=\"(max-width: 724px) 100vw, 724px\" \/>\t\t\t\t\t\t\t\t\t\t\t\t\t\t\t<\/div>\n\t\t\t\t<\/div>\n\t\t\t\t\t<\/div>\n\t\t<\/div>\n\t\t\t\t<div class=\"elementor-column elementor-col-33 elementor-inner-column elementor-element elementor-element-6732b871\" data-id=\"6732b871\" data-element_type=\"column\" data-e-type=\"column\">\n\t\t\t<div class=\"elementor-widget-wrap elementor-element-populated\">\n\t\t\t\t\t\t<div class=\"elementor-element elementor-element-4d33ad22 elementor-widget elementor-widget-image\" data-id=\"4d33ad22\" data-element_type=\"widget\" data-e-type=\"widget\" data-widget_type=\"image.default\">\n\t\t\t\t<div class=\"elementor-widget-container\">\n\t\t\t\t\t\t\t\t\t\t\t\t\t\t\t<img decoding=\"async\" width=\"724\" height=\"1024\" src=\"https:\/\/bsm-schweisserausbildung.de\/wp-content\/uploads\/2024\/01\/1704721022219-daac0646-f108-49fb-8930-a5081a89082a_1.png\" class=\"attachment-large size-large wp-image-1942\" alt=\"\" srcset=\"https:\/\/bsm-schweisserausbildung.de\/wp-content\/uploads\/2024\/01\/1704721022219-daac0646-f108-49fb-8930-a5081a89082a_1.png 724w, https:\/\/bsm-schweisserausbildung.de\/wp-content\/uploads\/2024\/01\/1704721022219-daac0646-f108-49fb-8930-a5081a89082a_1-212x300.png 212w\" sizes=\"(max-width: 724px) 100vw, 724px\" \/>\t\t\t\t\t\t\t\t\t\t\t\t\t\t\t<\/div>\n\t\t\t\t<\/div>\n\t\t\t\t\t<\/div>\n\t\t<\/div>\n\t\t\t\t<div class=\"elementor-column elementor-col-33 elementor-inner-column elementor-element elementor-element-277ad8c5\" data-id=\"277ad8c5\" data-element_type=\"column\" data-e-type=\"column\">\n\t\t\t<div class=\"elementor-widget-wrap elementor-element-populated\">\n\t\t\t\t\t\t<div class=\"elementor-element elementor-element-2380a3d elementor-widget elementor-widget-image\" data-id=\"2380a3d\" data-element_type=\"widget\" data-e-type=\"widget\" data-widget_type=\"image.default\">\n\t\t\t\t<div class=\"elementor-widget-container\">\n\t\t\t\t\t\t\t\t\t\t\t\t\t\t\t<img loading=\"lazy\" decoding=\"async\" width=\"800\" height=\"409\" src=\"https:\/\/bsm-schweisserausbildung.de\/wp-content\/uploads\/2024\/01\/5ddbee6f-fffe-4c5e-bdda-24b9b447bc6a_150521_Logo_QG-Berufliche-Bildung_print-1024x523.jpg\" class=\"attachment-large size-large wp-image-1935\" alt=\"\" srcset=\"https:\/\/bsm-schweisserausbildung.de\/wp-content\/uploads\/2024\/01\/5ddbee6f-fffe-4c5e-bdda-24b9b447bc6a_150521_Logo_QG-Berufliche-Bildung_print-1024x523.jpg 1024w, https:\/\/bsm-schweisserausbildung.de\/wp-content\/uploads\/2024\/01\/5ddbee6f-fffe-4c5e-bdda-24b9b447bc6a_150521_Logo_QG-Berufliche-Bildung_print-300x153.jpg 300w, https:\/\/bsm-schweisserausbildung.de\/wp-content\/uploads\/2024\/01\/5ddbee6f-fffe-4c5e-bdda-24b9b447bc6a_150521_Logo_QG-Berufliche-Bildung_print-768x392.jpg 768w, https:\/\/bsm-schweisserausbildung.de\/wp-content\/uploads\/2024\/01\/5ddbee6f-fffe-4c5e-bdda-24b9b447bc6a_150521_Logo_QG-Berufliche-Bildung_print.jpg 1502w\" sizes=\"(max-width: 800px) 100vw, 800px\" \/>\t\t\t\t\t\t\t\t\t\t\t\t\t\t\t<\/div>\n\t\t\t\t<\/div>\n\t\t\t\t<div class=\"elementor-element elementor-element-3f863b38 elementor-widget elementor-widget-image\" data-id=\"3f863b38\" data-element_type=\"widget\" data-e-type=\"widget\" data-widget_type=\"image.default\">\n\t\t\t\t<div class=\"elementor-widget-container\">\n\t\t\t\t\t\t\t\t\t\t\t\t\t\t\t<img loading=\"lazy\" decoding=\"async\" width=\"800\" height=\"320\" src=\"https:\/\/bsm-schweisserausbildung.de\/wp-content\/uploads\/2024\/01\/b4e72432-0fd6-4195-ae18-e0b8af159e8a_ZZ_G_AZAV_Traeger_sw-1024x409.png\" class=\"attachment-large size-large wp-image-1934\" alt=\"\" srcset=\"https:\/\/bsm-schweisserausbildung.de\/wp-content\/uploads\/2024\/01\/b4e72432-0fd6-4195-ae18-e0b8af159e8a_ZZ_G_AZAV_Traeger_sw-1024x409.png 1024w, https:\/\/bsm-schweisserausbildung.de\/wp-content\/uploads\/2024\/01\/b4e72432-0fd6-4195-ae18-e0b8af159e8a_ZZ_G_AZAV_Traeger_sw-300x120.png 300w, https:\/\/bsm-schweisserausbildung.de\/wp-content\/uploads\/2024\/01\/b4e72432-0fd6-4195-ae18-e0b8af159e8a_ZZ_G_AZAV_Traeger_sw-768x307.png 768w, https:\/\/bsm-schweisserausbildung.de\/wp-content\/uploads\/2024\/01\/b4e72432-0fd6-4195-ae18-e0b8af159e8a_ZZ_G_AZAV_Traeger_sw.png 1276w\" sizes=\"(max-width: 800px) 100vw, 800px\" \/>\t\t\t\t\t\t\t\t\t\t\t\t\t\t\t<\/div>\n\t\t\t\t<\/div>\n\t\t\t\t\t<\/div>\n\t\t<\/div>\n\t\t\t\t\t<\/div>\n\t\t<\/section>\n\t\t\t\t\t<\/div>\n\t\t<\/div>\n\t\t\t\t\t<\/div>\n\t\t<\/section>\n\t\t\t\t<\/div>","protected":false},"excerpt":{"rendered":"<p>Unsere Ausbilder Herzlich Willkommen bei der BSM! Mein Name ist Dogan Sener und seit 2022 bin ich der Ausbildungsleiter bei der BSM-Schwei\u00dftechnik in H\u00fcrth! Schon seit 30 Jahren arbeite ich in der Erwachsenenbildung als Ausbilder \u2013 und jedes Mal freue ich mich darauf, neue Teilnehmende kennenzulernen und sie auf ihrem Weg zum Schwei\u00dfer zu begleiten. [&hellip;]<\/p>\n","protected":false},"author":1,"featured_media":0,"parent":0,"menu_order":0,"comment_status":"closed","ping_status":"closed","template":"","meta":{"footnotes":""},"class_list":["post-2718","page","type-page","status-publish","hentry"],"_links":{"self":[{"href":"https:\/\/bsm-schweisserausbildung.de\/tr\/wp-json\/wp\/v2\/pages\/2718","targetHints":{"allow":["GET"]}}],"collection":[{"href":"https:\/\/bsm-schweisserausbildung.de\/tr\/wp-json\/wp\/v2\/pages"}],"about":[{"href":"https:\/\/bsm-schweisserausbildung.de\/tr\/wp-json\/wp\/v2\/types\/page"}],"author":[{"embeddable":true,"href":"https:\/\/bsm-schweisserausbildung.de\/tr\/wp-json\/wp\/v2\/users\/1"}],"replies":[{"embeddable":true,"href":"https:\/\/bsm-schweisserausbildung.de\/tr\/wp-json\/wp\/v2\/comments?post=2718"}],"version-history":[{"count":10,"href":"https:\/\/bsm-schweisserausbildung.de\/tr\/wp-json\/wp\/v2\/pages\/2718\/revisions"}],"predecessor-version":[{"id":2993,"href":"https:\/\/bsm-schweisserausbildung.de\/tr\/wp-json\/wp\/v2\/pages\/2718\/revisions\/2993"}],"wp:attachment":[{"href":"https:\/\/bsm-schweisserausbildung.de\/tr\/wp-json\/wp\/v2\/media?parent=2718"}],"curies":[{"name":"wp","href":"https:\/\/api.w.org\/{rel}","templated":true}]}}