{"id":2678,"date":"2025-12-22T10:32:49","date_gmt":"2025-12-22T09:32:49","guid":{"rendered":"https:\/\/bsm-schweisserausbildung.de\/?page_id=2678"},"modified":"2026-01-14T10:39:38","modified_gmt":"2026-01-14T09:39:38","slug":"deutsch-fuer-den-beruf","status":"publish","type":"page","link":"https:\/\/bsm-schweisserausbildung.de\/tr\/deutsch-fuer-den-beruf\/","title":{"rendered":"\u0130\u015f i\u00e7in Almanca"},"content":{"rendered":"<div data-elementor-type=\"wp-page\" data-elementor-id=\"2678\" class=\"elementor elementor-2678\" data-elementor-post-type=\"page\">\n\t\t\t\t\t\t<section class=\"elementor-section elementor-top-section elementor-element elementor-element-2c38f67d elementor-section-height-min-height elementor-section-full_width elementor-section-items-stretch elementor-section-content-middle elementor-section-height-default\" data-id=\"2c38f67d\" data-element_type=\"section\" data-e-type=\"section\" data-settings=\"{&quot;background_background&quot;:&quot;classic&quot;}\">\n\t\t\t\t\t\t<div class=\"elementor-container elementor-column-gap-default\">\n\t\t\t\t\t<div class=\"elementor-column elementor-col-50 elementor-top-column elementor-element elementor-element-1a8dae1d\" data-id=\"1a8dae1d\" data-element_type=\"column\" data-e-type=\"column\" data-settings=\"{&quot;background_background&quot;:&quot;classic&quot;}\">\n\t\t\t<div class=\"elementor-widget-wrap elementor-element-populated\">\n\t\t\t\t\t\t<div class=\"elementor-element elementor-element-26886104 elementor-widget elementor-widget-heading\" data-id=\"26886104\" data-element_type=\"widget\" data-e-type=\"widget\" data-widget_type=\"heading.default\">\n\t\t\t\t<div class=\"elementor-widget-container\">\n\t\t\t\t\t<h1 class=\"elementor-heading-title elementor-size-default\">\u0130\u015f i\u00e7in Almanca<\/h1>\t\t\t\t<\/div>\n\t\t\t\t<\/div>\n\t\t\t\t<div class=\"elementor-element elementor-element-3046166 elementor-widget elementor-widget-heading\" data-id=\"3046166\" data-element_type=\"widget\" data-e-type=\"widget\" data-widget_type=\"heading.default\">\n\t\t\t\t<div class=\"elementor-widget-container\">\n\t\t\t\t\t<h2 class=\"elementor-heading-title elementor-size-default\">g\u00f6\u00e7menler i\u00e7in teklifimiz, <br>M\u00fclteciler ve ana dili Almanca olmayan kat\u0131l\u0131mc\u0131lar<\/h2>\t\t\t\t<\/div>\n\t\t\t\t<\/div>\n\t\t\t\t\t<\/div>\n\t\t<\/div>\n\t\t\t\t<div class=\"elementor-column elementor-col-50 elementor-top-column elementor-element elementor-element-65850b9a\" data-id=\"65850b9a\" data-element_type=\"column\" data-e-type=\"column\" data-settings=\"{&quot;background_background&quot;:&quot;classic&quot;}\">\n\t\t\t<div class=\"elementor-widget-wrap\">\n\t\t\t\t\t\t\t<\/div>\n\t\t<\/div>\n\t\t\t\t\t<\/div>\n\t\t<\/section>\n\t\t\t\t<section class=\"elementor-section elementor-top-section elementor-element elementor-element-7e501676 elementor-section-boxed elementor-section-height-default elementor-section-height-default\" data-id=\"7e501676\" data-element_type=\"section\" data-e-type=\"section\">\n\t\t\t\t\t\t<div class=\"elementor-container elementor-column-gap-default\">\n\t\t\t\t\t<div class=\"elementor-column elementor-col-100 elementor-top-column elementor-element elementor-element-49c9d018\" data-id=\"49c9d018\" data-element_type=\"column\" data-e-type=\"column\">\n\t\t\t<div class=\"elementor-widget-wrap elementor-element-populated\">\n\t\t\t\t\t\t<section class=\"elementor-section elementor-inner-section elementor-element elementor-element-782df3f6 elementor-section-boxed elementor-section-height-default elementor-section-height-default\" data-id=\"782df3f6\" data-element_type=\"section\" data-e-type=\"section\">\n\t\t\t\t\t\t<div class=\"elementor-container elementor-column-gap-default\">\n\t\t\t\t\t<div class=\"elementor-column elementor-col-100 elementor-inner-column elementor-element elementor-element-3eea53c4\" data-id=\"3eea53c4\" data-element_type=\"column\" data-e-type=\"column\">\n\t\t\t<div class=\"elementor-widget-wrap elementor-element-populated\">\n\t\t\t\t\t\t<div class=\"elementor-element elementor-element-7f9cf5ee elementor-widget elementor-widget-text-editor\" data-id=\"7f9cf5ee\" data-element_type=\"widget\" data-e-type=\"widget\" data-widget_type=\"text-editor.default\">\n\t\t\t\t<div class=\"elementor-widget-container\">\n\t\t\t\t\t\t\t\t\t<p style=\"font-weight: 400; font-size: 26px;\"><strong>Kaynak\u00e7\u0131 olmak istiyorsunuz, ancak Almanca dil becerileriniz hen\u00fcz \u00e7ok iyi de\u011fil mi? Hi\u00e7 sorun de\u011fil!<\/strong> <strong>Size yard\u0131mc\u0131 olabiliriz!<\/strong><\/p>\n<p style=\"font-weight: 400;\">Almanca kurslar\u0131m\u0131z \u00f6zellikle g\u00fcvenli ve iyi maa\u015fl\u0131 bir i\u015f arayan ki\u015filere y\u00f6neliktir - hen\u00fcz m\u00fckemmel Almanca konu\u015famasalar bile.<\/p>\n<p style=\"font-weight: 400;\"><strong>\u00c7\u00fcnk\u00fc biliyoruz: <\/strong>Bir\u00e7ok m\u00fclteci ve g\u00f6\u00e7men, kariyerlerine h\u0131zl\u0131 bir ba\u015flang\u0131\u00e7 yapmaya ve kendilerini evlerinde hissetmeye ihtiya\u00e7 duymaktad\u0131r, <strong>ho\u015f geldiniz ve entegre<\/strong> olmak i\u00e7in. \u0130\u015fte biz de tam bu noktada yard\u0131mc\u0131 olmak istiyoruz.<\/p>\n<p style=\"font-weight: 400;\"><strong>Sizi ileriye ta\u015f\u0131yacak profesyonel Almanca - do\u011frudan i\u015fe.<\/strong><\/p>\n<p style=\"font-weight: 400;\">Sizi \u00f6zel dil kurslar\u0131m\u0131z ile destekliyoruz. <strong>Mesleki Almanca dil deste\u011fi.<\/strong> Almanca kursumuzda, daha sonra kaynak\u00e7\u0131l\u0131k mesle\u011finde ihtiya\u00e7 duyaca\u011f\u0131n\u0131z en \u00f6nemli terimleri ve ifadeleri pratik ve anla\u015f\u0131l\u0131r bir \u015fekilde \u00f6\u011freneceksiniz.<\/p>\n<p style=\"font-weight: 400;\"><strong>Ne bekleyebilirsiniz: <\/strong><\/p>\n\n<ul style=\"font-weight: 400;\">\n \t<li><strong>270 saat ders<\/strong><\/li>\n \t<li><strong>Kaynak\u00e7\u0131l\u0131k mesle\u011fi ile do\u011frudan ilgili dil e\u011fitimi<\/strong><\/li>\n \t<li><strong>Bireyselle\u015ftirilmi\u015f destek\n<\/strong><\/li>\n<\/ul>\n<p style=\"font-weight: 400;\"><strong>\nBildi\u011fim iyi oldu<\/strong><\/p>\n<p style=\"font-weight: 400;\">Kurslar \u015funlard\u0131r <strong>\u00fccretsiz<\/strong>, e\u011fer bir <strong>Ofisten e\u011fitim kuponu<\/strong> al\u0131n. Bu e\u011fitim kuponu i\u00e7in i\u015f bulma kurumuna veya istihdam b\u00fcrosuna ba\u015fvurabilirsiniz. <strong>Sizi destekleyece\u011fiz! <\/strong><\/p>\n<p style=\"font-weight: 400;\">B\u00f6ylece hi\u00e7bir finansal endi\u015fe duymadan tamamen gelece\u011finize odaklanabilirsiniz!<\/p>\n<p style=\"font-weight: 400;\"><strong>Herhangi bir sorunuz var m\u0131? Sizin i\u00e7in buraday\u0131z!<\/strong><\/p>\n<p style=\"font-weight: 400;\">Kurslar\u0131m\u0131z hakk\u0131nda daha fazla bilgi edinmek veya kay\u0131t i\u015flemlerinizle ilgili yard\u0131ma ihtiya\u00e7 duydu\u011funuzda size yard\u0131mc\u0131 olmaktan memnuniyet duyar\u0131z!<\/p>\n<p style=\"font-weight: 400;\"><strong>\u00a0Herhangi bir sorunuz var m\u0131? O zaman bizimle ileti\u015fime ge\u00e7in - sizden haber bekliyoruz!<\/strong><\/p>\n<p style=\"font-weight: 400;\">Do\u011frudan e\u011fitim m\u00fcd\u00fcr\u00fcm\u00fcz Say\u0131n Do\u011fan \u015eener ile g\u00f6r\u00fc\u015f\u00fcn! Tel:\u00a0<a href=\"tel:0172\/7358016\">0172\/7358016<\/a>\u00a0veya\u00a0<a href=\"tel:0223343501\">02233 43501<\/a><\/p>\n<p style=\"font-weight: 400;\"><\/p>\t\t\t\t\t\t\t\t<\/div>\n\t\t\t\t<\/div>\n\t\t\t\t\t<\/div>\n\t\t<\/div>\n\t\t\t\t\t<\/div>\n\t\t<\/section>\n\t\t\t\t\t<\/div>\n\t\t<\/div>\n\t\t\t\t\t<\/div>\n\t\t<\/section>\n\t\t\t\t<\/div>","protected":false},"excerpt":{"rendered":"<p>Deutsch f\u00fcr den Beruf unser Angebot f\u00fcr Migrantinnen und Migranten, Gefl\u00fcchtete und Teilnehmende mit Deutsch als Nicht-Muttersprache Du m\u00f6chtest Schwei\u00dfer werden, aber deine Deutschkenntnisse sind noch nicht so gut? Kein Problem! Wir helfen dir! Unsere Deutschkurse richten sich besonders an Menschen, die einen sicheren und gut bezahlten Job suchen \u2013 auch wenn sie noch nicht [&hellip;]<\/p>\n","protected":false},"author":1,"featured_media":0,"parent":0,"menu_order":0,"comment_status":"closed","ping_status":"closed","template":"","meta":{"footnotes":""},"class_list":["post-2678","page","type-page","status-publish","hentry"],"_links":{"self":[{"href":"https:\/\/bsm-schweisserausbildung.de\/tr\/wp-json\/wp\/v2\/pages\/2678","targetHints":{"allow":["GET"]}}],"collection":[{"href":"https:\/\/bsm-schweisserausbildung.de\/tr\/wp-json\/wp\/v2\/pages"}],"about":[{"href":"https:\/\/bsm-schweisserausbildung.de\/tr\/wp-json\/wp\/v2\/types\/page"}],"author":[{"embeddable":true,"href":"https:\/\/bsm-schweisserausbildung.de\/tr\/wp-json\/wp\/v2\/users\/1"}],"replies":[{"embeddable":true,"href":"https:\/\/bsm-schweisserausbildung.de\/tr\/wp-json\/wp\/v2\/comments?post=2678"}],"version-history":[{"count":10,"href":"https:\/\/bsm-schweisserausbildung.de\/tr\/wp-json\/wp\/v2\/pages\/2678\/revisions"}],"predecessor-version":[{"id":2836,"href":"https:\/\/bsm-schweisserausbildung.de\/tr\/wp-json\/wp\/v2\/pages\/2678\/revisions\/2836"}],"wp:attachment":[{"href":"https:\/\/bsm-schweisserausbildung.de\/tr\/wp-json\/wp\/v2\/media?parent=2678"}],"curies":[{"name":"wp","href":"https:\/\/api.w.org\/{rel}","templated":true}]}}