{"id":2777,"date":"2026-01-07T09:06:10","date_gmt":"2026-01-07T08:06:10","guid":{"rendered":"https:\/\/bsm-schweisserausbildung.de\/?page_id=2777"},"modified":"2026-02-19T12:56:24","modified_gmt":"2026-02-19T11:56:24","slug":"ueberblick","status":"publish","type":"page","link":"https:\/\/bsm-schweisserausbildung.de\/en\/ueberblick\/","title":{"rendered":"Overview"},"content":{"rendered":"<div data-elementor-type=\"wp-page\" data-elementor-id=\"2777\" class=\"elementor elementor-2777\" data-elementor-post-type=\"page\">\n\t\t\t\t\t\t<section class=\"elementor-section elementor-top-section elementor-element elementor-element-483a579f elementor-section-content-middle elementor-section-boxed elementor-section-height-default elementor-section-height-default\" data-id=\"483a579f\" data-element_type=\"section\" data-e-type=\"section\" data-settings=\"{&quot;background_background&quot;:&quot;classic&quot;}\">\n\t\t\t\t\t\t<div class=\"elementor-container elementor-column-gap-no\">\n\t\t\t\t\t<div class=\"elementor-column elementor-col-100 elementor-top-column elementor-element elementor-element-355b3e9f\" data-id=\"355b3e9f\" data-element_type=\"column\" data-e-type=\"column\">\n\t\t\t<div class=\"elementor-widget-wrap elementor-element-populated\">\n\t\t\t\t\t\t<section class=\"elementor-section elementor-inner-section elementor-element elementor-element-78319fb0 elementor-section-boxed elementor-section-height-default elementor-section-height-default\" data-id=\"78319fb0\" data-element_type=\"section\" data-e-type=\"section\">\n\t\t\t\t\t\t<div class=\"elementor-container elementor-column-gap-default\">\n\t\t\t\t\t<div class=\"elementor-column elementor-col-100 elementor-inner-column elementor-element elementor-element-749a0c34\" data-id=\"749a0c34\" data-element_type=\"column\" data-e-type=\"column\">\n\t\t\t<div class=\"elementor-widget-wrap elementor-element-populated\">\n\t\t\t\t\t\t<div class=\"elementor-element elementor-element-721d987a elementor-widget elementor-widget-heading\" data-id=\"721d987a\" data-element_type=\"widget\" data-e-type=\"widget\" data-widget_type=\"heading.default\">\n\t\t\t\t<div class=\"elementor-widget-container\">\n\t\t\t\t\t<h2 class=\"elementor-heading-title elementor-size-default\">Our courses: T\u00dcV-certified and recognised worldwide! <\/h2>\t\t\t\t<\/div>\n\t\t\t\t<\/div>\n\t\t\t\t\t<\/div>\n\t\t<\/div>\n\t\t\t\t\t<\/div>\n\t\t<\/section>\n\t\t\t\t\t<\/div>\n\t\t<\/div>\n\t\t\t\t\t<\/div>\n\t\t<\/section>\n\t\t\t\t<section class=\"elementor-section elementor-top-section elementor-element elementor-element-1aaae713 elementor-section-boxed elementor-section-height-default elementor-section-height-default\" data-id=\"1aaae713\" data-element_type=\"section\" data-e-type=\"section\">\n\t\t\t\t\t\t<div class=\"elementor-container elementor-column-gap-default\">\n\t\t\t\t\t<div class=\"elementor-column elementor-col-100 elementor-top-column elementor-element elementor-element-62f3d4b2\" data-id=\"62f3d4b2\" data-element_type=\"column\" data-e-type=\"column\">\n\t\t\t<div class=\"elementor-widget-wrap elementor-element-populated\">\n\t\t\t\t\t\t<div class=\"elementor-element elementor-element-b67d107 elementor-widget elementor-widget-heading\" data-id=\"b67d107\" data-element_type=\"widget\" data-e-type=\"widget\" data-widget_type=\"heading.default\">\n\t\t\t\t<div class=\"elementor-widget-container\">\n\t\t\t\t\t<h2 class=\"elementor-heading-title elementor-size-default\">Whether you are starting from scratch or want to renew your certificate - this information will help you keep track of everything!\n\n<\/h2>\t\t\t\t<\/div>\n\t\t\t\t<\/div>\n\t\t\t\t<section class=\"elementor-section elementor-inner-section elementor-element elementor-element-e60b4a elementor-section-boxed elementor-section-height-default elementor-section-height-default\" data-id=\"e60b4a\" data-element_type=\"section\" data-e-type=\"section\">\n\t\t\t\t\t\t<div class=\"elementor-container elementor-column-gap-default\">\n\t\t\t\t\t<div class=\"elementor-column elementor-col-100 elementor-inner-column elementor-element elementor-element-48ab4047\" data-id=\"48ab4047\" data-element_type=\"column\" data-e-type=\"column\">\n\t\t\t<div class=\"elementor-widget-wrap elementor-element-populated\">\n\t\t\t\t\t\t<div class=\"elementor-element elementor-element-41810a48 elementor-widget elementor-widget-text-editor\" data-id=\"41810a48\" data-element_type=\"widget\" data-e-type=\"widget\" data-widget_type=\"text-editor.default\">\n\t\t\t\t<div class=\"elementor-widget-container\">\n\t\t\t\t\t\t\t\t\t<p style=\"font-weight: 400;\"><strong>Training periods<\/strong>Mondays to Fridays from 07:30 to 15:30.<\/p><p style=\"font-weight: 400;\"><strong>Duration of the training courses:<\/strong> individually, depending on the certificates required and on the \u201emanual skills test\u201c (practical examination that tests skills in handling tools and materials) carried out in advance.<\/p><p style=\"font-weight: 400;\"><strong>With us, you can qualify as a T\u00dcV-certified welder in the following welding processes<\/strong>:<\/p><ul><li style=\"font-weight: 400;\">Manual electric arc welding,<\/li><li style=\"font-weight: 400;\">MAG, WIG on unalloyed structural steel<\/li><li style=\"font-weight: 400;\">TIG on chrome-nickel steel,<\/li><li style=\"font-weight: 400;\">Combination of different welding processes also possible!<\/li><li style=\"font-weight: 400;\">Each welding process consists of 6 modules that build on each other and guarantee a comprehensive qualification.<\/li><\/ul><div>\u00a0<\/div><p style=\"font-weight: 400;\"><strong>Welding certificates<\/strong><\/p><ul style=\"font-weight: 400;\"><li>Standards in DIN EN ISO 9606-1\/2<\/li><li>Practitioners (welders) can take these tests<\/li><li>After passing the exam: Certificate<\/li><li>Certificate authorises the use of welding skills in the workplace for 3 years<\/li><\/ul><div>\u00a0<\/div><p style=\"font-weight: 400;\"><strong>Modular training courses in welding technology<\/strong><\/p><ul style=\"font-weight: 400;\"><li>Consist of different modules, graded according to difficulty level<\/li><li>Flexible system, customised to individual needs<\/li><li>Expand practical skills and theoretical knowledge according to your own goals<\/li><li>Each module is certified according to AZAV<\/li><\/ul><div>\u00a0<\/div><p style=\"font-weight: 400;\"><strong>Target group of the modular courses<\/strong><\/p><ul style=\"font-weight: 400;\"><li>Adults with manual experience<\/li><li>Especially addressed are: People with training vouchers, pension insurance providers, welders who need to renew or extend their certificate<\/li><\/ul><div>\u00a0<\/div><p style=\"font-weight: 400;\"><strong>\u00a0Do you have any questions? Then contact us - we look forward to hearing from you!<\/strong><\/p><p style=\"font-weight: 400;\">Talk directly to our training manager Mr Dogan Sener! Tel:\u00a0<a href=\"tel:0172\/7358016\">0172\/7358016<\/a>\u00a0or\u00a0<a href=\"tel:0223343501\">02233 43501<\/a><\/p>\t\t\t\t\t\t\t\t<\/div>\n\t\t\t\t<\/div>\n\t\t\t\t\t<\/div>\n\t\t<\/div>\n\t\t\t\t\t<\/div>\n\t\t<\/section>\n\t\t\t\t\t<\/div>\n\t\t<\/div>\n\t\t\t\t\t<\/div>\n\t\t<\/section>\n\t\t\t\t<\/div>","protected":false},"excerpt":{"rendered":"<p>Unsere Kurse: T\u00dcV-gepr\u00fcft und weltweit anerkannt! Ob du neu startest oder dein Zertifikat erneuern m\u00f6chtest \u2013 diese Infos helfen dir, den \u00dcberblick zu behalten! Ausbildungszeiten: Montags bis Freitags von 07:30 Uhr bis 15:30 Uhr. Ausbildungsdauer der Lehrg\u00e4nge: individuell, abh\u00e4ngig von den ben\u00f6tigten Zertifikaten und von der im Vorfeld durchgef\u00fchrten \u201eHandfertigkeitsprobe\u201c (praktische Pr\u00fcfung, die F\u00e4higkeiten im [&hellip;]<\/p>\n","protected":false},"author":1,"featured_media":0,"parent":0,"menu_order":0,"comment_status":"closed","ping_status":"closed","template":"","meta":{"footnotes":""},"class_list":["post-2777","page","type-page","status-publish","hentry"],"_links":{"self":[{"href":"https:\/\/bsm-schweisserausbildung.de\/en\/wp-json\/wp\/v2\/pages\/2777","targetHints":{"allow":["GET"]}}],"collection":[{"href":"https:\/\/bsm-schweisserausbildung.de\/en\/wp-json\/wp\/v2\/pages"}],"about":[{"href":"https:\/\/bsm-schweisserausbildung.de\/en\/wp-json\/wp\/v2\/types\/page"}],"author":[{"embeddable":true,"href":"https:\/\/bsm-schweisserausbildung.de\/en\/wp-json\/wp\/v2\/users\/1"}],"replies":[{"embeddable":true,"href":"https:\/\/bsm-schweisserausbildung.de\/en\/wp-json\/wp\/v2\/comments?post=2777"}],"version-history":[{"count":10,"href":"https:\/\/bsm-schweisserausbildung.de\/en\/wp-json\/wp\/v2\/pages\/2777\/revisions"}],"predecessor-version":[{"id":3017,"href":"https:\/\/bsm-schweisserausbildung.de\/en\/wp-json\/wp\/v2\/pages\/2777\/revisions\/3017"}],"wp:attachment":[{"href":"https:\/\/bsm-schweisserausbildung.de\/en\/wp-json\/wp\/v2\/media?parent=2777"}],"curies":[{"name":"wp","href":"https:\/\/api.w.org\/{rel}","templated":true}]}}