{"id":2678,"date":"2025-12-22T10:32:49","date_gmt":"2025-12-22T09:32:49","guid":{"rendered":"https:\/\/bsm-schweisserausbildung.de\/?page_id=2678"},"modified":"2026-01-14T10:39:38","modified_gmt":"2026-01-14T09:39:38","slug":"deutsch-fuer-den-beruf","status":"publish","type":"page","link":"https:\/\/bsm-schweisserausbildung.de\/en\/deutsch-fuer-den-beruf\/","title":{"rendered":"German for the job"},"content":{"rendered":"<div data-elementor-type=\"wp-page\" data-elementor-id=\"2678\" class=\"elementor elementor-2678\" data-elementor-post-type=\"page\">\n\t\t\t\t\t\t<section class=\"elementor-section elementor-top-section elementor-element elementor-element-2c38f67d elementor-section-height-min-height elementor-section-full_width elementor-section-items-stretch elementor-section-content-middle elementor-section-height-default\" data-id=\"2c38f67d\" data-element_type=\"section\" data-e-type=\"section\" data-settings=\"{&quot;background_background&quot;:&quot;classic&quot;}\">\n\t\t\t\t\t\t<div class=\"elementor-container elementor-column-gap-default\">\n\t\t\t\t\t<div class=\"elementor-column elementor-col-50 elementor-top-column elementor-element elementor-element-1a8dae1d\" data-id=\"1a8dae1d\" data-element_type=\"column\" data-e-type=\"column\" data-settings=\"{&quot;background_background&quot;:&quot;classic&quot;}\">\n\t\t\t<div class=\"elementor-widget-wrap elementor-element-populated\">\n\t\t\t\t\t\t<div class=\"elementor-element elementor-element-26886104 elementor-widget elementor-widget-heading\" data-id=\"26886104\" data-element_type=\"widget\" data-e-type=\"widget\" data-widget_type=\"heading.default\">\n\t\t\t\t<div class=\"elementor-widget-container\">\n\t\t\t\t\t<h1 class=\"elementor-heading-title elementor-size-default\">German for the job<\/h1>\t\t\t\t<\/div>\n\t\t\t\t<\/div>\n\t\t\t\t<div class=\"elementor-element elementor-element-3046166 elementor-widget elementor-widget-heading\" data-id=\"3046166\" data-element_type=\"widget\" data-e-type=\"widget\" data-widget_type=\"heading.default\">\n\t\t\t\t<div class=\"elementor-widget-container\">\n\t\t\t\t\t<h2 class=\"elementor-heading-title elementor-size-default\">our offer for migrants, <br>Refugees and participants with German as a non-native language<\/h2>\t\t\t\t<\/div>\n\t\t\t\t<\/div>\n\t\t\t\t\t<\/div>\n\t\t<\/div>\n\t\t\t\t<div class=\"elementor-column elementor-col-50 elementor-top-column elementor-element elementor-element-65850b9a\" data-id=\"65850b9a\" data-element_type=\"column\" data-e-type=\"column\" data-settings=\"{&quot;background_background&quot;:&quot;classic&quot;}\">\n\t\t\t<div class=\"elementor-widget-wrap\">\n\t\t\t\t\t\t\t<\/div>\n\t\t<\/div>\n\t\t\t\t\t<\/div>\n\t\t<\/section>\n\t\t\t\t<section class=\"elementor-section elementor-top-section elementor-element elementor-element-7e501676 elementor-section-boxed elementor-section-height-default elementor-section-height-default\" data-id=\"7e501676\" data-element_type=\"section\" data-e-type=\"section\">\n\t\t\t\t\t\t<div class=\"elementor-container elementor-column-gap-default\">\n\t\t\t\t\t<div class=\"elementor-column elementor-col-100 elementor-top-column elementor-element elementor-element-49c9d018\" data-id=\"49c9d018\" data-element_type=\"column\" data-e-type=\"column\">\n\t\t\t<div class=\"elementor-widget-wrap elementor-element-populated\">\n\t\t\t\t\t\t<section class=\"elementor-section elementor-inner-section elementor-element elementor-element-782df3f6 elementor-section-boxed elementor-section-height-default elementor-section-height-default\" data-id=\"782df3f6\" data-element_type=\"section\" data-e-type=\"section\">\n\t\t\t\t\t\t<div class=\"elementor-container elementor-column-gap-default\">\n\t\t\t\t\t<div class=\"elementor-column elementor-col-100 elementor-inner-column elementor-element elementor-element-3eea53c4\" data-id=\"3eea53c4\" data-element_type=\"column\" data-e-type=\"column\">\n\t\t\t<div class=\"elementor-widget-wrap elementor-element-populated\">\n\t\t\t\t\t\t<div class=\"elementor-element elementor-element-7f9cf5ee elementor-widget elementor-widget-text-editor\" data-id=\"7f9cf5ee\" data-element_type=\"widget\" data-e-type=\"widget\" data-widget_type=\"text-editor.default\">\n\t\t\t\t<div class=\"elementor-widget-container\">\n\t\t\t\t\t\t\t\t\t<p style=\"font-weight: 400; font-size: 26px;\"><strong>Would you like to become a welder, but your German language skills are not yet so good? No problem!<\/strong> <strong>We can help you!<\/strong><\/p>\n<p style=\"font-weight: 400;\">Our German courses are aimed in particular at people who are looking for a secure and well-paid job - even if they do not yet speak perfect German.<\/p>\n<p style=\"font-weight: 400;\"><strong>Because we know: <\/strong>Many refugees and migrants need a quick start to their careers and to feel at home, <strong>welcome and integrated<\/strong> to be. This is exactly where we want to help.<\/p>\n<p style=\"font-weight: 400;\"><strong>Professional German that will get you ahead - straight into the job.<\/strong><\/p>\n<p style=\"font-weight: 400;\">We support you with our special language courses, the so-called <strong>Vocational German language support.<\/strong> In our German course, you will learn the most important terms and expressions that you will later need in the welding profession - in a practical and understandable way.<\/p>\n<p style=\"font-weight: 400;\"><strong>What you can expect: <\/strong><\/p>\n\n<ul style=\"font-weight: 400;\">\n \t<li><strong>270 hours of lessons<\/strong><\/li>\n \t<li><strong>Language training directly related to the welding profession<\/strong><\/li>\n \t<li><strong>Individualised support\n<\/strong><\/li>\n<\/ul>\n<p style=\"font-weight: 400;\"><strong>\nGood to know<\/strong><\/p>\n<p style=\"font-weight: 400;\">The courses are <strong>free of charge<\/strong>, if you have a <strong>Education voucher from the office<\/strong> get. You can apply for this education voucher at the job centre or employment office. <strong>We will support you! <\/strong><\/p>\n<p style=\"font-weight: 400;\">So you can concentrate fully on your future - without any financial worries!<\/p>\n<p style=\"font-weight: 400;\"><strong>Do you have any questions? We are here for you!<\/strong><\/p>\n<p style=\"font-weight: 400;\">Whether you would like to know more about our courses or need help with your enrolment - we will be happy to help you!<\/p>\n<p style=\"font-weight: 400;\"><strong>\u00a0Do you have any questions? Then contact us - we look forward to hearing from you!<\/strong><\/p>\n<p style=\"font-weight: 400;\">Talk directly to our training manager Mr Dogan Sener! Tel:\u00a0<a href=\"tel:0172\/7358016\">0172\/7358016<\/a>\u00a0or\u00a0<a href=\"tel:0223343501\">02233 43501<\/a><\/p>\n<p style=\"font-weight: 400;\"><\/p>\t\t\t\t\t\t\t\t<\/div>\n\t\t\t\t<\/div>\n\t\t\t\t\t<\/div>\n\t\t<\/div>\n\t\t\t\t\t<\/div>\n\t\t<\/section>\n\t\t\t\t\t<\/div>\n\t\t<\/div>\n\t\t\t\t\t<\/div>\n\t\t<\/section>\n\t\t\t\t<\/div>","protected":false},"excerpt":{"rendered":"<p>Deutsch f\u00fcr den Beruf unser Angebot f\u00fcr Migrantinnen und Migranten, Gefl\u00fcchtete und Teilnehmende mit Deutsch als Nicht-Muttersprache Du m\u00f6chtest Schwei\u00dfer werden, aber deine Deutschkenntnisse sind noch nicht so gut? Kein Problem! Wir helfen dir! Unsere Deutschkurse richten sich besonders an Menschen, die einen sicheren und gut bezahlten Job suchen \u2013 auch wenn sie noch nicht [&hellip;]<\/p>\n","protected":false},"author":1,"featured_media":0,"parent":0,"menu_order":0,"comment_status":"closed","ping_status":"closed","template":"","meta":{"footnotes":""},"class_list":["post-2678","page","type-page","status-publish","hentry"],"_links":{"self":[{"href":"https:\/\/bsm-schweisserausbildung.de\/en\/wp-json\/wp\/v2\/pages\/2678","targetHints":{"allow":["GET"]}}],"collection":[{"href":"https:\/\/bsm-schweisserausbildung.de\/en\/wp-json\/wp\/v2\/pages"}],"about":[{"href":"https:\/\/bsm-schweisserausbildung.de\/en\/wp-json\/wp\/v2\/types\/page"}],"author":[{"embeddable":true,"href":"https:\/\/bsm-schweisserausbildung.de\/en\/wp-json\/wp\/v2\/users\/1"}],"replies":[{"embeddable":true,"href":"https:\/\/bsm-schweisserausbildung.de\/en\/wp-json\/wp\/v2\/comments?post=2678"}],"version-history":[{"count":10,"href":"https:\/\/bsm-schweisserausbildung.de\/en\/wp-json\/wp\/v2\/pages\/2678\/revisions"}],"predecessor-version":[{"id":2836,"href":"https:\/\/bsm-schweisserausbildung.de\/en\/wp-json\/wp\/v2\/pages\/2678\/revisions\/2836"}],"wp:attachment":[{"href":"https:\/\/bsm-schweisserausbildung.de\/en\/wp-json\/wp\/v2\/media?parent=2678"}],"curies":[{"name":"wp","href":"https:\/\/api.w.org\/{rel}","templated":true}]}}