{"id":454,"date":"2022-06-03T12:20:17","date_gmt":"2022-06-03T10:20:17","guid":{"rendered":"http:\/\/planb.bbk-cloud.de\/?page_id=454"},"modified":"2023-10-20T15:30:16","modified_gmt":"2023-10-20T13:30:16","slug":"impressum","status":"publish","type":"page","link":"https:\/\/bsm-schweisserausbildung.de\/ar\/impressum\/","title":{"rendered":"\u0628\u0635\u0645\u0629"},"content":{"rendered":"<div data-elementor-type=\"wp-page\" data-elementor-id=\"454\" class=\"elementor elementor-454\" data-elementor-post-type=\"page\">\n\t\t\t\t\t\t<section class=\"elementor-section elementor-top-section elementor-element elementor-element-631f064f elementor-section-height-min-height elementor-section-full_width elementor-section-items-stretch elementor-section-content-middle elementor-section-height-default\" data-id=\"631f064f\" data-element_type=\"section\" data-e-type=\"section\" data-settings=\"{&quot;background_background&quot;:&quot;classic&quot;}\">\n\t\t\t\t\t\t<div class=\"elementor-container elementor-column-gap-default\">\n\t\t\t\t\t<div class=\"elementor-column elementor-col-50 elementor-top-column elementor-element elementor-element-13f48545\" data-id=\"13f48545\" data-element_type=\"column\" data-e-type=\"column\" data-settings=\"{&quot;background_background&quot;:&quot;classic&quot;}\">\n\t\t\t<div class=\"elementor-widget-wrap elementor-element-populated\">\n\t\t\t\t\t\t<div class=\"elementor-element elementor-element-5431d260 elementor-widget elementor-widget-heading\" data-id=\"5431d260\" data-element_type=\"widget\" data-e-type=\"widget\" data-widget_type=\"heading.default\">\n\t\t\t\t<div class=\"elementor-widget-container\">\n\t\t\t\t\t<h1 class=\"elementor-heading-title elementor-size-default\">\u0628\u0635\u0645\u0629<\/h1>\t\t\t\t<\/div>\n\t\t\t\t<\/div>\n\t\t\t\t\t<\/div>\n\t\t<\/div>\n\t\t\t\t<div class=\"elementor-column elementor-col-50 elementor-top-column elementor-element elementor-element-4beb7087\" data-id=\"4beb7087\" data-element_type=\"column\" data-e-type=\"column\" data-settings=\"{&quot;background_background&quot;:&quot;classic&quot;}\">\n\t\t\t<div class=\"elementor-widget-wrap\">\n\t\t\t\t\t\t\t<\/div>\n\t\t<\/div>\n\t\t\t\t\t<\/div>\n\t\t<\/section>\n\t\t\t\t<section class=\"elementor-section elementor-top-section elementor-element elementor-element-b9e9cb8 elementor-section-boxed elementor-section-height-default elementor-section-height-default\" data-id=\"b9e9cb8\" data-element_type=\"section\" data-e-type=\"section\">\n\t\t\t\t\t\t<div class=\"elementor-container elementor-column-gap-default\">\n\t\t\t\t\t<div class=\"elementor-column elementor-col-100 elementor-top-column elementor-element elementor-element-fc1bc43\" data-id=\"fc1bc43\" data-element_type=\"column\" data-e-type=\"column\">\n\t\t\t<div class=\"elementor-widget-wrap elementor-element-populated\">\n\t\t\t\t\t\t<section class=\"elementor-section elementor-inner-section elementor-element elementor-element-2d9a23e elementor-section-boxed elementor-section-height-default elementor-section-height-default\" data-id=\"2d9a23e\" data-element_type=\"section\" data-e-type=\"section\">\n\t\t\t\t\t\t<div class=\"elementor-container elementor-column-gap-default\">\n\t\t\t\t\t<div class=\"elementor-column elementor-col-100 elementor-inner-column elementor-element elementor-element-6f65ecc\" data-id=\"6f65ecc\" data-element_type=\"column\" data-e-type=\"column\">\n\t\t\t<div class=\"elementor-widget-wrap elementor-element-populated\">\n\t\t\t\t\t\t<div class=\"elementor-element elementor-element-ca6824f elementor-widget elementor-widget-text-editor\" data-id=\"ca6824f\" data-element_type=\"widget\" data-e-type=\"widget\" data-widget_type=\"text-editor.default\">\n\t\t\t\t<div class=\"elementor-widget-container\">\n\t\t\t\t\t\t\t\t\t<p><strong>\u0627\u0644\u0645\u0639\u0644\u0648\u0645\u0627\u062a \u0648\u0641\u0642\u064b\u0627 \u0644\u0644\u0645\u0627\u062f\u0629 5 \u0645\u0646 \u0642\u0627\u0646\u0648\u0646 \u0645\u0643\u0627\u0641\u062d\u0629 \u0627\u0644\u0625\u0631\u0647\u0627\u0628:<\/strong><\/p>\n<p>BSM - \u0645\u0631\u0643\u0632 \u0627\u0644\u062a\u062f\u0631\u064a\u0628 \u0639\u0644\u0649 \u0627\u0644\u0644\u062d\u0627\u0645 \u0648\u062a\u0643\u0646\u0648\u0644\u0648\u062c\u064a\u0627 \u0627\u0644\u0645\u0639\u0627\u062f\u0646<br>\u0628\u0648\u0646 \u0634\u062a\u0631\u0627\u0633\u0647 489<\/p>\n<p>50354 \u0647\u0648\u0631\u062b 50354<\/p>\n<p><strong>\u0643\u0628\u064a\u0631 \u0627\u0644\u0645\u0645\u062b\u0644\u064a\u0646<\/strong><br>\u0643\u0644\u0627\u0648\u0633 \u0643\u0648\u062a\u0632\u0646\u0631<\/p>\n<p><strong style=\"color: var( --e-global-color-text ); font-family: var( --e-global-typography-text-font-family ), Sans-serif; font-size: var( --e-global-typography-text-font-size ); font-style: var( --e-global-typography-text-font-style ); letter-spacing: var( --e-global-typography-text-letter-spacing ); text-decoration-line: ; text-transform: var( --e-global-typography-text-text-transform ); background-color: var( --e-global-color-873bb0e );\">\u0627\u062a\u0635\u0644 \u0628\u0640<\/strong><br><\/p><p>\u0647\u0627\u062a\u0641: 0223 343501<br>\u0627\u0644\u0628\u0631\u064a\u062f \u0627\u0644\u0625\u0644\u0643\u062a\u0631\u0648\u0646\u064a: info@bsm-schweisserausbildung.de<\/p>\n<p><strong>\u0627\u0644\u0625\u0634\u0627\u0631\u0629 \u0625\u0644\u0649 \u062a\u0633\u0648\u064a\u0629 \u0627\u0644\u0645\u0646\u0627\u0632\u0639\u0627\u062a \u0641\u064a \u0627\u0644\u0627\u062a\u062d\u0627\u062f \u0627\u0644\u0623\u0648\u0631\u0648\u0628\u064a<\/strong><br>\u062a\u0648\u0641\u0631 \u0627\u0644\u0645\u0641\u0648\u0636\u064a\u0629 \u0627\u0644\u0623\u0648\u0631\u0648\u0628\u064a\u0629 \u0645\u0646\u0635\u0629 \u0644\u062a\u0633\u0648\u064a\u0629 \u0627\u0644\u0645\u0646\u0627\u0632\u0639\u0627\u062a \u0639\u0628\u0631 \u0627\u0644\u0625\u0646\u062a\u0631\u0646\u062a: http:\/\/ec.europa.eu\/consumers\/odr<br>\u064a\u0645\u0643\u0646\u0643 \u0627\u0644\u0639\u062b\u0648\u0631 \u0639\u0644\u0649 \u0639\u0646\u0648\u0627\u0646 \u0628\u0631\u064a\u062f\u0646\u0627 \u0627\u0644\u0625\u0644\u0643\u062a\u0631\u0648\u0646\u064a \u0641\u064a \u0627\u0644\u0628\u0635\u0645\u0629 \u0623\u0639\u0644\u0627\u0647.<\/p>\n<p>\u062a\u0633\u062a\u0639\u062f \u0634\u0631\u0643\u0629 BSM - Bildungsst\u00e4tte f\u00fcr Schwei\u00df- und Metalltechnik \u0644\u0644\u0645\u0634\u0627\u0631\u0643\u0629 \u0641\u064a \u0625\u062c\u0631\u0627\u0621\u0627\u062a \u062a\u0633\u0648\u064a\u0629 \u0627\u0644\u0645\u0646\u0627\u0632\u0639\u0627\u062a \u0641\u064a \u0647\u064a\u0626\u0629 \u062a\u062d\u0643\u064a\u0645 \u0627\u0644\u0645\u0633\u062a\u0647\u0644\u0643\u064a\u0646. \u062a\u0648\u0641\u0631 \u0627\u0644\u0645\u0641\u0648\u0636\u064a\u0629 \u0627\u0644\u0623\u0648\u0631\u0648\u0628\u064a\u0629 \u0645\u0646\u0635\u0629 \u0644\u062a\u0633\u0648\u064a\u0629 \u0627\u0644\u0645\u0646\u0627\u0632\u0639\u0627\u062a \u0639\u0628\u0631 \u0627\u0644\u0625\u0646\u062a\u0631\u0646\u062a (OS)\u060c \u0648\u0627\u0644\u062a\u064a \u064a\u0645\u0643\u0646\u0643 \u0627\u0644\u0639\u062b\u0648\u0631 \u0639\u0644\u064a\u0647\u0627 \u0639\u0644\u0649 http:\/\/ec.europa.eu\/consumers\/odr\/. \u064a\u0645\u0643\u0646 \u0644\u0644\u0645\u0633\u062a\u0647\u0644\u0643\u064a\u0646 \u0627\u0633\u062a\u062e\u062f\u0627\u0645 \u0647\u0630\u0647 \u0627\u0644\u0645\u0646\u0635\u0629 \u0644\u062a\u0633\u0648\u064a\u0629 \u0646\u0632\u0627\u0639\u0627\u062a\u0647\u0645.<\/p>\n<p>\u0627\u0644\u0645\u0635\u062f\u0631: eRecht24<\/p>\n<p><strong>\u0627\u0633\u062a\u0628\u0639\u0627\u062f \u0627\u0644\u0645\u0633\u0624\u0648\u0644\u064a\u0629 (\u0625\u062e\u0644\u0627\u0621 \u0627\u0644\u0645\u0633\u0624\u0648\u0644\u064a\u0629)<br><\/strong><br><strong>\u0627\u0644\u0645\u0633\u0624\u0648\u0644\u064a\u0629 \u0639\u0646 \u0627\u0644\u0645\u062d\u062a\u0648\u0649<\/strong><\/p>\n<p>\u0628\u0635\u0641\u062a\u0646\u0627 \u0645\u0632\u0648\u062f \u062e\u062f\u0645\u0629\u060c \u0646\u062d\u0646 \u0645\u0633\u0624\u0648\u0644\u0648\u0646 \u0639\u0646 \u0627\u0644\u0645\u062d\u062a\u0648\u0649 \u0627\u0644\u062e\u0627\u0635 \u0628\u0646\u0627 \u0639\u0644\u0649 \u0647\u0630\u0647 \u0627\u0644\u0635\u0641\u062d\u0627\u062a \u0648\u0641\u0642\u064b\u0627 \u0644\u0644\u0645\u0627\u062f\u0629 7 (1) \u0645\u0646 \u0642\u0627\u0646\u0648\u0646 \u0627\u0644\u0625\u0639\u0644\u0627\u0645 \u0639\u0646 \u0628\u064f\u0639\u062f \u0627\u0644\u0623\u0644\u0645\u0627\u0646\u064a \u0648\u0627\u0644\u062a\u0634\u0631\u064a\u0639\u0627\u062a \u0627\u0644\u0639\u0627\u0645\u0629. \u0648\u0645\u0639 \u0630\u0644\u0643\u060c \u0648\u0648\u0641\u0642\u064b\u0627 \u0644\u0644\u0641\u0642\u0631\u0627\u062a \u0645\u0646 8 \u0625\u0644\u0649 10 \u0645\u0646 \u0642\u0627\u0646\u0648\u0646 \u0627\u0644\u0625\u0639\u0644\u0627\u0645 \u0627\u0644\u0623\u0644\u0645\u0627\u0646\u064a \u0639\u0646 \u0628\u064f\u0639\u062f\u060c \u0641\u0625\u0646\u0646\u0627 \u063a\u064a\u0631 \u0645\u0644\u0632\u0645\u064a\u0646 \u0643\u0645\u0642\u062f\u0645 \u062e\u062f\u0645\u0629 \u0628\u0645\u0631\u0627\u0642\u0628\u0629 \u0627\u0644\u0645\u0639\u0644\u0648\u0645\u0627\u062a \u0627\u0644\u0645\u0631\u0633\u0644\u0629 \u0623\u0648 \u0627\u0644\u0645\u062e\u0632\u0646\u0629 \u0645\u0646 \u0637\u0631\u0641 \u062b\u0627\u0644\u062b \u0623\u0648 \u0627\u0644\u062a\u062d\u0642\u064a\u0642 \u0641\u064a \u0627\u0644\u0638\u0631\u0648\u0641 \u0627\u0644\u062a\u064a \u062a\u0634\u064a\u0631 \u0625\u0644\u0649 \u0648\u062c\u0648\u062f \u0646\u0634\u0627\u0637 \u063a\u064a\u0631 \u0642\u0627\u0646\u0648\u0646\u064a. \u062a\u0638\u0644 \u0627\u0644\u062a\u0632\u0627\u0645\u0627\u062a \u0625\u0632\u0627\u0644\u0629 \u0623\u0648 \u0645\u0646\u0639 \u0627\u0633\u062a\u062e\u062f\u0627\u0645 \u0627\u0644\u0645\u0639\u0644\u0648\u0645\u0627\u062a \u0648\u0641\u0642\u064b\u0627 \u0644\u0644\u062a\u0634\u0631\u064a\u0639\u0627\u062a \u0627\u0644\u0639\u0627\u0645\u0629 \u063a\u064a\u0631 \u0645\u062a\u0623\u062b\u0631\u0629 \u0628\u0630\u0644\u0643. \u0648\u0645\u0639 \u0630\u0644\u0643\u060c \u0641\u0625\u0646 \u0627\u0644\u0645\u0633\u0624\u0648\u0644\u064a\u0629 \u0641\u064a \u0647\u0630\u0627 \u0627\u0644\u0635\u062f\u062f \u0645\u0645\u0643\u0646\u0629 \u0641\u0642\u0637 \u0645\u0646 \u0648\u0642\u062a \u0627\u0644\u0639\u0644\u0645 \u0628\u0627\u0646\u062a\u0647\u0627\u0643 \u0645\u062d\u062f\u062f. \u0648\u0628\u0645\u062c\u0631\u062f \u0639\u0644\u0645\u0646\u0627 \u0628\u0645\u062b\u0644 \u0647\u0630\u0647 \u0627\u0644\u0627\u0646\u062a\u0647\u0627\u0643\u0627\u062a\u060c \u0633\u0646\u0642\u0648\u0645 \u0628\u0625\u0632\u0627\u0644\u0629 \u0647\u0630\u0627 \u0627\u0644\u0645\u062d\u062a\u0648\u0649 \u0639\u0644\u0649 \u0627\u0644\u0641\u0648\u0631.<\/p>\n<p><strong>\u0627\u0644\u0645\u0633\u0624\u0648\u0644\u064a\u0629 \u0639\u0646 \u0627\u0644\u0631\u0648\u0627\u0628\u0637<\/strong><\/p>\n<p>\u064a\u062d\u062a\u0648\u064a \u0645\u0648\u0642\u0639\u0646\u0627 \u0627\u0644\u0625\u0644\u0643\u062a\u0631\u0648\u0646\u064a \u0639\u0644\u0649 \u0631\u0648\u0627\u0628\u0637 \u0644\u0645\u0648\u0627\u0642\u0639 \u0625\u0644\u0643\u062a\u0631\u0648\u0646\u064a\u0629 \u062e\u0627\u0631\u062c\u064a\u0629 \u0644\u0627 \u0646\u0645\u0644\u0643 \u0623\u064a \u062a\u0623\u062b\u064a\u0631 \u0639\u0644\u0649 \u0645\u062d\u062a\u0648\u0627\u0647\u0627. \u0644\u0630\u0644\u0643\u060c \u0644\u0627 \u064a\u0645\u0643\u0646\u0646\u0627 \u0642\u0628\u0648\u0644 \u0623\u064a \u0645\u0633\u0624\u0648\u0644\u064a\u0629 \u0639\u0646 \u0645\u062d\u062a\u0648\u0649 \u0647\u0630\u0647 \u0627\u0644\u0645\u0648\u0627\u0642\u0639 \u0627\u0644\u062e\u0627\u0631\u062c\u064a\u0629. \u064a\u062a\u062d\u0645\u0644 \u0645\u0632\u0648\u062f \u0623\u0648 \u0645\u0634\u063a\u0644 \u0627\u0644\u0635\u0641\u062d\u0627\u062a \u0627\u0644\u0645\u0639\u0646\u064a\u0629 \u062f\u0627\u0626\u0645\u064b\u0627 \u0627\u0644\u0645\u0633\u0624\u0648\u0644\u064a\u0629 \u0639\u0646 \u0645\u062d\u062a\u0648\u0649 \u0627\u0644\u0635\u0641\u062d\u0627\u062a \u0627\u0644\u0645\u0631\u062a\u0628\u0637\u0629. \u062a\u0645 \u0641\u062d\u0635 \u0627\u0644\u0635\u0641\u062d\u0627\u062a \u0627\u0644\u0645\u0631\u062a\u0628\u0637\u0629 \u0628\u062d\u062b\u064b\u0627 \u0639\u0646 \u0623\u064a \u0627\u0646\u062a\u0647\u0627\u0643\u0627\u062a \u0642\u0627\u0646\u0648\u0646\u064a\u0629 \u0645\u062d\u062a\u0645\u0644\u0629 \u0648\u0642\u062a \u0627\u0644\u0631\u0628\u0637. \u0644\u0645 \u064a\u062a\u0645 \u0627\u0644\u062a\u0639\u0631\u0641 \u0639\u0644\u0649 \u0627\u0644\u0645\u062d\u062a\u0648\u064a\u0627\u062a \u063a\u064a\u0631 \u0627\u0644\u0642\u0627\u0646\u0648\u0646\u064a\u0629 \u0648\u0642\u062a \u0627\u0644\u0631\u0628\u0637. \u0648\u0645\u0639 \u0630\u0644\u0643\u060c \u0641\u0625\u0646 \u0627\u0644\u0645\u0631\u0627\u0642\u0628\u0629 \u0627\u0644\u062f\u0627\u0626\u0645\u0629 \u0644\u0645\u062d\u062a\u0648\u0649 \u0627\u0644\u0635\u0641\u062d\u0627\u062a \u0627\u0644\u0645\u0631\u062a\u0628\u0637\u0629 \u0644\u064a\u0633\u062a \u0645\u0639\u0642\u0648\u0644\u0629 \u062f\u0648\u0646 \u0648\u062c\u0648\u062f \u062f\u0644\u064a\u0644 \u0645\u0644\u0645\u0648\u0633 \u0639\u0644\u0649 \u0648\u062c\u0648\u062f \u0627\u0646\u062a\u0647\u0627\u0643. \u0625\u0630\u0627 \u0639\u0644\u0645\u0646\u0627 \u0628\u0648\u062c\u0648\u062f \u0623\u064a \u0627\u0646\u062a\u0647\u0627\u0643\u0627\u062a \u0642\u0627\u0646\u0648\u0646\u064a\u0629\u060c \u0633\u0646\u0642\u0648\u0645 \u0628\u0625\u0632\u0627\u0644\u0629 \u0647\u0630\u0647 \u0627\u0644\u0631\u0648\u0627\u0628\u0637 \u0639\u0644\u0649 \u0627\u0644\u0641\u0648\u0631.<\/p>\n<p><strong>\u062d\u0642\u0648\u0642 \u0627\u0644\u0637\u0628\u0639 \u0648\u0627\u0644\u0646\u0634\u0631<\/strong><\/p>\n<p>\u064a\u062e\u0636\u0639 \u0627\u0644\u0645\u062d\u062a\u0648\u0649 \u0648\u0627\u0644\u0623\u0639\u0645\u0627\u0644 \u0627\u0644\u062a\u064a \u0623\u0646\u0634\u0623\u0647\u0627 \u0645\u0634\u063a\u0644\u0648 \u0627\u0644\u0645\u0648\u0642\u0639 \u0639\u0644\u0649 \u0647\u0630\u0647 \u0627\u0644\u0635\u0641\u062d\u0627\u062a \u0644\u0642\u0627\u0646\u0648\u0646 \u062d\u0642\u0648\u0642 \u0627\u0644\u0646\u0634\u0631 \u0627\u0644\u0623\u0644\u0645\u0627\u0646\u064a. \u0648\u064a\u062a\u0637\u0644\u0628 \u0627\u0644\u0646\u0633\u062e \u0648\u0627\u0644\u0645\u0639\u0627\u0644\u062c\u0629 \u0648\u0627\u0644\u062a\u0648\u0632\u064a\u0639 \u0648\u0623\u064a \u0646\u0648\u0639 \u0645\u0646 \u0627\u0644\u0627\u0633\u062a\u062e\u062f\u0627\u0645 \u062e\u0627\u0631\u062c \u062d\u062f\u0648\u062f \u0642\u0627\u0646\u0648\u0646 \u062d\u0642\u0648\u0642 \u0627\u0644\u0646\u0634\u0631 \u0645\u0648\u0627\u0641\u0642\u0629 \u062e\u0637\u064a\u0629 \u0645\u0646 \u0627\u0644\u0645\u0624\u0644\u0641 \u0623\u0648 \u0627\u0644\u0645\u0628\u062f\u0639 \u0627\u0644\u0645\u0639\u0646\u064a. \u0644\u0627 \u064a\u064f\u0633\u0645\u062d \u0628\u062a\u0646\u0632\u064a\u0644 \u0648\u0646\u0633\u062e \u0647\u0630\u0627 \u0627\u0644\u0645\u0648\u0642\u0639 \u0625\u0644\u0627 \u0644\u0644\u0627\u0633\u062a\u062e\u062f\u0627\u0645 \u0627\u0644\u062e\u0627\u0635 \u063a\u064a\u0631 \u0627\u0644\u062a\u062c\u0627\u0631\u064a. \u0648\u0628\u0642\u062f\u0631 \u0645\u0627 \u0623\u0646 \u0627\u0644\u0645\u062d\u062a\u0648\u0649 \u0627\u0644\u0645\u0648\u062c\u0648\u062f \u0639\u0644\u0649 \u0647\u0630\u0627 \u0627\u0644\u0645\u0648\u0642\u0639 \u0644\u0645 \u064a\u062a\u0645 \u0625\u0646\u0634\u0627\u0624\u0647 \u0645\u0646 \u0642\u0628\u0644 \u0627\u0644\u0645\u0634\u063a\u0644\u060c \u064a\u062a\u0645 \u0627\u062d\u062a\u0631\u0627\u0645 \u062d\u0642\u0648\u0642 \u0627\u0644\u062a\u0623\u0644\u064a\u0641 \u0648\u0627\u0644\u0646\u0634\u0631 \u0627\u0644\u062e\u0627\u0635\u0629 \u0628\u0627\u0644\u0623\u0637\u0631\u0627\u0641 \u0627\u0644\u062b\u0627\u0644\u062b\u0629. \u0648\u0639\u0644\u0649 \u0648\u062c\u0647 \u0627\u0644\u062e\u0635\u0648\u0635\u060c \u064a\u062a\u0645 \u062a\u0635\u0646\u064a\u0641 \u0645\u062d\u062a\u0648\u0649 \u0627\u0644\u0637\u0631\u0641 \u0627\u0644\u062b\u0627\u0644\u062b \u0639\u0644\u0649 \u0647\u0630\u0627 \u0627\u0644\u0646\u062d\u0648. \u0625\u0630\u0627 \u0639\u0644\u0645\u062a \u0645\u0639 \u0630\u0644\u0643 \u0628\u0627\u0646\u062a\u0647\u0627\u0643 \u062d\u0642\u0648\u0642 \u0627\u0644\u0637\u0628\u0639 \u0648\u0627\u0644\u0646\u0634\u0631\u060c \u064a\u064f\u0631\u062c\u0649 \u0625\u0628\u0644\u0627\u063a\u0646\u0627 \u0628\u0630\u0644\u0643. \u0625\u0630\u0627 \u0639\u0644\u0645\u0646\u0627 \u0628\u0623\u064a \u0627\u0646\u062a\u0647\u0627\u0643\u0627\u062a\u060c \u0633\u0646\u0642\u0648\u0645 \u0628\u0625\u0632\u0627\u0644\u0629 \u0647\u0630\u0627 \u0627\u0644\u0645\u062d\u062a\u0648\u0649 \u0639\u0644\u0649 \u0627\u0644\u0641\u0648\u0631.<\/p>\t\t\t\t\t\t\t\t<\/div>\n\t\t\t\t<\/div>\n\t\t\t\t\t<\/div>\n\t\t<\/div>\n\t\t\t\t\t<\/div>\n\t\t<\/section>\n\t\t\t\t\t<\/div>\n\t\t<\/div>\n\t\t\t\t\t<\/div>\n\t\t<\/section>\n\t\t\t\t<\/div>","protected":false},"excerpt":{"rendered":"<p>Impressum Angaben gem\u00e4\u00df \u00a7 5 TMG: BSM \u2013 Bildungsst\u00e4tte f\u00fcr Schwei\u00df- und MetalltechnikBonnstra\u00dfe 489 50354 H\u00fcrth Generalbevollm\u00e4chtigter:Klaus Kutzner Kontakt: Telefon: 0223 343501E-Mail: info@bsm-schweisserausbildung.de Hinweis auf EU-StreitschlichtungDie Europ\u00e4ische Kommission stellt eine Plattform zur Online-Streitbeilegung (OS) bereit: http:\/\/ec.europa.eu\/consumers\/odrUnsere E-Mail-Adresse finden sie oben im Impressum. Das Unternehmen BSM \u2013 Bildungsst\u00e4tte f\u00fcr Schwei\u00df- und Metalltechnik&nbsp;ist bereit, an Streitbeilegungsverfahren bei [&hellip;]<\/p>\n","protected":false},"author":2,"featured_media":0,"parent":0,"menu_order":0,"comment_status":"closed","ping_status":"closed","template":"","meta":{"footnotes":""},"class_list":["post-454","page","type-page","status-publish","hentry"],"_links":{"self":[{"href":"https:\/\/bsm-schweisserausbildung.de\/ar\/wp-json\/wp\/v2\/pages\/454","targetHints":{"allow":["GET"]}}],"collection":[{"href":"https:\/\/bsm-schweisserausbildung.de\/ar\/wp-json\/wp\/v2\/pages"}],"about":[{"href":"https:\/\/bsm-schweisserausbildung.de\/ar\/wp-json\/wp\/v2\/types\/page"}],"author":[{"embeddable":true,"href":"https:\/\/bsm-schweisserausbildung.de\/ar\/wp-json\/wp\/v2\/users\/2"}],"replies":[{"embeddable":true,"href":"https:\/\/bsm-schweisserausbildung.de\/ar\/wp-json\/wp\/v2\/comments?post=454"}],"version-history":[{"count":10,"href":"https:\/\/bsm-schweisserausbildung.de\/ar\/wp-json\/wp\/v2\/pages\/454\/revisions"}],"predecessor-version":[{"id":1820,"href":"https:\/\/bsm-schweisserausbildung.de\/ar\/wp-json\/wp\/v2\/pages\/454\/revisions\/1820"}],"wp:attachment":[{"href":"https:\/\/bsm-schweisserausbildung.de\/ar\/wp-json\/wp\/v2\/media?parent=454"}],"curies":[{"name":"\u062f\u0628\u0644\u064a\u0648 \u0628\u064a","href":"https:\/\/api.w.org\/{rel}","templated":true}]}}