{"id":2777,"date":"2026-01-07T09:06:10","date_gmt":"2026-01-07T08:06:10","guid":{"rendered":"https:\/\/bsm-schweisserausbildung.de\/?page_id=2777"},"modified":"2026-02-19T12:56:24","modified_gmt":"2026-02-19T11:56:24","slug":"ueberblick","status":"publish","type":"page","link":"https:\/\/bsm-schweisserausbildung.de\/ar\/ueberblick\/","title":{"rendered":"\u0644\u0645\u062d\u0629 \u0639\u0627\u0645\u0629"},"content":{"rendered":"<div data-elementor-type=\"wp-page\" data-elementor-id=\"2777\" class=\"elementor elementor-2777\" data-elementor-post-type=\"page\">\n\t\t\t\t\t\t<section class=\"elementor-section elementor-top-section elementor-element elementor-element-483a579f elementor-section-content-middle elementor-section-boxed elementor-section-height-default elementor-section-height-default\" data-id=\"483a579f\" data-element_type=\"section\" data-e-type=\"section\" data-settings=\"{&quot;background_background&quot;:&quot;classic&quot;}\">\n\t\t\t\t\t\t<div class=\"elementor-container elementor-column-gap-no\">\n\t\t\t\t\t<div class=\"elementor-column elementor-col-100 elementor-top-column elementor-element elementor-element-355b3e9f\" data-id=\"355b3e9f\" data-element_type=\"column\" data-e-type=\"column\">\n\t\t\t<div class=\"elementor-widget-wrap elementor-element-populated\">\n\t\t\t\t\t\t<section class=\"elementor-section elementor-inner-section elementor-element elementor-element-78319fb0 elementor-section-boxed elementor-section-height-default elementor-section-height-default\" data-id=\"78319fb0\" data-element_type=\"section\" data-e-type=\"section\">\n\t\t\t\t\t\t<div class=\"elementor-container elementor-column-gap-default\">\n\t\t\t\t\t<div class=\"elementor-column elementor-col-100 elementor-inner-column elementor-element elementor-element-749a0c34\" data-id=\"749a0c34\" data-element_type=\"column\" data-e-type=\"column\">\n\t\t\t<div class=\"elementor-widget-wrap elementor-element-populated\">\n\t\t\t\t\t\t<div class=\"elementor-element elementor-element-721d987a elementor-widget elementor-widget-heading\" data-id=\"721d987a\" data-element_type=\"widget\" data-e-type=\"widget\" data-widget_type=\"heading.default\">\n\t\t\t\t<div class=\"elementor-widget-container\">\n\t\t\t\t\t<h2 class=\"elementor-heading-title elementor-size-default\">\u062f\u0648\u0631\u0627\u062a\u0646\u0627: \u0645\u0639\u062a\u0645\u062f\u0629 \u0645\u0646 T\u00dcV \u0648\u0645\u0639\u062a\u0631\u0641 \u0628\u0647\u0627 \u0641\u064a \u062c\u0645\u064a\u0639 \u0623\u0646\u062d\u0627\u0621 \u0627\u0644\u0639\u0627\u0644\u0645! <\/h2>\t\t\t\t<\/div>\n\t\t\t\t<\/div>\n\t\t\t\t\t<\/div>\n\t\t<\/div>\n\t\t\t\t\t<\/div>\n\t\t<\/section>\n\t\t\t\t\t<\/div>\n\t\t<\/div>\n\t\t\t\t\t<\/div>\n\t\t<\/section>\n\t\t\t\t<section class=\"elementor-section elementor-top-section elementor-element elementor-element-1aaae713 elementor-section-boxed elementor-section-height-default elementor-section-height-default\" data-id=\"1aaae713\" data-element_type=\"section\" data-e-type=\"section\">\n\t\t\t\t\t\t<div class=\"elementor-container elementor-column-gap-default\">\n\t\t\t\t\t<div class=\"elementor-column elementor-col-100 elementor-top-column elementor-element elementor-element-62f3d4b2\" data-id=\"62f3d4b2\" data-element_type=\"column\" data-e-type=\"column\">\n\t\t\t<div class=\"elementor-widget-wrap elementor-element-populated\">\n\t\t\t\t\t\t<div class=\"elementor-element elementor-element-b67d107 elementor-widget elementor-widget-heading\" data-id=\"b67d107\" data-element_type=\"widget\" data-e-type=\"widget\" data-widget_type=\"heading.default\">\n\t\t\t\t<div class=\"elementor-widget-container\">\n\t\t\t\t\t<h2 class=\"elementor-heading-title elementor-size-default\">\u0633\u0648\u0627\u0621 \u0643\u0646\u062a \u062a\u0628\u062f\u0623 \u0645\u0646 \u0627\u0644\u0635\u0641\u0631 \u0623\u0648 \u062a\u0631\u064a\u062f \u062a\u062c\u062f\u064a\u062f \u0634\u0647\u0627\u062f\u062a\u0643 - \u0633\u062a\u0633\u0627\u0639\u062f\u0643 \u0647\u0630\u0647 \u0627\u0644\u0645\u0639\u0644\u0648\u0645\u0627\u062a \u0639\u0644\u0649 \u062a\u062a\u0628\u0639 \u0643\u0644 \u0634\u064a\u0621!\n\n<\/h2>\t\t\t\t<\/div>\n\t\t\t\t<\/div>\n\t\t\t\t<section class=\"elementor-section elementor-inner-section elementor-element elementor-element-e60b4a elementor-section-boxed elementor-section-height-default elementor-section-height-default\" data-id=\"e60b4a\" data-element_type=\"section\" data-e-type=\"section\">\n\t\t\t\t\t\t<div class=\"elementor-container elementor-column-gap-default\">\n\t\t\t\t\t<div class=\"elementor-column elementor-col-100 elementor-inner-column elementor-element elementor-element-48ab4047\" data-id=\"48ab4047\" data-element_type=\"column\" data-e-type=\"column\">\n\t\t\t<div class=\"elementor-widget-wrap elementor-element-populated\">\n\t\t\t\t\t\t<div class=\"elementor-element elementor-element-41810a48 elementor-widget elementor-widget-text-editor\" data-id=\"41810a48\" data-element_type=\"widget\" data-e-type=\"widget\" data-widget_type=\"text-editor.default\">\n\t\t\t\t<div class=\"elementor-widget-container\">\n\t\t\t\t\t\t\t\t\t<p style=\"font-weight: 400;\"><strong>\u0641\u062a\u0631\u0627\u062a \u0627\u0644\u062a\u062f\u0631\u064a\u0628<\/strong>\u0645\u0646 \u0627\u0644\u0627\u062b\u0646\u064a\u0646 \u0625\u0644\u0649 \u0627\u0644\u062c\u0645\u0639\u0629 \u0645\u0646 \u0627\u0644\u0633\u0627\u0639\u0629 07:30 \u0625\u0644\u0649 \u0627\u0644\u0633\u0627\u0639\u0629 15:30.<\/p><p style=\"font-weight: 400;\"><strong>\u0645\u062f\u0629 \u0627\u0644\u062f\u0648\u0631\u0627\u062a \u0627\u0644\u062a\u062f\u0631\u064a\u0628\u064a\u0629:<\/strong> \u0643\u0644 \u0639\u0644\u0649 \u062d\u062f\u0629\u060c \u0627\u0639\u062a\u0645\u0627\u062f\u0627\u064b \u0639\u0644\u0649 \u0627\u0644\u0634\u0647\u0627\u062f\u0627\u062a \u0627\u0644\u0645\u0637\u0644\u0648\u0628\u0629 \u0648\u0639\u0644\u0649 \u201e\u0627\u062e\u062a\u0628\u0627\u0631 \u0627\u0644\u0645\u0647\u0627\u0631\u0627\u062a \u0627\u0644\u064a\u062f\u0648\u064a\u0629\u201c (\u0627\u0644\u0627\u062e\u062a\u0628\u0627\u0631 \u0627\u0644\u0639\u0645\u0644\u064a \u0627\u0644\u0630\u064a \u064a\u062e\u062a\u0628\u0631 \u0627\u0644\u0645\u0647\u0627\u0631\u0627\u062a \u0641\u064a \u0627\u0644\u062a\u0639\u0627\u0645\u0644 \u0645\u0639 \u0627\u0644\u0623\u062f\u0648\u0627\u062a \u0648\u0627\u0644\u0645\u0648\u0627\u062f) \u0627\u0644\u0630\u064a \u064a\u062a\u0645 \u0625\u062c\u0631\u0627\u0624\u0647 \u0645\u0633\u0628\u0642\u0627\u064b.<\/p><p style=\"font-weight: 400;\"><strong>\u0645\u0639\u0646\u0627\u060c \u064a\u0645\u0643\u0646\u0643 \u0627\u0644\u062a\u0623\u0647\u0644 \u0645\u0639\u0646\u0627 \u0643\u0639\u0627\u0645\u0644 \u0644\u062d\u0627\u0645 \u0645\u0639\u062a\u0645\u062f \u0645\u0646 T\u00dcV \u0641\u064a \u0639\u0645\u0644\u064a\u0627\u062a \u0627\u0644\u0644\u062d\u0627\u0645 \u0627\u0644\u062a\u0627\u0644\u064a\u0629<\/strong>:<\/p><ul><li style=\"font-weight: 400;\">\u0627\u0644\u0644\u062d\u0627\u0645 \u0628\u0627\u0644\u0642\u0648\u0633 \u0627\u0644\u0643\u0647\u0631\u0628\u0627\u0626\u064a \u0627\u0644\u064a\u062f\u0648\u064a,<\/li><li style=\"font-weight: 400;\">MAG\u060c WIG \u0639\u0644\u0649 \u0627\u0644\u0641\u0648\u0644\u0627\u0630 \u0627\u0644\u0647\u064a\u0643\u0644\u064a \u063a\u064a\u0631 \u0627\u0644\u0645\u062e\u0644\u0648\u0637<\/li><li style=\"font-weight: 400;\">TIG \u0639\u0644\u0649 \u0641\u0648\u0644\u0627\u0630 \u0646\u064a\u0643\u0644 \u0627\u0644\u0643\u0631\u0648\u0645 \u0648\u0627\u0644\u0646\u064a\u0643\u0644,<\/li><li style=\"font-weight: 400;\">\u0627\u0644\u062c\u0645\u0639 \u0628\u064a\u0646 \u0639\u0645\u0644\u064a\u0627\u062a \u0627\u0644\u0644\u062d\u0627\u0645 \u0627\u0644\u0645\u062e\u062a\u0644\u0641\u0629 \u0645\u0645\u0643\u0646 \u0623\u064a\u0636\u064b\u0627!<\/li><li style=\"font-weight: 400;\">\u062a\u062a\u0623\u0644\u0641 \u0643\u0644 \u0639\u0645\u0644\u064a\u0629 \u0644\u062d\u0627\u0645 \u0645\u0646 6 \u0648\u062d\u062f\u0627\u062a \u062a\u0639\u062a\u0645\u062f \u0639\u0644\u0649 \u0628\u0639\u0636\u0647\u0627 \u0627\u0644\u0628\u0639\u0636 \u0648\u062a\u0636\u0645\u0646 \u062a\u0623\u0647\u064a\u0644\u0627\u064b \u0634\u0627\u0645\u0644\u0627\u064b.<\/li><\/ul><div>\u00a0<\/div><p style=\"font-weight: 400;\"><strong>\u0634\u0647\u0627\u062f\u0627\u062a \u0627\u0644\u0644\u062d\u0627\u0645<\/strong><\/p><ul style=\"font-weight: 400;\"><li>\u0627\u0644\u0645\u0639\u0627\u064a\u064a\u0631 \u0627\u0644\u0648\u0627\u0631\u062f\u0629 \u0641\u064a DIN EN ISO 9606-1\/2<\/li><li>\u064a\u0645\u0643\u0646 \u0644\u0644\u0645\u0645\u0627\u0631\u0633\u064a\u0646 (\u0639\u0645\u0627\u0644 \u0627\u0644\u0644\u062d\u0627\u0645) \u0625\u062c\u0631\u0627\u0621 \u0647\u0630\u0647 \u0627\u0644\u0627\u062e\u062a\u0628\u0627\u0631\u0627\u062a<\/li><li>\u0628\u0639\u062f \u0627\u062c\u062a\u064a\u0627\u0632 \u0627\u0644\u0627\u0645\u062a\u062d\u0627\u0646: \u0627\u0644\u0634\u0647\u0627\u062f\u0629<\/li><li>\u0634\u0647\u0627\u062f\u0629 \u062a\u062e\u0648\u0644 \u0627\u0633\u062a\u062e\u062f\u0627\u0645 \u0645\u0647\u0627\u0631\u0627\u062a \u0627\u0644\u0644\u062d\u0627\u0645 \u0641\u064a \u0645\u0643\u0627\u0646 \u0627\u0644\u0639\u0645\u0644 \u0644\u0645\u062f\u0629 3 \u0633\u0646\u0648\u0627\u062a<\/li><\/ul><div>\u00a0<\/div><p style=\"font-weight: 400;\"><strong>\u062f\u0648\u0631\u0627\u062a \u062a\u062f\u0631\u064a\u0628\u064a\u0629 \u0645\u0639\u064a\u0627\u0631\u064a\u0629 \u0641\u064a \u062a\u0643\u0646\u0648\u0644\u0648\u062c\u064a\u0627 \u0627\u0644\u0644\u062d\u0627\u0645<\/strong><\/p><ul style=\"font-weight: 400;\"><li>\u062a\u062a\u0643\u0648\u0646 \u0645\u0646 \u0648\u062d\u062f\u0627\u062a \u0645\u062e\u062a\u0644\u0641\u0629\u060c \u0645\u062a\u062f\u0631\u062c\u0629 \u062d\u0633\u0628 \u0645\u0633\u062a\u0648\u0649 \u0627\u0644\u0635\u0639\u0648\u0628\u0629<\/li><li>\u0646\u0638\u0627\u0645 \u0645\u0631\u0646\u060c \u0645\u062e\u0635\u0635 \u0644\u0644\u0627\u062d\u062a\u064a\u0627\u062c\u0627\u062a \u0627\u0644\u0641\u0631\u062f\u064a\u0629<\/li><li>\u0642\u0645 \u0628\u062a\u0648\u0633\u064a\u0639 \u0627\u0644\u0645\u0647\u0627\u0631\u0627\u062a \u0627\u0644\u0639\u0645\u0644\u064a\u0629 \u0648\u0627\u0644\u0645\u0639\u0631\u0641\u0629 \u0627\u0644\u0646\u0638\u0631\u064a\u0629 \u0648\u0641\u0642\u064b\u0627 \u0644\u0623\u0647\u062f\u0627\u0641\u0643 \u0627\u0644\u062e\u0627\u0635\u0629<\/li><li>\u0643\u0644 \u0648\u062d\u062f\u0629 \u0645\u0639\u062a\u0645\u062f\u0629 \u0648\u0641\u0642\u064b\u0627 \u0644\u0645\u0639\u0627\u064a\u064a\u0631 AZAV<\/li><\/ul><div>\u00a0<\/div><p style=\"font-weight: 400;\"><strong>\u0627\u0644\u0645\u062c\u0645\u0648\u0639\u0629 \u0627\u0644\u0645\u0633\u062a\u0647\u062f\u0641\u0629 \u0645\u0646 \u0627\u0644\u062f\u0648\u0631\u0627\u062a \u0627\u0644\u0645\u0639\u064a\u0627\u0631\u064a\u0629<\/strong><\/p><ul style=\"font-weight: 400;\"><li>\u0627\u0644\u0628\u0627\u0644\u063a\u0648\u0646 \u0630\u0648\u0648 \u0627\u0644\u062e\u0628\u0631\u0629 \u0627\u0644\u064a\u062f\u0648\u064a\u0629<\/li><li>\u064a\u062a\u0645 \u062a\u0646\u0627\u0648\u0644\u0647\u0627 \u0628\u0634\u0643\u0644 \u062e\u0627\u0635: \u0627\u0644\u0623\u0634\u062e\u0627\u0635 \u0627\u0644\u0630\u064a\u0646 \u0644\u062f\u064a\u0647\u0645 \u0642\u0633\u0627\u0626\u0645 \u062a\u062f\u0631\u064a\u0628\u060c \u0648\u0645\u0642\u062f\u0645\u0648 \u062a\u0623\u0645\u064a\u0646 \u0627\u0644\u062a\u0642\u0627\u0639\u062f\u060c \u0648\u0627\u0644\u0644\u062d\u0627\u0645\u0648\u0646 \u0627\u0644\u0630\u064a\u0646 \u064a\u062d\u062a\u0627\u062c\u0648\u0646 \u0625\u0644\u0649 \u062a\u062c\u062f\u064a\u062f \u0623\u0648 \u062a\u0645\u062f\u064a\u062f \u0634\u0647\u0627\u062f\u062a\u0647\u0645<\/li><\/ul><div>\u00a0<\/div><p style=\"font-weight: 400;\"><strong>\u00a0\u0647\u0644 \u0644\u062f\u064a\u0643 \u0623\u064a \u0623\u0633\u0626\u0644\u0629\u061f \u0625\u0630\u0646 \u0627\u062a\u0635\u0644 \u0628\u0646\u0627 - \u0646\u062d\u0646 \u0646\u062a\u0637\u0644\u0639 \u0625\u0644\u0649 \u0627\u0644\u0627\u0633\u062a\u0645\u0627\u0639 \u0625\u0644\u064a\u0643!<\/strong><\/p><p style=\"font-weight: 400;\">\u062a\u062d\u062f\u062b \u0645\u0628\u0627\u0634\u0631\u0629 \u0625\u0644\u0649 \u0645\u062f\u064a\u0631 \u0627\u0644\u062a\u062f\u0631\u064a\u0628 \u0644\u062f\u064a\u0646\u0627 \u0627\u0644\u0633\u064a\u062f \u062f\u0648\u062c\u0627\u0646 \u0633\u064a\u0646\u064a\u0631! \u0647\u0627\u062a\u0641\u00a0<a href=\"tel:0172\/7358016\">0172\/7358016<\/a>\u00a0\u0623\u0648\u00a0<a href=\"tel:0223343501\">02233 43501<\/a><\/p>\t\t\t\t\t\t\t\t<\/div>\n\t\t\t\t<\/div>\n\t\t\t\t\t<\/div>\n\t\t<\/div>\n\t\t\t\t\t<\/div>\n\t\t<\/section>\n\t\t\t\t\t<\/div>\n\t\t<\/div>\n\t\t\t\t\t<\/div>\n\t\t<\/section>\n\t\t\t\t<\/div>","protected":false},"excerpt":{"rendered":"<p>Unsere Kurse: T\u00dcV-gepr\u00fcft und weltweit anerkannt! Ob du neu startest oder dein Zertifikat erneuern m\u00f6chtest \u2013 diese Infos helfen dir, den \u00dcberblick zu behalten! Ausbildungszeiten: Montags bis Freitags von 07:30 Uhr bis 15:30 Uhr. Ausbildungsdauer der Lehrg\u00e4nge: individuell, abh\u00e4ngig von den ben\u00f6tigten Zertifikaten und von der im Vorfeld durchgef\u00fchrten \u201eHandfertigkeitsprobe\u201c (praktische Pr\u00fcfung, die F\u00e4higkeiten im [&hellip;]<\/p>\n","protected":false},"author":1,"featured_media":0,"parent":0,"menu_order":0,"comment_status":"closed","ping_status":"closed","template":"","meta":{"footnotes":""},"class_list":["post-2777","page","type-page","status-publish","hentry"],"_links":{"self":[{"href":"https:\/\/bsm-schweisserausbildung.de\/ar\/wp-json\/wp\/v2\/pages\/2777","targetHints":{"allow":["GET"]}}],"collection":[{"href":"https:\/\/bsm-schweisserausbildung.de\/ar\/wp-json\/wp\/v2\/pages"}],"about":[{"href":"https:\/\/bsm-schweisserausbildung.de\/ar\/wp-json\/wp\/v2\/types\/page"}],"author":[{"embeddable":true,"href":"https:\/\/bsm-schweisserausbildung.de\/ar\/wp-json\/wp\/v2\/users\/1"}],"replies":[{"embeddable":true,"href":"https:\/\/bsm-schweisserausbildung.de\/ar\/wp-json\/wp\/v2\/comments?post=2777"}],"version-history":[{"count":10,"href":"https:\/\/bsm-schweisserausbildung.de\/ar\/wp-json\/wp\/v2\/pages\/2777\/revisions"}],"predecessor-version":[{"id":3017,"href":"https:\/\/bsm-schweisserausbildung.de\/ar\/wp-json\/wp\/v2\/pages\/2777\/revisions\/3017"}],"wp:attachment":[{"href":"https:\/\/bsm-schweisserausbildung.de\/ar\/wp-json\/wp\/v2\/media?parent=2777"}],"curies":[{"name":"\u062f\u0628\u0644\u064a\u0648 \u0628\u064a","href":"https:\/\/api.w.org\/{rel}","templated":true}]}}