{"id":2678,"date":"2025-12-22T10:32:49","date_gmt":"2025-12-22T09:32:49","guid":{"rendered":"https:\/\/bsm-schweisserausbildung.de\/?page_id=2678"},"modified":"2026-01-14T10:39:38","modified_gmt":"2026-01-14T09:39:38","slug":"deutsch-fuer-den-beruf","status":"publish","type":"page","link":"https:\/\/bsm-schweisserausbildung.de\/ar\/deutsch-fuer-den-beruf\/","title":{"rendered":"\u0627\u0644\u0623\u0644\u0645\u0627\u0646\u064a\u0629 \u0644\u0644\u0648\u0638\u064a\u0641\u0629"},"content":{"rendered":"<div data-elementor-type=\"wp-page\" data-elementor-id=\"2678\" class=\"elementor elementor-2678\" data-elementor-post-type=\"page\">\n\t\t\t\t\t\t<section class=\"elementor-section elementor-top-section elementor-element elementor-element-2c38f67d elementor-section-height-min-height elementor-section-full_width elementor-section-items-stretch elementor-section-content-middle elementor-section-height-default\" data-id=\"2c38f67d\" data-element_type=\"section\" data-e-type=\"section\" data-settings=\"{&quot;background_background&quot;:&quot;classic&quot;}\">\n\t\t\t\t\t\t<div class=\"elementor-container elementor-column-gap-default\">\n\t\t\t\t\t<div class=\"elementor-column elementor-col-50 elementor-top-column elementor-element elementor-element-1a8dae1d\" data-id=\"1a8dae1d\" data-element_type=\"column\" data-e-type=\"column\" data-settings=\"{&quot;background_background&quot;:&quot;classic&quot;}\">\n\t\t\t<div class=\"elementor-widget-wrap elementor-element-populated\">\n\t\t\t\t\t\t<div class=\"elementor-element elementor-element-26886104 elementor-widget elementor-widget-heading\" data-id=\"26886104\" data-element_type=\"widget\" data-e-type=\"widget\" data-widget_type=\"heading.default\">\n\t\t\t\t<div class=\"elementor-widget-container\">\n\t\t\t\t\t<h1 class=\"elementor-heading-title elementor-size-default\">\u0627\u0644\u0623\u0644\u0645\u0627\u0646\u064a\u0629 \u0644\u0644\u0648\u0638\u064a\u0641\u0629<\/h1>\t\t\t\t<\/div>\n\t\t\t\t<\/div>\n\t\t\t\t<div class=\"elementor-element elementor-element-3046166 elementor-widget elementor-widget-heading\" data-id=\"3046166\" data-element_type=\"widget\" data-e-type=\"widget\" data-widget_type=\"heading.default\">\n\t\t\t\t<div class=\"elementor-widget-container\">\n\t\t\t\t\t<h2 class=\"elementor-heading-title elementor-size-default\">\u0639\u0631\u0636\u0646\u0627 \u0644\u0644\u0645\u0647\u0627\u062c\u0631\u064a\u0646, <br>\u0627\u0644\u0644\u0627\u062c\u0626\u0648\u0646 \u0648\u0627\u0644\u0645\u0634\u0627\u0631\u0643\u0648\u0646 \u0627\u0644\u0630\u064a\u0646 \u064a\u062a\u062d\u062f\u062b\u0648\u0646 \u0627\u0644\u0623\u0644\u0645\u0627\u0646\u064a\u0629 \u0643\u0644\u063a\u0629 \u063a\u064a\u0631 \u0623\u0635\u0644\u064a\u0629<\/h2>\t\t\t\t<\/div>\n\t\t\t\t<\/div>\n\t\t\t\t\t<\/div>\n\t\t<\/div>\n\t\t\t\t<div class=\"elementor-column elementor-col-50 elementor-top-column elementor-element elementor-element-65850b9a\" data-id=\"65850b9a\" data-element_type=\"column\" data-e-type=\"column\" data-settings=\"{&quot;background_background&quot;:&quot;classic&quot;}\">\n\t\t\t<div class=\"elementor-widget-wrap\">\n\t\t\t\t\t\t\t<\/div>\n\t\t<\/div>\n\t\t\t\t\t<\/div>\n\t\t<\/section>\n\t\t\t\t<section class=\"elementor-section elementor-top-section elementor-element elementor-element-7e501676 elementor-section-boxed elementor-section-height-default elementor-section-height-default\" data-id=\"7e501676\" data-element_type=\"section\" data-e-type=\"section\">\n\t\t\t\t\t\t<div class=\"elementor-container elementor-column-gap-default\">\n\t\t\t\t\t<div class=\"elementor-column elementor-col-100 elementor-top-column elementor-element elementor-element-49c9d018\" data-id=\"49c9d018\" data-element_type=\"column\" data-e-type=\"column\">\n\t\t\t<div class=\"elementor-widget-wrap elementor-element-populated\">\n\t\t\t\t\t\t<section class=\"elementor-section elementor-inner-section elementor-element elementor-element-782df3f6 elementor-section-boxed elementor-section-height-default elementor-section-height-default\" data-id=\"782df3f6\" data-element_type=\"section\" data-e-type=\"section\">\n\t\t\t\t\t\t<div class=\"elementor-container elementor-column-gap-default\">\n\t\t\t\t\t<div class=\"elementor-column elementor-col-100 elementor-inner-column elementor-element elementor-element-3eea53c4\" data-id=\"3eea53c4\" data-element_type=\"column\" data-e-type=\"column\">\n\t\t\t<div class=\"elementor-widget-wrap elementor-element-populated\">\n\t\t\t\t\t\t<div class=\"elementor-element elementor-element-7f9cf5ee elementor-widget elementor-widget-text-editor\" data-id=\"7f9cf5ee\" data-element_type=\"widget\" data-e-type=\"widget\" data-widget_type=\"text-editor.default\">\n\t\t\t\t<div class=\"elementor-widget-container\">\n\t\t\t\t\t\t\t\t\t<p style=\"font-weight: 400; font-size: 26px;\"><strong>\u0647\u0644 \u062a\u0631\u063a\u0628 \u0641\u064a \u0623\u0646 \u062a\u0635\u0628\u062d \u0639\u0627\u0645\u0644 \u0644\u062d\u0627\u0645 \u0648\u0644\u0643\u0646 \u0645\u0647\u0627\u0631\u0627\u062a\u0643 \u0641\u064a \u0627\u0644\u0644\u063a\u0629 \u0627\u0644\u0623\u0644\u0645\u0627\u0646\u064a\u0629 \u0644\u064a\u0633\u062a \u062c\u064a\u062f\u0629 \u0628\u0639\u062f\u061f \u0644\u0627 \u0645\u0634\u0643\u0644\u0629!<\/strong> <strong>\u064a\u0645\u0643\u0646\u0646\u0627 \u0645\u0633\u0627\u0639\u062f\u062a\u0643!<\/strong><\/p>\n<p style=\"font-weight: 400;\">\u062a\u0633\u062a\u0647\u062f\u0641 \u062f\u0648\u0631\u0627\u062a\u0646\u0627 \u0641\u064a \u0627\u0644\u0644\u063a\u0629 \u0627\u0644\u0623\u0644\u0645\u0627\u0646\u064a\u0629 \u0639\u0644\u0649 \u0648\u062c\u0647 \u0627\u0644\u062e\u0635\u0648\u0635 \u0627\u0644\u0623\u0634\u062e\u0627\u0635 \u0627\u0644\u0630\u064a\u0646 \u064a\u0628\u062d\u062b\u0648\u0646 \u0639\u0646 \u0648\u0638\u064a\u0641\u0629 \u0622\u0645\u0646\u0629 \u0648\u0630\u0627\u062a \u0623\u062c\u0631 \u062c\u064a\u062f - \u062d\u062a\u0649 \u0644\u0648 \u0644\u0645 \u064a\u0643\u0648\u0646\u0648\u0627 \u064a\u062a\u062d\u062f\u062b\u0648\u0646 \u0627\u0644\u0623\u0644\u0645\u0627\u0646\u064a\u0629 \u0628\u0637\u0644\u0627\u0642\u0629 \u0628\u0639\u062f.<\/p>\n<p style=\"font-weight: 400;\"><strong>\u0644\u0623\u0646\u0646\u0627 \u0646\u0639\u0644\u0645: <\/strong>\u064a\u062d\u062a\u0627\u062c \u0627\u0644\u0639\u062f\u064a\u062f \u0645\u0646 \u0627\u0644\u0644\u0627\u062c\u0626\u064a\u0646 \u0648\u0627\u0644\u0645\u0647\u0627\u062c\u0631\u064a\u0646 \u0625\u0644\u0649 \u0628\u062f\u0627\u064a\u0629 \u0633\u0631\u064a\u0639\u0629 \u0644\u062d\u064a\u0627\u062a\u0647\u0645 \u0627\u0644\u0645\u0647\u0646\u064a\u0629 \u0648\u0627\u0644\u0634\u0639\u0648\u0631 \u0628\u0623\u0646\u0647\u0645 \u0641\u064a \u0648\u0637\u0646\u0647\u0645, <strong>\u0627\u0644\u062a\u0631\u062d\u064a\u0628 \u0648\u0627\u0644\u062a\u0643\u0627\u0645\u0644<\/strong> \u0623\u0646 \u062a\u0643\u0648\u0646. \u0647\u0630\u0627 \u0647\u0648 \u0628\u0627\u0644\u0636\u0628\u0637 \u0645\u0627 \u0646\u0631\u064a\u062f \u0645\u0633\u0627\u0639\u062f\u062a\u0643 \u0641\u064a\u0647.<\/p>\n<p style=\"font-weight: 400;\"><strong>\u0627\u0644\u0644\u063a\u0629 \u0627\u0644\u0623\u0644\u0645\u0627\u0646\u064a\u0629 \u0627\u0644\u0627\u062d\u062a\u0631\u0627\u0641\u064a\u0629 \u0627\u0644\u062a\u064a \u0633\u062a\u062f\u0641\u0639\u0643 \u0625\u0644\u0649 \u0627\u0644\u0623\u0645\u0627\u0645 - \u0645\u0628\u0627\u0634\u0631\u0629 \u0625\u0644\u0649 \u0627\u0644\u0639\u0645\u0644.<\/strong><\/p>\n<p style=\"font-weight: 400;\">\u0646\u062d\u0646 \u0646\u062f\u0639\u0645\u0643 \u0645\u0646 \u062e\u0644\u0627\u0644 \u062f\u0648\u0631\u0627\u062a \u0627\u0644\u0644\u063a\u0629 \u0627\u0644\u062e\u0627\u0635\u0629 \u0627\u0644\u062a\u064a \u0646\u0642\u062f\u0645\u0647\u0627 \u0644\u0643\u060c \u0645\u0627 \u064a\u0633\u0645\u0649 \u0628\u0640 <strong>\u062f\u0639\u0645 \u0627\u0644\u0644\u063a\u0629 \u0627\u0644\u0623\u0644\u0645\u0627\u0646\u064a\u0629 \u0630\u0627\u062a \u0627\u0644\u0635\u0644\u0629 \u0628\u0627\u0644\u0648\u0638\u064a\u0641\u0629.<\/strong> \u0633\u062a\u062a\u0639\u0644\u0645 \u0641\u064a \u062f\u0648\u0631\u0629 \u0627\u0644\u0644\u063a\u0629 \u0627\u0644\u0623\u0644\u0645\u0627\u0646\u064a\u0629 \u0644\u062f\u064a\u0646\u0627 \u0623\u0647\u0645 \u0627\u0644\u0645\u0635\u0637\u0644\u062d\u0627\u062a \u0648\u0627\u0644\u062a\u0639\u0627\u0628\u064a\u0631 \u0627\u0644\u062a\u064a \u0633\u062a\u062d\u062a\u0627\u062c\u0647\u0627 \u0644\u0627\u062d\u0642\u0627\u064b \u0641\u064a \u0645\u0647\u0646\u0629 \u0627\u0644\u0644\u062d\u0627\u0645 - \u0628\u0637\u0631\u064a\u0642\u0629 \u0639\u0645\u0644\u064a\u0629 \u0648\u0645\u0641\u0647\u0648\u0645\u0629.<\/p>\n<p style=\"font-weight: 400;\"><strong>\u0645\u0627 \u064a\u0645\u0643\u0646\u0643 \u062a\u0648\u0642\u0639\u0647: <\/strong><\/p>\n\n<ul style=\"font-weight: 400;\">\n \t<li><strong>270 \u0633\u0627\u0639\u0629 \u0645\u0646 \u0627\u0644\u062f\u0631\u0648\u0633<\/strong><\/li>\n \t<li><strong>\u0627\u0644\u062a\u062f\u0631\u064a\u0628 \u0627\u0644\u0644\u063a\u0648\u064a \u0627\u0644\u0645\u0631\u062a\u0628\u0637 \u0645\u0628\u0627\u0634\u0631\u0629 \u0628\u0645\u0647\u0646\u0629 \u0627\u0644\u0644\u062d\u0627\u0645<\/strong><\/li>\n \t<li><strong>\u0627\u0644\u062f\u0639\u0645 \u0627\u0644\u0641\u0631\u062f\u064a\n<\/strong><\/li>\n<\/ul>\n<p style=\"font-weight: 400;\"><strong>\n\u0645\u0646 \u0627\u0644\u062c\u064a\u062f \u0623\u0646 \u062a\u0639\u0631\u0641<\/strong><\/p>\n<p style=\"font-weight: 400;\">\u0627\u0644\u062f\u0648\u0631\u0627\u062a \u0647\u064a <strong>\u0645\u062c\u0627\u0646\u0627\u064b<\/strong>, \u0625\u0630\u0627 \u0643\u0627\u0646 \u0644\u062f\u064a\u0643 <strong>\u0642\u0633\u064a\u0645\u0629 \u0627\u0644\u062a\u0639\u0644\u064a\u0645 \u0645\u0646 \u0627\u0644\u0645\u0643\u062a\u0628<\/strong> \u0627\u062d\u0635\u0644 \u0639\u0644\u064a\u0647\u0627. \u064a\u0645\u0643\u0646\u0643 \u0627\u0644\u062a\u0642\u062f\u0645 \u0628\u0637\u0644\u0628 \u0644\u0644\u062d\u0635\u0648\u0644 \u0639\u0644\u0649 \u0642\u0633\u064a\u0645\u0629 \u0627\u0644\u062a\u0639\u0644\u064a\u0645 \u0647\u0630\u0647 \u0641\u064a \u0645\u0631\u0643\u0632 \u0627\u0644\u062a\u0648\u0638\u064a\u0641 \u0623\u0648 \u0645\u0643\u062a\u0628 \u0627\u0644\u062a\u0648\u0638\u064a\u0641. <strong>\u0633\u0648\u0641 \u0646\u062f\u0639\u0645\u0643! <\/strong><\/p>\n<p style=\"font-weight: 400;\">\u062d\u062a\u0649 \u062a\u062a\u0645\u0643\u0646 \u0645\u0646 \u0627\u0644\u062a\u0631\u0643\u064a\u0632 \u0628\u0627\u0644\u0643\u0627\u0645\u0644 \u0639\u0644\u0649 \u0645\u0633\u062a\u0642\u0628\u0644\u0643 - \u062f\u0648\u0646 \u0623\u064a \u0645\u062e\u0627\u0648\u0641 \u0645\u0627\u0644\u064a\u0629!<\/p>\n<p style=\"font-weight: 400;\"><strong>\u0647\u0644 \u0644\u062f\u064a\u0643 \u0623\u064a \u0623\u0633\u0626\u0644\u0629\u061f \u0646\u062d\u0646 \u0647\u0646\u0627 \u0645\u0646 \u0623\u062c\u0644\u0643!<\/strong><\/p>\n<p style=\"font-weight: 400;\">\u0633\u0648\u0627\u0621 \u0643\u0646\u062a \u062a\u0631\u063a\u0628 \u0641\u064a \u0645\u0639\u0631\u0641\u0629 \u0627\u0644\u0645\u0632\u064a\u062f \u0639\u0646 \u062f\u0648\u0631\u0627\u062a\u0646\u0627 \u0623\u0648 \u062a\u062d\u062a\u0627\u062c \u0625\u0644\u0649 \u0645\u0633\u0627\u0639\u062f\u0629 \u0641\u064a \u0627\u0644\u062a\u0633\u062c\u064a\u0644 - \u064a\u0633\u0639\u062f\u0646\u0627 \u0645\u0633\u0627\u0639\u062f\u062a\u0643!<\/p>\n<p style=\"font-weight: 400;\"><strong>\u00a0\u0647\u0644 \u0644\u062f\u064a\u0643 \u0623\u064a \u0623\u0633\u0626\u0644\u0629\u061f \u0625\u0630\u0646 \u0627\u062a\u0635\u0644 \u0628\u0646\u0627 - \u0646\u062d\u0646 \u0646\u062a\u0637\u0644\u0639 \u0625\u0644\u0649 \u0627\u0644\u0627\u0633\u062a\u0645\u0627\u0639 \u0625\u0644\u064a\u0643!<\/strong><\/p>\n<p style=\"font-weight: 400;\">\u062a\u062d\u062f\u062b \u0645\u0628\u0627\u0634\u0631\u0629 \u0625\u0644\u0649 \u0645\u062f\u064a\u0631 \u0627\u0644\u062a\u062f\u0631\u064a\u0628 \u0644\u062f\u064a\u0646\u0627 \u0627\u0644\u0633\u064a\u062f \u062f\u0648\u062c\u0627\u0646 \u0633\u064a\u0646\u064a\u0631! \u0647\u0627\u062a\u0641\u00a0<a href=\"tel:0172\/7358016\">0172\/7358016<\/a>\u00a0\u0623\u0648\u00a0<a href=\"tel:0223343501\">02233 43501<\/a><\/p>\n<p style=\"font-weight: 400;\"><\/p>\t\t\t\t\t\t\t\t<\/div>\n\t\t\t\t<\/div>\n\t\t\t\t\t<\/div>\n\t\t<\/div>\n\t\t\t\t\t<\/div>\n\t\t<\/section>\n\t\t\t\t\t<\/div>\n\t\t<\/div>\n\t\t\t\t\t<\/div>\n\t\t<\/section>\n\t\t\t\t<\/div>","protected":false},"excerpt":{"rendered":"<p>Deutsch f\u00fcr den Beruf unser Angebot f\u00fcr Migrantinnen und Migranten, Gefl\u00fcchtete und Teilnehmende mit Deutsch als Nicht-Muttersprache Du m\u00f6chtest Schwei\u00dfer werden, aber deine Deutschkenntnisse sind noch nicht so gut? Kein Problem! Wir helfen dir! Unsere Deutschkurse richten sich besonders an Menschen, die einen sicheren und gut bezahlten Job suchen \u2013 auch wenn sie noch nicht [&hellip;]<\/p>\n","protected":false},"author":1,"featured_media":0,"parent":0,"menu_order":0,"comment_status":"closed","ping_status":"closed","template":"","meta":{"footnotes":""},"class_list":["post-2678","page","type-page","status-publish","hentry"],"_links":{"self":[{"href":"https:\/\/bsm-schweisserausbildung.de\/ar\/wp-json\/wp\/v2\/pages\/2678","targetHints":{"allow":["GET"]}}],"collection":[{"href":"https:\/\/bsm-schweisserausbildung.de\/ar\/wp-json\/wp\/v2\/pages"}],"about":[{"href":"https:\/\/bsm-schweisserausbildung.de\/ar\/wp-json\/wp\/v2\/types\/page"}],"author":[{"embeddable":true,"href":"https:\/\/bsm-schweisserausbildung.de\/ar\/wp-json\/wp\/v2\/users\/1"}],"replies":[{"embeddable":true,"href":"https:\/\/bsm-schweisserausbildung.de\/ar\/wp-json\/wp\/v2\/comments?post=2678"}],"version-history":[{"count":10,"href":"https:\/\/bsm-schweisserausbildung.de\/ar\/wp-json\/wp\/v2\/pages\/2678\/revisions"}],"predecessor-version":[{"id":2836,"href":"https:\/\/bsm-schweisserausbildung.de\/ar\/wp-json\/wp\/v2\/pages\/2678\/revisions\/2836"}],"wp:attachment":[{"href":"https:\/\/bsm-schweisserausbildung.de\/ar\/wp-json\/wp\/v2\/media?parent=2678"}],"curies":[{"name":"\u062f\u0628\u0644\u064a\u0648 \u0628\u064a","href":"https:\/\/api.w.org\/{rel}","templated":true}]}}