{"id":1738,"date":"2023-09-06T15:25:27","date_gmt":"2023-09-06T13:25:27","guid":{"rendered":"http:\/\/bsm.bbk-cloud.de\/?page_id=1738"},"modified":"2026-02-19T12:43:24","modified_gmt":"2026-02-19T11:43:24","slug":"traeger","status":"publish","type":"page","link":"https:\/\/bsm-schweisserausbildung.de\/ar\/traeger\/","title":{"rendered":"\u0648\u0633\u064a\u0637 \u0627\u0644\u0639\u0645\u0644"},"content":{"rendered":"<div data-elementor-type=\"wp-page\" data-elementor-id=\"1738\" class=\"elementor elementor-1738\" data-elementor-post-type=\"page\">\n\t\t\t\t\t\t<section class=\"elementor-section elementor-top-section elementor-element elementor-element-720f96cc elementor-section-height-min-height elementor-section-full_width elementor-section-items-stretch elementor-section-content-middle elementor-section-height-default\" data-id=\"720f96cc\" data-element_type=\"section\" data-e-type=\"section\" data-settings=\"{&quot;background_background&quot;:&quot;classic&quot;}\">\n\t\t\t\t\t\t<div class=\"elementor-container elementor-column-gap-default\">\n\t\t\t\t\t<div class=\"elementor-column elementor-col-50 elementor-top-column elementor-element elementor-element-5b61b998\" data-id=\"5b61b998\" data-element_type=\"column\" data-e-type=\"column\" data-settings=\"{&quot;background_background&quot;:&quot;classic&quot;}\">\n\t\t\t<div class=\"elementor-widget-wrap elementor-element-populated\">\n\t\t\t\t\t\t<div class=\"elementor-element elementor-element-15cbce37 elementor-widget elementor-widget-heading\" data-id=\"15cbce37\" data-element_type=\"widget\" data-e-type=\"widget\" data-widget_type=\"heading.default\">\n\t\t\t\t<div class=\"elementor-widget-container\">\n\t\t\t\t\t<h1 class=\"elementor-heading-title elementor-size-default\">Kostentr\u00e4ger\/Partnerunternehmen<\/h1>\t\t\t\t<\/div>\n\t\t\t\t<\/div>\n\t\t\t\t\t<\/div>\n\t\t<\/div>\n\t\t\t\t<div class=\"elementor-column elementor-col-50 elementor-top-column elementor-element elementor-element-ff952dc\" data-id=\"ff952dc\" data-element_type=\"column\" data-e-type=\"column\" data-settings=\"{&quot;background_background&quot;:&quot;classic&quot;}\">\n\t\t\t<div class=\"elementor-widget-wrap\">\n\t\t\t\t\t\t\t<\/div>\n\t\t<\/div>\n\t\t\t\t\t<\/div>\n\t\t<\/section>\n\t\t\t\t<section class=\"elementor-section elementor-top-section elementor-element elementor-element-5f14d35a elementor-section-boxed elementor-section-height-default elementor-section-height-default\" data-id=\"5f14d35a\" data-element_type=\"section\" data-e-type=\"section\">\n\t\t\t\t\t\t<div class=\"elementor-container elementor-column-gap-default\">\n\t\t\t\t\t<div class=\"elementor-column elementor-col-100 elementor-top-column elementor-element elementor-element-6ad9d67e\" data-id=\"6ad9d67e\" data-element_type=\"column\" data-e-type=\"column\">\n\t\t\t<div class=\"elementor-widget-wrap elementor-element-populated\">\n\t\t\t\t\t\t<section class=\"elementor-section elementor-inner-section elementor-element elementor-element-5bd04db4 elementor-section-content-middle elementor-section-boxed elementor-section-height-default elementor-section-height-default\" data-id=\"5bd04db4\" data-element_type=\"section\" data-e-type=\"section\">\n\t\t\t\t\t\t<div class=\"elementor-container elementor-column-gap-default\">\n\t\t\t\t\t<div class=\"elementor-column elementor-col-100 elementor-inner-column elementor-element elementor-element-e1318ff\" data-id=\"e1318ff\" data-element_type=\"column\" data-e-type=\"column\">\n\t\t\t<div class=\"elementor-widget-wrap elementor-element-populated\">\n\t\t\t\t\t\t<div class=\"elementor-element elementor-element-3f56e7cf elementor-widget elementor-widget-heading\" data-id=\"3f56e7cf\" data-element_type=\"widget\" data-e-type=\"widget\" data-widget_type=\"heading.default\">\n\t\t\t\t<div class=\"elementor-widget-container\">\n\t\t\t\t\t<h2 class=\"elementor-heading-title elementor-size-default\">\u0644\u0642\u062f \u0639\u0645\u0644\u0646\u0627 \u0639\u0646 \u0643\u062b\u0628 \u0648\u0628\u062b\u0642\u0629 \u0645\u0639 \u0645\u0631\u0627\u0643\u0632 \u0627\u0644\u062a\u0648\u0638\u064a\u0641 \u0648\u0648\u0643\u0627\u0644\u0629 \u0627\u0644\u062a\u0648\u0638\u064a\u0641 \u0644\u0633\u0646\u0648\u0627\u062a \u0639\u062f\u064a\u062f\u0629.\n<\/h2>\t\t\t\t<\/div>\n\t\t\t\t<\/div>\n\t\t\t\t\t<\/div>\n\t\t<\/div>\n\t\t\t\t\t<\/div>\n\t\t<\/section>\n\t\t\t\t<section class=\"elementor-section elementor-inner-section elementor-element elementor-element-2af97a78 elementor-section-boxed elementor-section-height-default elementor-section-height-default\" data-id=\"2af97a78\" data-element_type=\"section\" data-e-type=\"section\">\n\t\t\t\t\t\t<div class=\"elementor-container elementor-column-gap-default\">\n\t\t\t\t\t<div class=\"elementor-column elementor-col-100 elementor-inner-column elementor-element elementor-element-2860b043\" data-id=\"2860b043\" data-element_type=\"column\" data-e-type=\"column\">\n\t\t\t<div class=\"elementor-widget-wrap elementor-element-populated\">\n\t\t\t\t\t\t<div class=\"elementor-element elementor-element-5492bbaa elementor-widget elementor-widget-text-editor\" data-id=\"5492bbaa\" data-element_type=\"widget\" data-e-type=\"widget\" data-widget_type=\"text-editor.default\">\n\t\t\t\t<div class=\"elementor-widget-container\">\n\t\t\t\t\t\t\t\t\t<p>\u062a\u062a\u0645 \u0645\u0646\u0627\u0642\u0634\u0629 \u0627\u0644\u0623\u0647\u062f\u0627\u0641 \u0648\u0627\u0644\u062a\u0642\u062f\u0645 \u0627\u0644\u0645\u062d\u0631\u0632 \u0641\u064a \u0625\u0639\u0627\u062f\u0629 \u0625\u062f\u0645\u0627\u062c \u0643\u0644 \u0645\u0634\u0627\u0631\u0643 \u0639\u0644\u0649 \u0641\u062a\u0631\u0627\u062a \u0645\u0646\u062a\u0638\u0645\u0629 \u0645\u0639 \u0643\u0644\u062a\u0627 \u0627\u0644\u0645\u0624\u0633\u0633\u062a\u064a\u0646. \u0648\u062a\u064f\u0638\u0647\u0631 \u0627\u0644\u062a\u0642\u0627\u0631\u064a\u0631 \u0627\u0644\u0645\u0631\u062d\u0644\u064a\u0629 \u0648\u0627\u0644\u0646\u0647\u0627\u0626\u064a\u0629 \u0628\u0627\u0644\u0625\u0636\u0627\u0641\u0629 \u0625\u0644\u0649 \u0625\u0639\u062f\u0627\u062f \u062f\u0631\u0627\u0633\u0629 \u0627\u0633\u062a\u0642\u0635\u0627\u0626\u064a\u0629 \u0644\u0644\u0646\u062c\u0627\u062d \u0641\u064a \u0646\u0647\u0627\u064a\u0629 \u0628\u0631\u0646\u0627\u0645\u062c \u0625\u0639\u0627\u062f\u0629 \u0627\u0644\u0625\u062f\u0645\u0627\u062c \u0627\u0644\u0645\u0647\u0646\u064a \u0627\u0644\u062a\u0642\u062f\u0645 \u0627\u0644\u0645\u062d\u0631\u0632:<\/p><p><strong>\u0645\u0639\u062f\u0644\u0627\u062a \u0627\u0644\u062a\u0646\u0633\u064a\u0628 \u0644\u062f\u064a\u0646\u0627<\/strong> \u062b\u0627\u0628\u062a\u0629<strong> \u0628\u0646\u0633\u0628\u0629 95-98 \u0641\u064a \u0627\u0644\u0645\u0627\u0626\u0629. <\/strong>\u0648\u0647\u0630\u0627 \u064a\u062f\u0644 \u0639\u0644\u0649 \u0623\u0646 \u062a\u062f\u0627\u0628\u064a\u0631\u0646\u0627 \u0641\u0639\u0627\u0644\u0629 \u0648\u062a\u0633\u0627\u0639\u062f \u0627\u0644\u0645\u062a\u062f\u0631\u0628\u064a\u0646 \u0639\u0644\u0649 \u0625\u064a\u062c\u0627\u062f \u0648\u0638\u064a\u0641\u0629 \u0645\u0646\u0627\u0633\u0628\u0629 \u0628\u0633\u0631\u0639\u0629.<\/p>\t\t\t\t\t\t\t\t<\/div>\n\t\t\t\t<\/div>\n\t\t\t\t\t<\/div>\n\t\t<\/div>\n\t\t\t\t\t<\/div>\n\t\t<\/section>\n\t\t\t\t\t<\/div>\n\t\t<\/div>\n\t\t\t\t\t<\/div>\n\t\t<\/section>\n\t\t\t\t<section class=\"elementor-section elementor-top-section elementor-element elementor-element-b90edb1 elementor-section-boxed elementor-section-height-default elementor-section-height-default\" data-id=\"b90edb1\" data-element_type=\"section\" data-e-type=\"section\">\n\t\t\t\t\t\t<div class=\"elementor-container elementor-column-gap-default\">\n\t\t\t\t\t<div class=\"elementor-column elementor-col-100 elementor-top-column elementor-element elementor-element-0f37c4c\" data-id=\"0f37c4c\" data-element_type=\"column\" data-e-type=\"column\">\n\t\t\t<div class=\"elementor-widget-wrap elementor-element-populated\">\n\t\t\t\t\t\t<section class=\"elementor-section elementor-inner-section elementor-element elementor-element-6b30dbb elementor-section-content-middle elementor-section-boxed elementor-section-height-default elementor-section-height-default\" data-id=\"6b30dbb\" data-element_type=\"section\" data-e-type=\"section\">\n\t\t\t\t\t\t<div class=\"elementor-container elementor-column-gap-default\">\n\t\t\t\t\t<div class=\"elementor-column elementor-col-100 elementor-inner-column elementor-element elementor-element-50122e6\" data-id=\"50122e6\" data-element_type=\"column\" data-e-type=\"column\">\n\t\t\t<div class=\"elementor-widget-wrap elementor-element-populated\">\n\t\t\t\t\t\t<div class=\"elementor-element elementor-element-2474643 elementor-widget elementor-widget-heading\" data-id=\"2474643\" data-element_type=\"widget\" data-e-type=\"widget\" data-widget_type=\"heading.default\">\n\t\t\t\t<div class=\"elementor-widget-container\">\n\t\t\t\t\t<h2 class=\"elementor-heading-title elementor-size-default\">\u0634\u0631\u0643\u0627\u062a \u0627\u0644\u062a\u0648\u0638\u064a\u0641\/\u0627\u0644\u0634\u0631\u0643\u0627\u062a \u0627\u0644\u0634\u0631\u064a\u0643\u0629 \u0644\u062f\u064a\u0646\u0627<\/h2>\t\t\t\t<\/div>\n\t\t\t\t<\/div>\n\t\t\t\t\t<\/div>\n\t\t<\/div>\n\t\t\t\t\t<\/div>\n\t\t<\/section>\n\t\t\t\t<section class=\"elementor-section elementor-inner-section elementor-element elementor-element-21f7e8a elementor-section-boxed elementor-section-height-default elementor-section-height-default\" data-id=\"21f7e8a\" data-element_type=\"section\" data-e-type=\"section\">\n\t\t\t\t\t\t<div class=\"elementor-container elementor-column-gap-default\">\n\t\t\t\t\t<div class=\"elementor-column elementor-col-100 elementor-inner-column elementor-element elementor-element-7086b0e\" data-id=\"7086b0e\" data-element_type=\"column\" data-e-type=\"column\">\n\t\t\t<div class=\"elementor-widget-wrap elementor-element-populated\">\n\t\t\t\t\t\t<div class=\"elementor-element elementor-element-a3c439e elementor-widget elementor-widget-text-editor\" data-id=\"a3c439e\" data-element_type=\"widget\" data-e-type=\"widget\" data-widget_type=\"text-editor.default\">\n\t\t\t\t<div class=\"elementor-widget-container\">\n\t\t\t\t\t\t\t\t\t<p>\u0646\u062d\u0646 \u0646\u0639\u0645\u0644 \u0645\u0639 \u0645\u062c\u0645\u0648\u0639\u0629 \u0648\u0627\u0633\u0639\u0629 \u0645\u0646 \u0627\u0644\u0634\u0631\u0643\u0627\u062a \u0648\u0646\u0642\u0648\u0645 \u0628\u062a\u0639\u064a\u064a\u0646\u0643 \u0645\u0628\u0627\u0634\u0631\u0629 \u0641\u064a \u0648\u0638\u064a\u0641\u0629 \u0645\u0646\u0627\u0633\u0628\u0629!<\/p><p>\u062a\u0642\u0648\u0645 \u0627\u0644\u0639\u062f\u064a\u062f \u0645\u0646 \u0627\u0644\u0634\u0631\u0643\u0627\u062a \u0628\u062a\u0648\u0638\u064a\u0641 \u0645\u062a\u062f\u0631\u0628\u064a\u0646\u0627 \u0645\u0628\u0627\u0634\u0631\u0629\u064b \u0628\u0639\u062f \u062a\u062f\u0631\u064a\u0628\u0647\u0645 \u0644\u0623\u0646\u0647\u0645 \u064a\u0639\u0644\u0645\u0648\u0646 \u0623\u0646\u0647 \u064a\u0645\u0643\u0646\u0647\u0645 \u0627\u0644\u0627\u0639\u062a\u0645\u0627\u062f \u0639\u0644\u064a\u0647\u0645: \u0639\u0645\u0627\u0644\u0646\u0627 \u0627\u0644\u0645\u0647\u0631\u0629 \u0645\u0648\u062b\u0648\u0642\u0648\u0646 \u0648\u0645\u0624\u0647\u0644\u0648\u0646. \u0644\u0623\u0646\u0646\u0627 \u062d\u0627\u0635\u0644\u0648\u0646 \u0639\u0644\u0649 \u0634\u0647\u0627\u062f\u0629 AZAV - \u062c\u0648\u062f\u0629 \u0645\u0639\u062a\u0645\u062f\u0629!<\/p><p>\u0641\u0647\u0645 \u064a\u062a\u0639\u0631\u0641\u0648\u0646 \u0628\u0627\u0644\u0641\u0639\u0644 \u0639\u0644\u0649 \u0627\u0644\u0639\u062f\u064a\u062f \u0645\u0646 \u0627\u0644\u0634\u0631\u0643\u0627\u062a \u0623\u062b\u0646\u0627\u0621 \u062a\u062f\u0631\u064a\u0628\u0647\u0645 \u0648\u062a\u062f\u0631\u064a\u0628\u0647\u0645 \u0627\u0644\u062f\u0627\u062e\u0644\u064a - \u0648\u0647\u0646\u0627\u0643 \u0628\u0627\u0644\u062a\u062d\u062f\u064a\u062f \u064a\u062a\u0644\u0642\u0648\u0646 \u0641\u064a \u0643\u062b\u064a\u0631 \u0645\u0646 \u0627\u0644\u0623\u062d\u064a\u0627\u0646 \u0639\u0631\u0648\u0636 \u0639\u0645\u0644 \u0645\u0628\u0627\u0634\u0631\u0629.<\/p><p><strong>\u0647\u0644 \u062a\u0631\u063a\u0628 \u0623\u064a\u0636\u0627\u064b \u0641\u064a \u0627\u0644\u0639\u0645\u0644 \u0645\u0639\u0646\u0627\u061f<\/strong><\/p><p>\u062b\u0645 \u0623\u0631\u0633\u0644 \u0644\u0646\u0627 \u062a\u0641\u0627\u0635\u064a\u0644 \u0627\u0644\u0627\u062a\u0635\u0627\u0644 \u0627\u0644\u062e\u0627\u0635\u0629 \u0628\u0643 \u0623\u0648 \u0627\u062a\u0635\u0644 \u0628\u0646\u0627 \u0639\u0628\u0631 \u0627\u0644\u0628\u0631\u064a\u062f \u0627\u0644\u0625\u0644\u0643\u062a\u0631\u0648\u0646\u064a \u0623\u0648 \u0627\u0644\u0647\u0627\u062a\u0641: 0172\/7358016\u060c 02233-43501\u061b \u0627\u0644\u0628\u0631\u064a\u062f \u0627\u0644\u0625\u0644\u0643\u062a\u0631\u0648\u0646\u064a: info@bsm-schweisserausbildung.de<\/p><p><strong>\u0633\u0646\u0639\u0627\u0648\u062f \u0627\u0644\u0627\u062a\u0635\u0627\u0644 \u0628\u0643 \u0633\u0631\u064a\u0639\u0627\u064b!<\/strong><\/p><p><strong>\u0634\u0631\u0643\u0627\u0624\u0646\u0627<\/strong><\/p>\t\t\t\t\t\t\t\t<\/div>\n\t\t\t\t<\/div>\n\t\t\t\t<div class=\"elementor-element elementor-element-4eed128 elementor-arrows-position-inside elementor-pagination-position-outside elementor-widget elementor-widget-image-carousel\" data-id=\"4eed128\" data-element_type=\"widget\" data-e-type=\"widget\" data-settings=\"{&quot;slides_to_show&quot;:&quot;5&quot;,&quot;navigation&quot;:&quot;both&quot;,&quot;autoplay&quot;:&quot;yes&quot;,&quot;pause_on_hover&quot;:&quot;yes&quot;,&quot;pause_on_interaction&quot;:&quot;yes&quot;,&quot;autoplay_speed&quot;:5000,&quot;infinite&quot;:&quot;yes&quot;,&quot;speed&quot;:500}\" data-widget_type=\"image-carousel.default\">\n\t\t\t\t<div class=\"elementor-widget-container\">\n\t\t\t\t\t\t\t<div class=\"elementor-image-carousel-wrapper swiper\" role=\"region\" aria-roledescription=\"carousel\" aria-label=\"\u062f\u0648\u0651\u0627\u0631 \u0627\u0644\u0635\u0648\u0631\" dir=\"ltr\">\n\t\t\t<div class=\"elementor-image-carousel swiper-wrapper\" aria-live=\"off\">\n\t\t\t\t\t\t\t\t<div class=\"swiper-slide\" role=\"group\" aria-roledescription=\"slide\" aria-label=\"1 \u0437 5\" data-no-translation-aria-label=\"\"><figure class=\"swiper-slide-inner\"><img decoding=\"async\" class=\"swiper-slide-image\" src=\"https:\/\/bsm-schweisserausbildung.de\/wp-content\/uploads\/2026\/02\/6.png\" alt=\"6\" \/><\/figure><\/div><div class=\"swiper-slide\" role=\"group\" aria-roledescription=\"slide\" aria-label=\"2 \u0437 5\" data-no-translation-aria-label=\"\"><figure class=\"swiper-slide-inner\"><img decoding=\"async\" class=\"swiper-slide-image\" src=\"https:\/\/bsm-schweisserausbildung.de\/wp-content\/uploads\/2026\/02\/5.png\" alt=\"5\" \/><\/figure><\/div><div class=\"swiper-slide\" role=\"group\" aria-roledescription=\"slide\" aria-label=\"3 \u0437 5\" data-no-translation-aria-label=\"\"><figure class=\"swiper-slide-inner\"><img decoding=\"async\" class=\"swiper-slide-image\" src=\"https:\/\/bsm-schweisserausbildung.de\/wp-content\/uploads\/2026\/02\/4.png\" alt=\"4\" \/><\/figure><\/div><div class=\"swiper-slide\" role=\"group\" aria-roledescription=\"slide\" aria-label=\"4 \u0437 5\" data-no-translation-aria-label=\"\"><figure class=\"swiper-slide-inner\"><img decoding=\"async\" class=\"swiper-slide-image\" src=\"https:\/\/bsm-schweisserausbildung.de\/wp-content\/uploads\/2026\/02\/1.png\" alt=\"1\" \/><\/figure><\/div><div class=\"swiper-slide\" role=\"group\" aria-roledescription=\"slide\" aria-label=\"5 \u0437 5\" data-no-translation-aria-label=\"\"><figure class=\"swiper-slide-inner\"><img decoding=\"async\" class=\"swiper-slide-image\" src=\"https:\/\/bsm-schweisserausbildung.de\/wp-content\/uploads\/2026\/02\/7.png\" alt=\"7\" \/><\/figure><\/div>\t\t\t<\/div>\n\t\t\t\t\t\t\t\t\t\t\t\t<div class=\"elementor-swiper-button elementor-swiper-button-prev\" role=\"button\" tabindex=\"0\">\n\t\t\t\t\t\t<svg aria-hidden=\"true\" class=\"e-font-icon-svg e-eicon-chevron-left\" viewbox=\"0 0 1000 1000\" xmlns=\"http:\/\/www.w3.org\/2000\/svg\"><path d=\"M646 125C629 125 613 133 604 142L308 442C296 454 292 471 292 487 292 504 296 521 308 533L604 854C617 867 629 875 646 875 663 875 679 871 692 858 704 846 713 829 713 812 713 796 708 779 692 767L438 487 692 225C700 217 708 204 708 187 708 171 704 154 692 142 675 129 663 125 646 125Z\"><\/path><\/svg>\t\t\t\t\t<\/div>\n\t\t\t\t\t<div class=\"elementor-swiper-button elementor-swiper-button-next\" role=\"button\" tabindex=\"0\">\n\t\t\t\t\t\t<svg aria-hidden=\"true\" class=\"e-font-icon-svg e-eicon-chevron-right\" viewbox=\"0 0 1000 1000\" xmlns=\"http:\/\/www.w3.org\/2000\/svg\"><path d=\"M696 533C708 521 713 504 713 487 713 471 708 454 696 446L400 146C388 133 375 125 354 125 338 125 325 129 313 142 300 154 292 171 292 187 292 204 296 221 308 233L563 492 304 771C292 783 288 800 288 817 288 833 296 850 308 863 321 871 338 875 354 875 371 875 388 867 400 854L696 533Z\"><\/path><\/svg>\t\t\t\t\t<\/div>\n\t\t\t\t\n\t\t\t\t\t\t\t\t\t<div class=\"swiper-pagination\"><\/div>\n\t\t\t\t\t\t\t\t\t<\/div>\n\t\t\t\t\t\t<\/div>\n\t\t\t\t<\/div>\n\t\t\t\t\t<\/div>\n\t\t<\/div>\n\t\t\t\t\t<\/div>\n\t\t<\/section>\n\t\t\t\t\t<\/div>\n\t\t<\/div>\n\t\t\t\t\t<\/div>\n\t\t<\/section>\n\t\t\t\t<\/div>","protected":false},"excerpt":{"rendered":"<p>Kostentr\u00e4ger\/Partnerunternehmen Seit vielen Jahren arbeiten wir eng und vertrauensvoll mit den Jobcentern und der Agentur f\u00fcr Arbeit zusammen. In regelm\u00e4\u00dfigen Abst\u00e4nden erfolgt mit beiden Institutionen eine Abstimmung \u00fcber Ziele und Fortschritte bei der Wiedereingliederung jedes Teilnehmenden. Zwischen- und Endberichte sowie die Erstellung einer Erfolgserhebung nach Ende der beruflichen Wiedereingliederung zeigen: Unsere Vermittlungsquoten liegen konstant bei [&hellip;]<\/p>\n","protected":false},"author":1,"featured_media":0,"parent":0,"menu_order":0,"comment_status":"closed","ping_status":"closed","template":"","meta":{"footnotes":""},"class_list":["post-1738","page","type-page","status-publish","hentry"],"_links":{"self":[{"href":"https:\/\/bsm-schweisserausbildung.de\/ar\/wp-json\/wp\/v2\/pages\/1738","targetHints":{"allow":["GET"]}}],"collection":[{"href":"https:\/\/bsm-schweisserausbildung.de\/ar\/wp-json\/wp\/v2\/pages"}],"about":[{"href":"https:\/\/bsm-schweisserausbildung.de\/ar\/wp-json\/wp\/v2\/types\/page"}],"author":[{"embeddable":true,"href":"https:\/\/bsm-schweisserausbildung.de\/ar\/wp-json\/wp\/v2\/users\/1"}],"replies":[{"embeddable":true,"href":"https:\/\/bsm-schweisserausbildung.de\/ar\/wp-json\/wp\/v2\/comments?post=1738"}],"version-history":[{"count":11,"href":"https:\/\/bsm-schweisserausbildung.de\/ar\/wp-json\/wp\/v2\/pages\/1738\/revisions"}],"predecessor-version":[{"id":2978,"href":"https:\/\/bsm-schweisserausbildung.de\/ar\/wp-json\/wp\/v2\/pages\/1738\/revisions\/2978"}],"wp:attachment":[{"href":"https:\/\/bsm-schweisserausbildung.de\/ar\/wp-json\/wp\/v2\/media?parent=1738"}],"curies":[{"name":"\u062f\u0628\u0644\u064a\u0648 \u0628\u064a","href":"https:\/\/api.w.org\/{rel}","templated":true}]}}